{"id":3431,"date":"2023-07-06T11:11:20","date_gmt":"2023-07-06T09:11:20","guid":{"rendered":"https:\/\/leonresearch.com\/protecao-de-dados\/"},"modified":"2023-10-09T15:54:10","modified_gmt":"2023-10-09T13:54:10","slug":"politica-de-privacidade","status":"publish","type":"page","link":"https:\/\/leonresearch.com\/pt-pt\/politica-de-privacidade\/","title":{"rendered":"Prote\u00e7\u00e3o de dados pessoais de acordo com o RGPD"},"content":{"rendered":"\n<h1 class=\"wp-block-heading has-text-align-left\">Prote\u00e7\u00e3o de Dados Pessoais de acordo com RGPD<\/h1>\n\n<p>Le\u00f3n Research, S.L. ao abrigo da legisla\u00e7\u00e3o vigente em mat\u00e9ria de protec\u00e7\u00e3o de dados pessoais, informa que os dados pessoais recolhidos atrav\u00e9s dos formul\u00e1rios dispon\u00edveis no site: www.leonresearch.com, est\u00e3o inclu\u00eddos em ficheiros informatizados para servi\u00e7os espec\u00edficos do utilizador da Le\u00f3n Research, S.L.<\/p>\n\n<p>A recolha e o processamento de dados pessoais visam manter o relacionamento comercial e o desempenho em tarefas de informa\u00e7\u00e3o, treinamento, aconselhamento e outras atividades.<\/p>\n\n<p>Os dados apenas ser\u00e3o transferidos para as entidades que sejam necess\u00e1rias para o cumprimento da finalidade acima indicada.<\/p>\n\n<p>A Le\u00f3n Research, S.L. adotar\u00e1 as medidas necess\u00e1rias para garantir a seguran\u00e7a, a integridade e a confidencialidade dos dados, de acordo com as disposi\u00e7\u00f5es do Regulamento Geral de Prote\u00e7\u00e3o de Dados da UE (RGPD).<\/p>\n\n<p>O utilizador pode, a qualquer momento, exercer os seus direitos de acesso, oposi\u00e7\u00e3o, retifica\u00e7\u00e3o, limita\u00e7\u00e3o, portabilidade e cancelamento reconhecidos no Regulamento de Prote\u00e7\u00e3o de Dados. O utilizador pode exercer estes direitos gratuitamente atrav\u00e9s de correio eletr\u00f3nico para: <a href=\"mailto:personal.data.protection@leonresearch.com\">personal.data.protection@leonresearch.com<\/a> ou no endere\u00e7o: c\/ Nicostrato Vela s\/n M11.2, Parque Tecnol\u00f3gico Le\u00f3n, 24009 Le\u00f3n (Espanha).<\/p>\n\n<p>O cliente ou usu\u00e1rio declara que todas as informa\u00e7\u00f5es fornecidas por ele s\u00e3o verdadeiras e corretas e se compromete a mant\u00ea-las atualizadas, comunicando altera\u00e7\u00f5es \u00e0 Le\u00f3n Research, S.L..<\/p>\n\n<h2 class=\"wp-block-heading\">Finalidade do tratamento dos dados pessoais:<\/h2>\n\n<h3 class=\"wp-block-heading\">Qual ser\u00e1 a finalidade do tratamento dos seus dados pessoais?<\/h3>\n\n<p>Na Le\u00f3n Research, S.L., trataremos os seus dados pessoais recolhidos atrav\u00e9s dos websites: www.leonresearch.com, com as seguintes finalidades:<\/p>\n\n<p>Cumprir as obriga\u00e7\u00f5es comerciais, trabalhistas, societ\u00e1rias e cont\u00e1beis da empresa.<\/p>\n\n<p>Prestar os seus servi\u00e7os de acordo com as necessidades particulares dos clientes, de forma a cumprir os contratos por si assinados.<\/p>\n\n<p>Envio de informa\u00e7\u00f5es comerciais e newsletters sobre novos servi\u00e7os oferecidos na web e no setor.<\/p>\n\n<p>O processo de arquivamento, atualiza\u00e7\u00e3o de sistemas, prote\u00e7\u00e3o e salvaguarda de informa\u00e7\u00f5es e bancos de dados da empresa.<\/p>\n\n<p>Execute um contrato assinado remotamente com o usu\u00e1rio.<\/p>\n\n<p>Fornecer os servi\u00e7os contratados pelo usu\u00e1rio.<\/p>\n\n<p>Enviar informa\u00e7\u00f5es promocionais eletronicamente.<\/p>\n\n<p>Forne\u00e7a as informa\u00e7\u00f5es solicitadas pelo usu\u00e1rio atrav\u00e9s do formul\u00e1rio de contato.<\/p>\n\n<p>Gest\u00e3o de CVs e ferramentas de empregabilidade para os candidatos que forne\u00e7am os seus dados pessoais atrav\u00e9s de formul\u00e1rio web.<\/p>\n\n<p>Lembramos-lhe que pode se opor ao envio de comunica\u00e7\u00f5es comerciais por qualquer meio e a qualquer momento, enviando um e-mail para o endere\u00e7o acima indicado.<\/p>\n\n<p>Os campos destes registos s\u00e3o de preenchimento obrigat\u00f3rio, sendo imposs\u00edvel realizar os prop\u00f3sitos expressos se esses dados n\u00e3o forem fornecidos.<\/p>\n\n<h3 class=\"wp-block-heading\">Durante quanto tempo s\u00e3o conservados os dados pessoais recolhidos?<\/h3>\n\n<p>Os dados pessoais fornecidos ser\u00e3o guardados enquanto o relacionamento comercial for mantido, ou n\u00e3o for solicitada a sua elimina\u00e7\u00e3o, e durante o per\u00edodo em que possam surgir responsabilidades legais pelos servi\u00e7os prestados.<\/p>\n\n<h2 class=\"wp-block-heading\">Legitima\u00e7\u00e3o:<\/h2>\n\n<p>O tratamento dos seus dados ser\u00e1 feito com as seguintes bases legais que os legitimam:<\/p>\n\n<p>1. Pedido de informa\u00e7\u00e3o e\/ou contrata\u00e7\u00e3o dos servi\u00e7os da Le\u00f3n Research, S.L., cujos termos e condi\u00e7\u00f5es lhe ser\u00e3o disponibilizados em qualquer caso, antes de uma eventual contrata\u00e7\u00e3o.<\/p>\n\n<p>2. Consentimento livre, espec\u00edfico, informado e inequ\u00edvoco, como o informamos ao disponibilizar esta pol\u00edtica de privacidade, que ap\u00f3s ler a mesma, se concordar, poder\u00e1 aceitar por uma declara\u00e7\u00e3o ou a\u00e7\u00e3o clara afirmativa, como a marca\u00e7\u00e3o de uma caixa prevista para o efeito.<\/p>\n\n<p>Caso voc\u00ea n\u00e3o nos forne\u00e7a suas informa\u00e7\u00f5es ou as forne\u00e7a de forma incorreta ou incompleta, n\u00e3o poderemos atender a sua solicita\u00e7\u00e3o, uma vez que \u00e9 imposs\u00edvel fornecer as informa\u00e7\u00f5es solicitadas ou realizar a contrata\u00e7\u00e3o dos servi\u00e7os.<\/p>\n\n<h2 class=\"wp-block-heading\">Destinat\u00e1rios<\/h2>\n\n<p>Os dados n\u00e3o ser\u00e3o comunicados a terceiros fora da Le\u00f3n Research, S.L., exceto por obriga\u00e7\u00e3o legal.<\/p>\n\n<h2 class=\"wp-block-heading\">Dados recolhidos pelos usu\u00e1rios do servi\u00e7o:<\/h2>\n\n<p>Se o utilizador incluir ficheiros que contenham dados pessoais em servidores de alojamento partilhado, a Le\u00f3n Research, S.L. n\u00e3o se responsabiliza pelo incumprimento do Regulamento de Prote\u00e7\u00e3o de Dados por parte do utilizador.<\/p>\n\n<h2 class=\"wp-block-heading\">Direito de Propriedade Intelectual<\/h2>\n\n<p>Le\u00f3n Research, S.L. det\u00e9m todos os direitos autorais, propriedade intelectual, industrial, &#8220;know-how&#8221; e quaisquer outros direitos relacionados ao conte\u00fado dos websites www.leonresearch.com e com os servi\u00e7os neles oferecidos, bem como com os programas necess\u00e1rios \u00e0 sua implementa\u00e7\u00e3o e informa\u00e7\u00e3o relacionada.<\/p>\n\n<p>N\u00e3o est\u00e1 dispon\u00edvel qualquer reprodu\u00e7\u00e3o, publica\u00e7\u00e3o e\/ou utiliza\u00e7\u00e3o do conte\u00fado estritamente privado, total ou parcial, nos websites www.leonresearch.com sem autoriza\u00e7\u00e3o pr\u00e9via por escrito.<\/p>\n\n<h2 class=\"wp-block-heading\">Direitos de Propriedade Intelectual do Software<\/h2>\n\n<p>Voc\u00ea deve respeitar outros programas disponibilizados pela Le\u00f3n Research, S.L., enquanto estiver dispon\u00edvel gratuitamente e\/ou publicamente.<\/p>\n\n<p>Le\u00f3n Research, S.L. tem direitos de explora\u00e7\u00e3o e propriedade intelectual para o software necess\u00e1rio.<\/p>\n\n<p>O Usu\u00e1rio n\u00e3o adquire qualquer direito ou licen\u00e7a pelo servi\u00e7o contratado, pelo software necess\u00e1rio para fornecer o servi\u00e7o ou pelo rastreamento do servi\u00e7o de informa\u00e7\u00f5es t\u00e9cnicas, exceto os direitos e licen\u00e7as necess\u00e1rios no cumprimento dos servi\u00e7os contratados e somente pelo per\u00edodo de dura\u00e7\u00e3o dos mesmos. Em qualquer a\u00e7\u00e3o que exceda a execu\u00e7\u00e3o do contrato, o usu\u00e1rio precisar\u00e1 de permiss\u00e3o por escrito da Le\u00f3n Research, SL, sendo proibido ao usu\u00e1rio acessar, modificar, visualizar a configura\u00e7\u00e3o, estrutura e propriedade de arquivos do servidor da Le\u00f3n Research, SL, assumindo a responsabilidade civil e penal decorrentes de qualquer incidente que possa envolver servidores e sistemas de seguran\u00e7a como resultado direto de neglig\u00eancia ou m\u00e1 inten\u00e7\u00e3o da sua parte.<\/p>\n\n<h2 class=\"wp-block-heading\">Conte\u00fados de propriedade intelectual alojados no website<\/h2>\n\n<p>Utiliza\u00e7\u00e3o contr\u00e1ria ao direito de propriedade intelectual dos servi\u00e7os prestados por Le\u00f3n Research, S.L. e em particular:<\/p>\n\n<p>\u2022 Uso contr\u00e1rio \u00e0s leis espanholas ou que viole os direitos pessoais.<\/p>\n\n<p>\u2022 Publica\u00e7\u00e3o ou transmiss\u00e3o de qualquer conte\u00fado que, na opini\u00e3o da Le\u00f3n Research, S.L., seja violento, obsceno, abusivo, ilegal, racista, xen\u00f3fobo ou difamat\u00f3rio.<\/p>\n\n<p>\u2022 Rachaduras, n\u00fameros de s\u00e9rie de software ou qualquer outro conte\u00fado que viole direitos de propriedade intelectual de terceiros.<\/p>\n\n<p>&#8211; Recolher e\/ou utilizar dados pessoais de outros utilizadores sem o seu consentimento expresso ou contrariamente \u00e0s disposi\u00e7\u00f5es do Regulamento Geral sobre a Prote\u00e7\u00e3o de Dados (RGPD) da UE.<\/p>\n\n<p>Utiliza\u00e7\u00e3o de um servidor de e-mail e endere\u00e7os de e-mail para enviar mensagens em massa n\u00e3o solicitadas.<\/p>\n\n<p>O usu\u00e1rio tem total responsabilidade sobre o conte\u00fado de seu site, as informa\u00e7\u00f5es transmitidas e armazenadas, links de hipertexto, reclama\u00e7\u00f5es de terceiros e a\u00e7\u00f5es judiciais referentes a direitos de propriedade intelectual e prote\u00e7\u00e3o de menores.<\/p>\n\n<p>O utilizador \u00e9 respons\u00e1vel pelas leis e regulamentos em vigor e pelas regras relacionadas com a execu\u00e7\u00e3o de servi\u00e7os online, com\u00e9rcio eletr\u00f3nico, direitos de autor, manuten\u00e7\u00e3o da ordem p\u00fablica e princ\u00edpios universais na utiliza\u00e7\u00e3o da Internet.<\/p>\n\n<p>O utilizador indemniza a Le\u00f3n Research, S.L. por despesas que gerem alguma causa cuja responsabilidade seja imput\u00e1vel ao utilizador, incluindo honor\u00e1rios e despesas legais, mesmo que uma decis\u00e3o judicial n\u00e3o seja definitiva.<\/p>\n\n<h2 class=\"wp-block-heading\">Prote\u00e7\u00e3o da informa\u00e7\u00e3o alojada no website<\/h2>\n\n<p>Le\u00f3n Research, S.L. suporta conte\u00fados alojados nos seus servidores, mas n\u00e3o se responsabiliza pela perda ou elimina\u00e7\u00e3o acidental de dados pelos utilizadores. Da mesma forma, a substitui\u00e7\u00e3o n\u00e3o garante o total dos dados apagados pelos utilizadores, uma vez que tais dados poderiam ter sido apagados e\/ou modificados durante o per\u00edodo desde a \u00faltima c\u00f3pia de seguran\u00e7a.<\/p>\n\n<p>Os servi\u00e7os oferecidos, exceto servi\u00e7os espec\u00edficos de backup, n\u00e3o incluem a substitui\u00e7\u00e3o do conte\u00fado armazenado nos backups feitos por Le\u00f3n Research, S.L. quando esta perda for imput\u00e1vel ao utilizador; neste caso, a taxa ser\u00e1 determinada em fun\u00e7\u00e3o da complexidade e do volume da recupera\u00e7\u00e3o, sempre com a aceita\u00e7\u00e3o pr\u00e9via do utilizador.<\/p>\n\n<p>A substitui\u00e7\u00e3o de dados eliminados s\u00f3 pelo custo do servi\u00e7o quando a perda de conte\u00fado \u00e9 causada por causas atribu\u00edveis \u00e0 Le\u00f3n Research, S.L..<\/p>\n\n<h2 class=\"wp-block-heading\">Comunica\u00e7\u00f5es comerciais<\/h2>\n\n<p>De acordo com o LSSI. Le\u00f3n Research, S.L. n\u00e3o enviar\u00e1 publicidade ou comunica\u00e7\u00f5es promocionais por e-mail ou outros meios de comunica\u00e7\u00e3o eletr\u00f3nica que n\u00e3o tenham sido solicitadas anteriormente ou expressamente autorizadas pelo destinat\u00e1rio.<\/p>\n\n<p>Nos casos em que exista alguma rela\u00e7\u00e3o contratual pr\u00e9via, Le\u00f3n Research, S.L. est\u00e1 autorizada a enviar comunica\u00e7\u00f5es comerciais relativas a produtos ou servi\u00e7os semelhantes aos inicialmente contratados com o cliente.<\/p>\n\n<p>Em qualquer caso, o usu\u00e1rio pode solicitar que voc\u00ea n\u00e3o obtenha mais informa\u00e7\u00f5es comerciais atrav\u00e9s dos canais do cliente, mediante comprova\u00e7\u00e3o de identidade.<\/p>\n<!-- wp:themify-builder\/canvas \/-->","protected":false},"excerpt":{"rendered":"<p>Prote\u00e7\u00e3o de Dados Pessoais de acordo com RGPD Le\u00f3n Research, S.L. ao abrigo da legisla\u00e7\u00e3o vigente em mat\u00e9ria de protec\u00e7\u00e3o de dados pessoais, informa que os dados pessoais recolhidos atrav\u00e9s dos formul\u00e1rios dispon\u00edveis no site: www.leonresearch.com, est\u00e3o inclu\u00eddos em ficheiros informatizados para servi\u00e7os espec\u00edficos do utilizador da Le\u00f3n Research, S.L. A recolha e o processamento [&hellip;]<\/p>\n","protected":false},"author":3,"featured_media":0,"parent":0,"menu_order":0,"comment_status":"closed","ping_status":"open","template":"","meta":{"footnotes":""},"class_list":["post-3431","page","type-page","status-publish","hentry","has-post-title","has-post-date","has-post-category","has-post-tag","has-post-comment","has-post-author",""],"yoast_head":"<!-- This site is optimized with the Yoast SEO plugin v27.3 - https:\/\/yoast.com\/product\/yoast-seo-wordpress\/ -->\n<title>Prote\u00e7\u00e3o de dados pessoais de acordo com o RGPD &#8226; Leon Research<\/title>\n<meta name=\"description\" content=\"Prote\u00e7\u00e3o de Dados Pessoais de acordo com RGPD Le\u00f3n Research, S.L. ao abrigo da legisla\u00e7\u00e3o vigente em mat\u00e9ria de protec\u00e7\u00e3o de dados pessoais, informa que\" \/>\n<meta name=\"robots\" content=\"noindex, nofollow\" \/>\n<meta property=\"og:locale\" content=\"pt_PT\" \/>\n<meta property=\"og:type\" content=\"article\" \/>\n<meta property=\"og:title\" content=\"Prote\u00e7\u00e3o de dados pessoais de acordo com o RGPD &#8226; Leon Research\" \/>\n<meta property=\"og:description\" content=\"Prote\u00e7\u00e3o de Dados Pessoais de acordo com RGPD Le\u00f3n Research, S.L. ao abrigo da legisla\u00e7\u00e3o vigente em mat\u00e9ria de protec\u00e7\u00e3o de dados pessoais, informa que\" \/>\n<meta property=\"og:url\" content=\"https:\/\/leonresearch.com\/pt-pt\/politica-de-privacidade\/\" \/>\n<meta property=\"og:site_name\" content=\"Leon Research\" \/>\n<meta property=\"article:modified_time\" content=\"2023-10-09T13:54:10+00:00\" \/>\n<meta property=\"og:image\" content=\"https:\/\/leonresearch.com\/wp-content\/uploads\/2023\/07\/logo-ok-leonresearchpng.png\" \/>\n\t<meta property=\"og:image:width\" content=\"333\" \/>\n\t<meta property=\"og:image:height\" content=\"82\" \/>\n\t<meta property=\"og:image:type\" content=\"image\/png\" \/>\n<meta name=\"twitter:card\" content=\"summary_large_image\" \/>\n<meta name=\"twitter:label1\" content=\"Tempo estimado de leitura\" \/>\n\t<meta name=\"twitter:data1\" content=\"8 minutos\" \/>\n<script type=\"application\/ld+json\" class=\"yoast-schema-graph\">{\"@context\":\"https:\\\/\\\/schema.org\",\"@graph\":[{\"@type\":\"WebPage\",\"@id\":\"https:\\\/\\\/leonresearch.com\\\/pt-pt\\\/politica-de-privacidade\\\/\",\"url\":\"https:\\\/\\\/leonresearch.com\\\/pt-pt\\\/politica-de-privacidade\\\/\",\"name\":\"Prote\u00e7\u00e3o de dados pessoais de acordo com o RGPD &#8226; Leon Research\",\"isPartOf\":{\"@id\":\"https:\\\/\\\/leonresearch.com\\\/pt-pt\\\/#website\"},\"datePublished\":\"2023-07-06T09:11:20+00:00\",\"dateModified\":\"2023-10-09T13:54:10+00:00\",\"description\":\"Prote\u00e7\u00e3o de Dados Pessoais de acordo com RGPD Le\u00f3n Research, S.L. ao abrigo da legisla\u00e7\u00e3o vigente em mat\u00e9ria de protec\u00e7\u00e3o de dados pessoais, informa que\",\"breadcrumb\":{\"@id\":\"https:\\\/\\\/leonresearch.com\\\/pt-pt\\\/politica-de-privacidade\\\/#breadcrumb\"},\"inLanguage\":\"pt-PT\",\"potentialAction\":[{\"@type\":\"ReadAction\",\"target\":[\"https:\\\/\\\/leonresearch.com\\\/pt-pt\\\/politica-de-privacidade\\\/\"]}]},{\"@type\":\"BreadcrumbList\",\"@id\":\"https:\\\/\\\/leonresearch.com\\\/pt-pt\\\/politica-de-privacidade\\\/#breadcrumb\",\"itemListElement\":[{\"@type\":\"ListItem\",\"position\":1,\"name\":\"Home\",\"item\":\"https:\\\/\\\/leonresearch.com\\\/pt-pt\\\/\"},{\"@type\":\"ListItem\",\"position\":2,\"name\":\"Prote\u00e7\u00e3o de dados pessoais de acordo com o RGPD\"}]},{\"@type\":\"WebSite\",\"@id\":\"https:\\\/\\\/leonresearch.com\\\/pt-pt\\\/#website\",\"url\":\"https:\\\/\\\/leonresearch.com\\\/pt-pt\\\/\",\"name\":\"Leon Research\",\"description\":\"CRO Contract Research Organization\",\"publisher\":{\"@id\":\"https:\\\/\\\/leonresearch.com\\\/pt-pt\\\/#organization\"},\"alternateName\":\"Contract Research Organization (CRO)\",\"potentialAction\":[{\"@type\":\"SearchAction\",\"target\":{\"@type\":\"EntryPoint\",\"urlTemplate\":\"https:\\\/\\\/leonresearch.com\\\/pt-pt\\\/?s={search_term_string}\"},\"query-input\":{\"@type\":\"PropertyValueSpecification\",\"valueRequired\":true,\"valueName\":\"search_term_string\"}}],\"inLanguage\":\"pt-PT\"},{\"@type\":\"Organization\",\"@id\":\"https:\\\/\\\/leonresearch.com\\\/pt-pt\\\/#organization\",\"name\":\"Leon Reseach\",\"alternateName\":\"Contract Research Organization (CRO)\",\"url\":\"https:\\\/\\\/leonresearch.com\\\/pt-pt\\\/\",\"logo\":{\"@type\":\"ImageObject\",\"inLanguage\":\"pt-PT\",\"@id\":\"https:\\\/\\\/leonresearch.com\\\/pt-pt\\\/#\\\/schema\\\/logo\\\/image\\\/\",\"url\":\"https:\\\/\\\/leonresearch.com\\\/wp-content\\\/uploads\\\/2023\\\/07\\\/icono-LRhome.png\",\"contentUrl\":\"https:\\\/\\\/leonresearch.com\\\/wp-content\\\/uploads\\\/2023\\\/07\\\/icono-LRhome.png\",\"width\":111,\"height\":111,\"caption\":\"Leon Reseach\"},\"image\":{\"@id\":\"https:\\\/\\\/leonresearch.com\\\/pt-pt\\\/#\\\/schema\\\/logo\\\/image\\\/\"},\"sameAs\":[\"https:\\\/\\\/es.linkedin.com\\\/company\\\/leon-research\"]}]}<\/script>\n<!-- \/ Yoast SEO plugin. -->","yoast_head_json":{"title":"Prote\u00e7\u00e3o de dados pessoais de acordo com o RGPD &#8226; Leon Research","description":"Prote\u00e7\u00e3o de Dados Pessoais de acordo com RGPD Le\u00f3n Research, S.L. ao abrigo da legisla\u00e7\u00e3o vigente em mat\u00e9ria de protec\u00e7\u00e3o de dados pessoais, informa que","robots":{"index":"noindex","follow":"nofollow"},"og_locale":"pt_PT","og_type":"article","og_title":"Prote\u00e7\u00e3o de dados pessoais de acordo com o RGPD &#8226; Leon Research","og_description":"Prote\u00e7\u00e3o de Dados Pessoais de acordo com RGPD Le\u00f3n Research, S.L. ao abrigo da legisla\u00e7\u00e3o vigente em mat\u00e9ria de protec\u00e7\u00e3o de dados pessoais, informa que","og_url":"https:\/\/leonresearch.com\/pt-pt\/politica-de-privacidade\/","og_site_name":"Leon Research","article_modified_time":"2023-10-09T13:54:10+00:00","og_image":[{"width":333,"height":82,"url":"https:\/\/leonresearch.com\/wp-content\/uploads\/2023\/07\/logo-ok-leonresearchpng.png","type":"image\/png"}],"twitter_card":"summary_large_image","twitter_misc":{"Tempo estimado de leitura":"8 minutos"},"schema":{"@context":"https:\/\/schema.org","@graph":[{"@type":"WebPage","@id":"https:\/\/leonresearch.com\/pt-pt\/politica-de-privacidade\/","url":"https:\/\/leonresearch.com\/pt-pt\/politica-de-privacidade\/","name":"Prote\u00e7\u00e3o de dados pessoais de acordo com o RGPD &#8226; Leon Research","isPartOf":{"@id":"https:\/\/leonresearch.com\/pt-pt\/#website"},"datePublished":"2023-07-06T09:11:20+00:00","dateModified":"2023-10-09T13:54:10+00:00","description":"Prote\u00e7\u00e3o de Dados Pessoais de acordo com RGPD Le\u00f3n Research, S.L. ao abrigo da legisla\u00e7\u00e3o vigente em mat\u00e9ria de protec\u00e7\u00e3o de dados pessoais, informa que","breadcrumb":{"@id":"https:\/\/leonresearch.com\/pt-pt\/politica-de-privacidade\/#breadcrumb"},"inLanguage":"pt-PT","potentialAction":[{"@type":"ReadAction","target":["https:\/\/leonresearch.com\/pt-pt\/politica-de-privacidade\/"]}]},{"@type":"BreadcrumbList","@id":"https:\/\/leonresearch.com\/pt-pt\/politica-de-privacidade\/#breadcrumb","itemListElement":[{"@type":"ListItem","position":1,"name":"Home","item":"https:\/\/leonresearch.com\/pt-pt\/"},{"@type":"ListItem","position":2,"name":"Prote\u00e7\u00e3o de dados pessoais de acordo com o RGPD"}]},{"@type":"WebSite","@id":"https:\/\/leonresearch.com\/pt-pt\/#website","url":"https:\/\/leonresearch.com\/pt-pt\/","name":"Leon Research","description":"CRO Contract Research Organization","publisher":{"@id":"https:\/\/leonresearch.com\/pt-pt\/#organization"},"alternateName":"Contract Research Organization (CRO)","potentialAction":[{"@type":"SearchAction","target":{"@type":"EntryPoint","urlTemplate":"https:\/\/leonresearch.com\/pt-pt\/?s={search_term_string}"},"query-input":{"@type":"PropertyValueSpecification","valueRequired":true,"valueName":"search_term_string"}}],"inLanguage":"pt-PT"},{"@type":"Organization","@id":"https:\/\/leonresearch.com\/pt-pt\/#organization","name":"Leon Reseach","alternateName":"Contract Research Organization (CRO)","url":"https:\/\/leonresearch.com\/pt-pt\/","logo":{"@type":"ImageObject","inLanguage":"pt-PT","@id":"https:\/\/leonresearch.com\/pt-pt\/#\/schema\/logo\/image\/","url":"https:\/\/leonresearch.com\/wp-content\/uploads\/2023\/07\/icono-LRhome.png","contentUrl":"https:\/\/leonresearch.com\/wp-content\/uploads\/2023\/07\/icono-LRhome.png","width":111,"height":111,"caption":"Leon Reseach"},"image":{"@id":"https:\/\/leonresearch.com\/pt-pt\/#\/schema\/logo\/image\/"},"sameAs":["https:\/\/es.linkedin.com\/company\/leon-research"]}]}},"builder_content":"","_links":{"self":[{"href":"https:\/\/leonresearch.com\/pt-pt\/wp-json\/wp\/v2\/pages\/3431","targetHints":{"allow":["GET"]}}],"collection":[{"href":"https:\/\/leonresearch.com\/pt-pt\/wp-json\/wp\/v2\/pages"}],"about":[{"href":"https:\/\/leonresearch.com\/pt-pt\/wp-json\/wp\/v2\/types\/page"}],"author":[{"embeddable":true,"href":"https:\/\/leonresearch.com\/pt-pt\/wp-json\/wp\/v2\/users\/3"}],"replies":[{"embeddable":true,"href":"https:\/\/leonresearch.com\/pt-pt\/wp-json\/wp\/v2\/comments?post=3431"}],"version-history":[{"count":3,"href":"https:\/\/leonresearch.com\/pt-pt\/wp-json\/wp\/v2\/pages\/3431\/revisions"}],"predecessor-version":[{"id":3985,"href":"https:\/\/leonresearch.com\/pt-pt\/wp-json\/wp\/v2\/pages\/3431\/revisions\/3985"}],"wp:attachment":[{"href":"https:\/\/leonresearch.com\/pt-pt\/wp-json\/wp\/v2\/media?parent=3431"}],"curies":[{"name":"wp","href":"https:\/\/api.w.org\/{rel}","templated":true}]}}