{"id":3427,"date":"2023-07-13T09:55:37","date_gmt":"2023-07-13T07:55:37","guid":{"rendered":"https:\/\/leonresearch.com\/aviso-legal-pt\/"},"modified":"2023-08-04T11:11:56","modified_gmt":"2023-08-04T09:11:56","slug":"aviso-legal-pt","status":"publish","type":"page","link":"https:\/\/leonresearch.com\/pt-pt\/aviso-legal-pt\/","title":{"rendered":"Aviso Legal"},"content":{"rendered":"<!--themify_builder_content-->\n<div id=\"themify_builder_content-3427\" data-postid=\"3427\" class=\"themify_builder_content themify_builder_content-3427 themify_builder tf_clear\">\n                    <div  data-lazy=\"1\" class=\"module_row themify_builder_row tb_zjs2760 tb_first tf_w\">\n                        <div class=\"row_inner col_align_top tb_col_count_1 tf_box tf_rel\">\n                        <div  data-lazy=\"1\" class=\"module_column tb-column col-full tb_v3vg761 first\">\n                    <!-- module text -->\n<div  class=\"module module-text tb_dl7a906   \" data-lazy=\"1\">\n        <div  class=\"tb_text_wrap\">\n        <h1>Aviso Legal<\/h1>\n<p style=\"margin: 0cm 0cm 15.0pt 0cm;\"><span style=\"font-family: 'Lato',sans-serif; color: #666666;\">Le\u00f3n Research, S.L., com CIF\/NIF: B24568032 e morada em: c\/Nicostrato Vela s\/n M11.2, Parque Tecnol\u00f3gico Le\u00f3n, 24009 Le\u00f3n (Espanha), n\u00e3o pode assumir nenhuma responsabilidade pelo uso incorreto, inadequado ou ilegal das informa\u00e7\u00f5es que aparecem nos seguintes website: www.leonresearch.com<\/span><\/p>\n<p style=\"margin: 0cm; box-sizing: border-box; caret-color: #666666;\"><span style=\"font-family: 'Lato',sans-serif; color: #666666;\">Le\u00f3n Research, S.L. \u00e9 uma empresa registrada no Registo Mercantil de Le\u00f3n,<br style=\"box-sizing: border-box;\">no Tomo 1127, livro 0, p\u00e1gina 62, se\u00e7\u00e3o 8, folha LE 18578, inscri\u00e7\u00e3o 1.<\/span><\/p>\n<p style=\"box-sizing: border-box; caret-color: #666666; margin: 0cm 0cm 15.0pt 0cm;\"><span style=\"font-family: 'Lato',sans-serif; color: #666666;\">Dentro dos limites estabelecidos por lei, Le\u00f3n Research, S.L. n\u00e3o assume nenhuma responsabilidade pela falta de veracidade, integridade, atualiza\u00e7\u00e3o e precis\u00e3o dos dados ou informa\u00e7\u00f5es contidas em seus websites.<\/span><\/p>\n<p style=\"box-sizing: border-box; caret-color: #666666; margin: 0cm 0cm 15.0pt 0cm;\"><span style=\"font-family: 'Lato',sans-serif; color: #666666;\">Nenhuma informa\u00e7\u00e3o contida neste website deve ser considerada como uma recomenda\u00e7\u00e3o ou consultoria de qualquer natureza por parte da Le\u00f3n Research, S.L., pois \u00e9 apenas um servi\u00e7o oferecido para obter informa\u00e7\u00f5es.<\/span><\/p>\n<p style=\"box-sizing: border-box; caret-color: #666666; margin: 0cm 0cm 15.0pt 0cm;\"><span style=\"font-family: 'Lato',sans-serif; color: #666666;\">Os websites da Le\u00f3n Research, S.L., podem conter links para sites de terceiros que n\u00e3o est\u00e3o sob controle da Le\u00f3n Research, S.L. Portanto, a Le\u00f3n Research, S.L. n\u00e3o se responsabiliza pelo conte\u00fado que possa aparecer nessas p\u00e1ginas.<\/span><\/p>\n<p style=\"margin: 0cm; box-sizing: border-box; caret-color: #666666;\"><span style=\"font-family: 'Lato',sans-serif; color: #666666;\">Os textos, imagens, sons, anima\u00e7\u00f5es, softwares e outros conte\u00fados inclu\u00eddos neste site s\u00e3o de propriedade exclusiva da Le\u00f3n Research, S.L. ou seus licenciadores. Qualquer transmiss\u00e3o, distribui\u00e7\u00e3o, transfer\u00eancia, reprodu\u00e7\u00e3o, armazenamento, comunica\u00e7\u00e3o p\u00fablica total ou parcial<br style=\"box-sizing: border-box;\">do conte\u00fado deste site deve ter o consentimento expresso da Le\u00f3n Research, S.L..<\/span><\/p>\n<p style=\"box-sizing: border-box; caret-color: #666666; margin: 0cm 0cm 15.0pt 0cm;\"><span style=\"font-family: 'Lato',sans-serif; color: #666666;\">Informamos-lhe ainda que para aceder a alguns dos servi\u00e7os oferecidos pelo site dever\u00e1 fornecer alguns dados pessoais.<\/span><\/p>\n<p style=\"box-sizing: border-box; caret-color: #666666; margin: 0cm 0cm 15.0pt 0cm;\"><span style=\"font-family: 'Lato',sans-serif; color: #666666;\">Em conformidade com o disposto no Regulamento (UE) 2016\/679 do Parlamento Europeu e do Conselho, de 27 de abril de 2016, relativo \u00e0 prote\u00e7\u00e3o das pessoas singulares no que diz respeito ao tratamento de dados pessoais e \u00e0 livre circula\u00e7\u00e3o desses dados e que revoga a Diretiva 95\/46\/CE (Regulamento Geral sobre a Prote\u00e7\u00e3o de Dados), informamos-lhe que ao preencher esses formul\u00e1rios, os seus dados pessoais ser\u00e3o armazenados e processados \u200b\u200bpela Le\u00f3n Research, S.L. a fim de proporcionar e oferecer os nossos servi\u00e7os, bem como para informar melhorias para o site.<\/span><\/p>\n<p style=\"margin: 0cm; box-sizing: border-box; caret-color: #666666;\"><span style=\"font-family: 'Lato',sans-serif; color: #666666;\">Informamos-lhe ainda de que ter\u00e1 a possibilidade em todo momento de exercer os direitos de acesso, retifica\u00e7\u00e3o, cancelamento, limita\u00e7\u00e3o, oposi\u00e7\u00e3o e portabilidade dos seus dados pessoais, gratuitamente via e-mail: agarcia@leonresearch.es ou no endere\u00e7o: c\/Nicostrato Vela s\/n M11.2, Parque Tecnol\u00f3gico Le\u00f3n, 24009 Le\u00f3n (Espanha).<\/span><\/p>    <\/div>\n<\/div>\n<!-- \/module text -->        <\/div>\n                        <\/div>\n        <\/div>\n        <\/div>\n<!--\/themify_builder_content-->","protected":false},"excerpt":{"rendered":"<p>Aviso Legal Le\u00f3n Research, S.L., com CIF\/NIF: B24568032 e morada em: c\/Nicostrato Vela s\/n M11.2, Parque Tecnol\u00f3gico Le\u00f3n, 24009 Le\u00f3n (Espanha), n\u00e3o pode assumir nenhuma responsabilidade pelo uso incorreto, inadequado ou ilegal das informa\u00e7\u00f5es que aparecem nos seguintes website: www.leonresearch.com Le\u00f3n Research, S.L. \u00e9 uma empresa registrada no Registo Mercantil de Le\u00f3n,no Tomo 1127, livro [&hellip;]<\/p>\n","protected":false},"author":3,"featured_media":0,"parent":0,"menu_order":0,"comment_status":"closed","ping_status":"closed","template":"","meta":{"footnotes":""},"class_list":["post-3427","page","type-page","status-publish","hentry","has-post-title","has-post-date","has-post-category","has-post-tag","has-post-comment","has-post-author",""],"yoast_head":"<!-- This site is optimized with the Yoast SEO plugin v27.3 - https:\/\/yoast.com\/product\/yoast-seo-wordpress\/ -->\n<title>Aviso Legal &#8226; Leon Research<\/title>\n<meta name=\"robots\" content=\"noindex, nofollow\" \/>\n<meta property=\"og:locale\" content=\"pt_PT\" \/>\n<meta property=\"og:type\" content=\"article\" \/>\n<meta property=\"og:title\" content=\"Aviso Legal &#8226; Leon Research\" \/>\n<meta property=\"og:url\" content=\"https:\/\/leonresearch.com\/pt-pt\/aviso-legal-pt\/\" \/>\n<meta property=\"og:site_name\" content=\"Leon Research\" \/>\n<meta property=\"article:modified_time\" content=\"2023-08-04T09:11:56+00:00\" \/>\n<meta property=\"og:image\" content=\"https:\/\/leonresearch.com\/wp-content\/uploads\/2023\/07\/logo-ok-leonresearchpng.png\" \/>\n\t<meta property=\"og:image:width\" content=\"333\" \/>\n\t<meta property=\"og:image:height\" content=\"82\" \/>\n\t<meta property=\"og:image:type\" content=\"image\/png\" \/>\n<meta name=\"twitter:card\" content=\"summary_large_image\" \/>\n<script type=\"application\/ld+json\" class=\"yoast-schema-graph\">{\"@context\":\"https:\\\/\\\/schema.org\",\"@graph\":[{\"@type\":\"WebPage\",\"@id\":\"https:\\\/\\\/leonresearch.com\\\/pt-pt\\\/aviso-legal-pt\\\/\",\"url\":\"https:\\\/\\\/leonresearch.com\\\/pt-pt\\\/aviso-legal-pt\\\/\",\"name\":\"Aviso Legal &#8226; Leon Research\",\"isPartOf\":{\"@id\":\"https:\\\/\\\/leonresearch.com\\\/pt-pt\\\/#website\"},\"datePublished\":\"2023-07-13T07:55:37+00:00\",\"dateModified\":\"2023-08-04T09:11:56+00:00\",\"breadcrumb\":{\"@id\":\"https:\\\/\\\/leonresearch.com\\\/pt-pt\\\/aviso-legal-pt\\\/#breadcrumb\"},\"inLanguage\":\"pt-PT\",\"potentialAction\":[{\"@type\":\"ReadAction\",\"target\":[\"https:\\\/\\\/leonresearch.com\\\/pt-pt\\\/aviso-legal-pt\\\/\"]}]},{\"@type\":\"BreadcrumbList\",\"@id\":\"https:\\\/\\\/leonresearch.com\\\/pt-pt\\\/aviso-legal-pt\\\/#breadcrumb\",\"itemListElement\":[{\"@type\":\"ListItem\",\"position\":1,\"name\":\"Home\",\"item\":\"https:\\\/\\\/leonresearch.com\\\/pt-pt\\\/\"},{\"@type\":\"ListItem\",\"position\":2,\"name\":\"Aviso Legal\"}]},{\"@type\":\"WebSite\",\"@id\":\"https:\\\/\\\/leonresearch.com\\\/pt-pt\\\/#website\",\"url\":\"https:\\\/\\\/leonresearch.com\\\/pt-pt\\\/\",\"name\":\"Leon Research\",\"description\":\"CRO Contract Research Organization\",\"publisher\":{\"@id\":\"https:\\\/\\\/leonresearch.com\\\/pt-pt\\\/#organization\"},\"alternateName\":\"Contract Research Organization (CRO)\",\"potentialAction\":[{\"@type\":\"SearchAction\",\"target\":{\"@type\":\"EntryPoint\",\"urlTemplate\":\"https:\\\/\\\/leonresearch.com\\\/pt-pt\\\/?s={search_term_string}\"},\"query-input\":{\"@type\":\"PropertyValueSpecification\",\"valueRequired\":true,\"valueName\":\"search_term_string\"}}],\"inLanguage\":\"pt-PT\"},{\"@type\":\"Organization\",\"@id\":\"https:\\\/\\\/leonresearch.com\\\/pt-pt\\\/#organization\",\"name\":\"Leon Reseach\",\"alternateName\":\"Contract Research Organization (CRO)\",\"url\":\"https:\\\/\\\/leonresearch.com\\\/pt-pt\\\/\",\"logo\":{\"@type\":\"ImageObject\",\"inLanguage\":\"pt-PT\",\"@id\":\"https:\\\/\\\/leonresearch.com\\\/pt-pt\\\/#\\\/schema\\\/logo\\\/image\\\/\",\"url\":\"https:\\\/\\\/leonresearch.com\\\/wp-content\\\/uploads\\\/2023\\\/07\\\/icono-LRhome.png\",\"contentUrl\":\"https:\\\/\\\/leonresearch.com\\\/wp-content\\\/uploads\\\/2023\\\/07\\\/icono-LRhome.png\",\"width\":111,\"height\":111,\"caption\":\"Leon Reseach\"},\"image\":{\"@id\":\"https:\\\/\\\/leonresearch.com\\\/pt-pt\\\/#\\\/schema\\\/logo\\\/image\\\/\"},\"sameAs\":[\"https:\\\/\\\/es.linkedin.com\\\/company\\\/leon-research\"]}]}<\/script>\n<!-- \/ Yoast SEO plugin. -->","yoast_head_json":{"title":"Aviso Legal &#8226; Leon Research","robots":{"index":"noindex","follow":"nofollow"},"og_locale":"pt_PT","og_type":"article","og_title":"Aviso Legal &#8226; Leon Research","og_url":"https:\/\/leonresearch.com\/pt-pt\/aviso-legal-pt\/","og_site_name":"Leon Research","article_modified_time":"2023-08-04T09:11:56+00:00","og_image":[{"width":333,"height":82,"url":"https:\/\/leonresearch.com\/wp-content\/uploads\/2023\/07\/logo-ok-leonresearchpng.png","type":"image\/png"}],"twitter_card":"summary_large_image","schema":{"@context":"https:\/\/schema.org","@graph":[{"@type":"WebPage","@id":"https:\/\/leonresearch.com\/pt-pt\/aviso-legal-pt\/","url":"https:\/\/leonresearch.com\/pt-pt\/aviso-legal-pt\/","name":"Aviso Legal &#8226; Leon Research","isPartOf":{"@id":"https:\/\/leonresearch.com\/pt-pt\/#website"},"datePublished":"2023-07-13T07:55:37+00:00","dateModified":"2023-08-04T09:11:56+00:00","breadcrumb":{"@id":"https:\/\/leonresearch.com\/pt-pt\/aviso-legal-pt\/#breadcrumb"},"inLanguage":"pt-PT","potentialAction":[{"@type":"ReadAction","target":["https:\/\/leonresearch.com\/pt-pt\/aviso-legal-pt\/"]}]},{"@type":"BreadcrumbList","@id":"https:\/\/leonresearch.com\/pt-pt\/aviso-legal-pt\/#breadcrumb","itemListElement":[{"@type":"ListItem","position":1,"name":"Home","item":"https:\/\/leonresearch.com\/pt-pt\/"},{"@type":"ListItem","position":2,"name":"Aviso Legal"}]},{"@type":"WebSite","@id":"https:\/\/leonresearch.com\/pt-pt\/#website","url":"https:\/\/leonresearch.com\/pt-pt\/","name":"Leon Research","description":"CRO Contract Research Organization","publisher":{"@id":"https:\/\/leonresearch.com\/pt-pt\/#organization"},"alternateName":"Contract Research Organization (CRO)","potentialAction":[{"@type":"SearchAction","target":{"@type":"EntryPoint","urlTemplate":"https:\/\/leonresearch.com\/pt-pt\/?s={search_term_string}"},"query-input":{"@type":"PropertyValueSpecification","valueRequired":true,"valueName":"search_term_string"}}],"inLanguage":"pt-PT"},{"@type":"Organization","@id":"https:\/\/leonresearch.com\/pt-pt\/#organization","name":"Leon Reseach","alternateName":"Contract Research Organization (CRO)","url":"https:\/\/leonresearch.com\/pt-pt\/","logo":{"@type":"ImageObject","inLanguage":"pt-PT","@id":"https:\/\/leonresearch.com\/pt-pt\/#\/schema\/logo\/image\/","url":"https:\/\/leonresearch.com\/wp-content\/uploads\/2023\/07\/icono-LRhome.png","contentUrl":"https:\/\/leonresearch.com\/wp-content\/uploads\/2023\/07\/icono-LRhome.png","width":111,"height":111,"caption":"Leon Reseach"},"image":{"@id":"https:\/\/leonresearch.com\/pt-pt\/#\/schema\/logo\/image\/"},"sameAs":["https:\/\/es.linkedin.com\/company\/leon-research"]}]}},"builder_content":"<h1>Aviso Legal<\/h1> <p style=\"margin: 0cm 0cm 15.0pt 0cm;\">Le\u00f3n Research, S.L., com CIF\/NIF: B24568032 e morada em: c\/Nicostrato Vela s\/n M11.2, Parque Tecnol\u00f3gico Le\u00f3n, 24009 Le\u00f3n (Espanha), n\u00e3o pode assumir nenhuma responsabilidade pelo uso incorreto, inadequado ou ilegal das informa\u00e7\u00f5es que aparecem nos seguintes website: www.leonresearch.com<\/p> <p style=\"margin: 0cm; box-sizing: border-box; caret-color: #666666;\">Le\u00f3n Research, S.L. \u00e9 uma empresa registrada no Registo Mercantil de Le\u00f3n,<br style=\"box-sizing: border-box;\">no Tomo 1127, livro 0, p\u00e1gina 62, se\u00e7\u00e3o 8, folha LE 18578, inscri\u00e7\u00e3o 1.<\/p> <p style=\"box-sizing: border-box; caret-color: #666666; margin: 0cm 0cm 15.0pt 0cm;\">Dentro dos limites estabelecidos por lei, Le\u00f3n Research, S.L. n\u00e3o assume nenhuma responsabilidade pela falta de veracidade, integridade, atualiza\u00e7\u00e3o e precis\u00e3o dos dados ou informa\u00e7\u00f5es contidas em seus websites.<\/p> <p style=\"box-sizing: border-box; caret-color: #666666; margin: 0cm 0cm 15.0pt 0cm;\">Nenhuma informa\u00e7\u00e3o contida neste website deve ser considerada como uma recomenda\u00e7\u00e3o ou consultoria de qualquer natureza por parte da Le\u00f3n Research, S.L., pois \u00e9 apenas um servi\u00e7o oferecido para obter informa\u00e7\u00f5es.<\/p> <p style=\"box-sizing: border-box; caret-color: #666666; margin: 0cm 0cm 15.0pt 0cm;\">Os websites da Le\u00f3n Research, S.L., podem conter links para sites de terceiros que n\u00e3o est\u00e3o sob controle da Le\u00f3n Research, S.L. Portanto, a Le\u00f3n Research, S.L. n\u00e3o se responsabiliza pelo conte\u00fado que possa aparecer nessas p\u00e1ginas.<\/p> <p style=\"margin: 0cm; box-sizing: border-box; caret-color: #666666;\">Os textos, imagens, sons, anima\u00e7\u00f5es, softwares e outros conte\u00fados inclu\u00eddos neste site s\u00e3o de propriedade exclusiva da Le\u00f3n Research, S.L. ou seus licenciadores. Qualquer transmiss\u00e3o, distribui\u00e7\u00e3o, transfer\u00eancia, reprodu\u00e7\u00e3o, armazenamento, comunica\u00e7\u00e3o p\u00fablica total ou parcial<br style=\"box-sizing: border-box;\">do conte\u00fado deste site deve ter o consentimento expresso da Le\u00f3n Research, S.L..<\/p> <p style=\"box-sizing: border-box; caret-color: #666666; margin: 0cm 0cm 15.0pt 0cm;\">Informamos-lhe ainda que para aceder a alguns dos servi\u00e7os oferecidos pelo site dever\u00e1 fornecer alguns dados pessoais.<\/p> <p style=\"box-sizing: border-box; caret-color: #666666; margin: 0cm 0cm 15.0pt 0cm;\">Em conformidade com o disposto no Regulamento (UE) 2016\/679 do Parlamento Europeu e do Conselho, de 27 de abril de 2016, relativo \u00e0 prote\u00e7\u00e3o das pessoas singulares no que diz respeito ao tratamento de dados pessoais e \u00e0 livre circula\u00e7\u00e3o desses dados e que revoga a Diretiva 95\/46\/CE (Regulamento Geral sobre a Prote\u00e7\u00e3o de Dados), informamos-lhe que ao preencher esses formul\u00e1rios, os seus dados pessoais ser\u00e3o armazenados e processados \u200b\u200bpela Le\u00f3n Research, S.L. a fim de proporcionar e oferecer os nossos servi\u00e7os, bem como para informar melhorias para o site.<\/p> <p style=\"margin: 0cm; box-sizing: border-box; caret-color: #666666;\">Informamos-lhe ainda de que ter\u00e1 a possibilidade em todo momento de exercer os direitos de acesso, retifica\u00e7\u00e3o, cancelamento, limita\u00e7\u00e3o, oposi\u00e7\u00e3o e portabilidade dos seus dados pessoais, gratuitamente via e-mail: agarcia@leonresearch.es ou no endere\u00e7o: c\/Nicostrato Vela s\/n M11.2, Parque Tecnol\u00f3gico Le\u00f3n, 24009 Le\u00f3n (Espanha).<\/p>","_links":{"self":[{"href":"https:\/\/leonresearch.com\/pt-pt\/wp-json\/wp\/v2\/pages\/3427","targetHints":{"allow":["GET"]}}],"collection":[{"href":"https:\/\/leonresearch.com\/pt-pt\/wp-json\/wp\/v2\/pages"}],"about":[{"href":"https:\/\/leonresearch.com\/pt-pt\/wp-json\/wp\/v2\/types\/page"}],"author":[{"embeddable":true,"href":"https:\/\/leonresearch.com\/pt-pt\/wp-json\/wp\/v2\/users\/3"}],"replies":[{"embeddable":true,"href":"https:\/\/leonresearch.com\/pt-pt\/wp-json\/wp\/v2\/comments?post=3427"}],"version-history":[{"count":1,"href":"https:\/\/leonresearch.com\/pt-pt\/wp-json\/wp\/v2\/pages\/3427\/revisions"}],"predecessor-version":[{"id":3428,"href":"https:\/\/leonresearch.com\/pt-pt\/wp-json\/wp\/v2\/pages\/3427\/revisions\/3428"}],"wp:attachment":[{"href":"https:\/\/leonresearch.com\/pt-pt\/wp-json\/wp\/v2\/media?parent=3427"}],"curies":[{"name":"wp","href":"https:\/\/api.w.org\/{rel}","templated":true}]}}