{"id":4388,"date":"2024-02-02T11:44:24","date_gmt":"2024-02-02T10:44:24","guid":{"rendered":"https:\/\/leonresearch.com\/?page_id=4388"},"modified":"2024-04-29T16:05:32","modified_gmt":"2024-04-29T14:05:32","slug":"studio-clinico","status":"publish","type":"page","link":"https:\/\/leonresearch.com\/it\/studio-clinico\/","title":{"rendered":"Calcolatore"},"content":{"rendered":"<\/p><!--themify_builder_content-->\n<div id=\"themify_builder_content-4388\" data-postid=\"4388\" class=\"themify_builder_content themify_builder_content-4388 themify_builder tf_clear\">\n                    <div  data-css_id=\"er0g899\" data-lazy=\"1\" class=\"module_row themify_builder_row fullwidth tb_er0g899 tb_first tf_w\">\n            <span  class=\"builder_row_cover tf_abs\" data-lazy=\"1\"><\/span>            <div class=\"row_inner col_align_top tb_col_count_1 tf_box tf_rel\">\n                        <div  data-lazy=\"1\" class=\"module_column tb-column col-full tb_pm5o432 first\">\n                    <!-- module text -->\n<div  class=\"module module-text tb_s7sn787   \" data-lazy=\"1\">\n        <div  class=\"tb_text_wrap\">\n        <h1 style=\"text-align: center;\"><strong>QUANTO COSTA IL VOSTRO STUDIO CLINICO?<\/strong><\/h1>    <\/div>\n<\/div>\n<!-- \/module text --><!-- module text -->\n<div  class=\"module module-text tb_lpy4240   \" data-lazy=\"1\">\n        <div  class=\"tb_text_wrap\">\n        <p><strong>Compilate <a href=\"#calcolatore\">questo modulo<\/a> e, in pochi minuti, riceverete il preventivo nella vostra casella di posta elettronica.<\/strong><\/p>    <\/div>\n<\/div>\n<!-- \/module text -->        <\/div>\n                        <\/div>\n        <\/div>\n                        <div  data-anchor=\"calculator\" data-css_id=\"vwbb388\" data-lazy=\"1\" class=\"module_row themify_builder_row fullwidth tb_has_section tb_section-calculator tb_vwbb388 tf_w\">\n            <span  class=\"builder_row_cover tf_abs\" data-lazy=\"1\"><\/span>            <div class=\"row_inner col_align_middle gutter-none tb_col_count_3 tf_box tf_rel\">\n                        <div  data-lazy=\"1\" class=\"module_column tb-column col4-1 tb_jgkh388 first\">\n                            <\/div>\n                    <div  data-lazy=\"1\" class=\"module_column tb-column col4-2 tb_4vpz704\">\n                    <!-- module text -->\n<div  class=\"module module-text tb_dxwd327   \" data-lazy=\"1\">\n        <div  class=\"tb_text_wrap\">\n        <h2>Calcolatore di studi clinici <\/h2>\n<p><span style=\"font-size: 15px; font-weight: 400;\">Compilate questo modulo e vi invieremo un&#8217;e-mail con il budget stimato per il vostro studio clinico<\/span><\/p>    <\/div>\n<\/div>\n<!-- \/module text --><!-- module plain text -->\n<div  class=\"module module-plain-text tb_wtay355 \" data-lazy=\"1\">\n        <div class=\"tb_text_wrap\">\n    [calcolatore-leon-research]    <\/div>\n<\/div>\n<!-- \/module plain text -->        <\/div>\n                    <div  data-lazy=\"1\" class=\"module_column tb-column col4-1 tb_uet0704 last\">\n                            <\/div>\n                        <\/div>\n        <\/div>\n                        <div  data-zoom-bg=\"desktop\" data-css_id=\"16j1227\" data-lazy=\"1\" class=\"module_row themify_builder_row fullwidth tb_16j1227 tf_w\">\n            <span  class=\"builder_row_cover tf_abs\" data-lazy=\"1\"><\/span>            <div class=\"row_inner col_align_top tb_col_count_1 tf_box tf_rel\">\n                        <div  data-lazy=\"1\" class=\"module_column tb-column col-full tb_4qq2227 first\">\n                    <!-- module text -->\n<div  class=\"module module-text tb_itxu508   \" data-lazy=\"1\">\n        <div  class=\"tb_text_wrap\">\n        <h2 style=\"text-align: center;\">Come si calcola il budget di uno studio clinico?\u00a0<\/h2>    <\/div>\n<\/div>\n<!-- \/module text --><!-- module text -->\n<div  class=\"module module-text tb_4e2g227   \" data-lazy=\"1\">\n        <div  class=\"tb_text_wrap\">\n        <p><strong><span style=\"font-size: 16.5px;\">Uniamo la nostra esperienza di CRO (Contract Research Organization) e i Big Data per fornirvi una stima del budget.<\/span>Basta compilare il <a href=\"#calcolatore\">nostro modulo<\/a><\/strong><\/p>    <\/div>\n<\/div>\n<!-- \/module text --><!-- module text -->\n<div  class=\"module module-text tb_cncj945   \" data-lazy=\"1\">\n        <div  class=\"tb_text_wrap\">\n        <h2><span style=\"font-size: 16.5px;\">Ecco i parametri che utilizziamo per calcolare il vostro budget:\u00a0<\/span><\/h2>    <\/div>\n<\/div>\n<!-- \/module text -->        <\/div>\n                        <\/div>\n        <\/div>\n                        <div  data-zoom-bg=\"desktop\" data-css_id=\"plyr508\" data-lazy=\"1\" class=\"module_row themify_builder_row fullwidth tb_plyr508 tf_w\">\n            <span  class=\"builder_row_cover tf_abs\" data-lazy=\"1\"><\/span>            <div class=\"row_inner col_align_top tb_col_count_1 tf_box tf_rel\">\n                        <div  data-lazy=\"1\" class=\"module_column tb-column col-full tb_1m37508 first\">\n                            <div  data-lazy=\"1\" class=\"module_subrow themify_builder_sub_row tf_w col_align_top tb_col_count_4 tb_mz30508\">\n                <div  data-lazy=\"1\" class=\"module_column sub_column col4-1 tb_02ql508 first\">\n                    <!-- module image -->\n<div  class=\"module module-image tb_47iv508 image-center circle  tf_mw\" data-lazy=\"1\">\n        <div class=\"image-wrap tf_rel tf_mw\">\n            <img loading=\"lazy\" decoding=\"async\" width=\"333\" height=\"274\" src=\"https:\/\/leonresearch.com\/wp-content\/uploads\/2024\/02\/icono-calculadora-numero-pacientes.png\" class=\"wp-post-image wp-image-4432\" title=\"icono-calculadora-numero-pacientes\" alt=\"N\u00famero de pacientes Calculadora ensayo cl\u00ednico\" srcset=\"https:\/\/leonresearch.com\/wp-content\/uploads\/2024\/02\/icono-calculadora-numero-pacientes.png 333w, https:\/\/leonresearch.com\/wp-content\/uploads\/2024\/02\/icono-calculadora-numero-pacientes-300x247.png 300w\" sizes=\"auto, (max-width: 333px) 100vw, 333px\" \/>    \n        <\/div>\n    <!-- \/image-wrap -->\n    \n        <\/div>\n<!-- \/module image --><!-- module text -->\n<div  class=\"module module-text tb_mws9508   \" data-lazy=\"1\">\n        <div  class=\"tb_text_wrap\">\n        <h3>PAZIENTI<\/h3>\n<p><span style=\"color: rgb(61, 61, 61);\">Quanti pazienti devono essere reclutati per avere un campione rappresentativo?<\/span><\/p>    <\/div>\n<\/div>\n<!-- \/module text -->        <\/div>\n                    <div  data-lazy=\"1\" class=\"module_column sub_column col4-1 tb_b9ul508\">\n                    <!-- module image -->\n<div  class=\"module module-image tb_7vm7508 image-center circle  tf_mw\" data-lazy=\"1\">\n        <div class=\"image-wrap tf_rel tf_mw\">\n            <img loading=\"lazy\" decoding=\"async\" width=\"333\" height=\"274\" src=\"https:\/\/leonresearch.com\/wp-content\/uploads\/2024\/02\/icono-calculadora-Paises.png\" class=\"wp-post-image wp-image-4420\" title=\"icono-calculadora-Paises\" alt=\"N\u00famero de Pa\u00edses Calculadora ensayo cl\u00ednico\" srcset=\"https:\/\/leonresearch.com\/wp-content\/uploads\/2024\/02\/icono-calculadora-Paises.png 333w, https:\/\/leonresearch.com\/wp-content\/uploads\/2024\/02\/icono-calculadora-Paises-300x247.png 300w\" sizes=\"auto, (max-width: 333px) 100vw, 333px\" \/>    \n        <\/div>\n    <!-- \/image-wrap -->\n    \n        <\/div>\n<!-- \/module image --><!-- module text -->\n<div  class=\"module module-text tb_j110508   \" data-lazy=\"1\">\n        <div  class=\"tb_text_wrap\">\n        <h3>PAESI E SITI<\/h3><h3><span style=\"color: rgb(61, 61, 61); font-size: 15px; font-weight: 400;\">Un paese o pi\u00f9 paesi? Quanti siti sono stati presi in considerazione per partecipare allo studio?\u00a0<\/span><\/h3>    <\/div>\n<\/div>\n<!-- \/module text -->        <\/div>\n                    <div  data-lazy=\"1\" class=\"module_column sub_column col4-1 tb_0q1p508\">\n                    <!-- module image -->\n<div  class=\"module module-image tb_4cf3646 image-center circle  tf_mw\" data-lazy=\"1\">\n        <div class=\"image-wrap tf_rel tf_mw\">\n            <img loading=\"lazy\" decoding=\"async\" width=\"333\" height=\"274\" src=\"https:\/\/leonresearch.com\/wp-content\/uploads\/2024\/02\/icono-calculadora-tiempo.png\" class=\"wp-post-image wp-image-4424\" title=\"icono-calculadora-tiempo\" alt=\"Tiempo tratamiento Calculadora ensayo cl\u00ednico\" srcset=\"https:\/\/leonresearch.com\/wp-content\/uploads\/2024\/02\/icono-calculadora-tiempo.png 333w, https:\/\/leonresearch.com\/wp-content\/uploads\/2024\/02\/icono-calculadora-tiempo-300x247.png 300w\" sizes=\"auto, (max-width: 333px) 100vw, 333px\" \/>    \n        <\/div>\n    <!-- \/image-wrap -->\n    \n        <\/div>\n<!-- \/module image --><!-- module text -->\n<div  class=\"module module-text tb_9zip646   \" data-lazy=\"1\">\n        <div  class=\"tb_text_wrap\">\n        <h3>TEMPO STIMATO<\/h3>\n<p>Quanto dura il trattamento? Qual \u00e8 il periodo stimato di reclutamento e quando termina? <\/p>\n<div> <\/div>    <\/div>\n<\/div>\n<!-- \/module text -->        <\/div>\n                    <div  data-lazy=\"1\" class=\"module_column sub_column col4-1 tb_czry618 last\">\n                    <!-- module image -->\n<div  class=\"module module-image tb_bmqy508 image-center circle  tf_mw\" data-lazy=\"1\">\n        <div class=\"image-wrap tf_rel tf_mw\">\n            <img loading=\"lazy\" decoding=\"async\" width=\"333\" height=\"274\" src=\"https:\/\/leonresearch.com\/wp-content\/uploads\/2024\/02\/icono-calculadora-SAES-SUSARS.png\" class=\"wp-post-image wp-image-4428\" title=\"icono-calculadora-SAES-SUSARS\" alt=\"SAES y SUSARS Calculadora ensayo cl\u00ednico\" srcset=\"https:\/\/leonresearch.com\/wp-content\/uploads\/2024\/02\/icono-calculadora-SAES-SUSARS.png 333w, https:\/\/leonresearch.com\/wp-content\/uploads\/2024\/02\/icono-calculadora-SAES-SUSARS-300x247.png 300w\" sizes=\"auto, (max-width: 333px) 100vw, 333px\" \/>    \n        <\/div>\n    <!-- \/image-wrap -->\n    \n        <\/div>\n<!-- \/module image --><!-- module text -->\n<div  class=\"module module-text tb_3uqn508   \" data-lazy=\"1\">\n        <div  class=\"tb_text_wrap\">\n        <h3>SAE E SUSAR<\/h3><h3><span style=\"color: rgb(61, 61, 61); font-size: 15px; font-weight: 400;\">Quanti SAE (Serious Adverse Events) e SUSAR (Unexpected Adverse Reactions) sono attesi ?\u00a0<\/span><\/h3>    <\/div>\n<\/div>\n<!-- \/module text -->        <\/div>\n                    <\/div>\n                <\/div>\n                        <\/div>\n        <\/div>\n                        <div  data-tablet_landscape-padding=\"28px,28px\" data-tablet-padding=\"34px,34px\" data-mobile-padding=\"11px,11px\" data-css_id=\"7sgp847\" data-lazy=\"1\" class=\"module_row themify_builder_row fullwidth_row_container tb_7sgp847 tf_w\">\n            <span  class=\"builder_row_cover tf_abs\" data-lazy=\"1\"><\/span>            <div class=\"row_inner col_align_top tb_col_count_1 tf_box tf_rel\">\n                        <div  data-lazy=\"1\" class=\"module_column tb-column col-full tb_czfb847 first\">\n                            <div  data-lazy=\"1\" class=\"module_subrow themify_builder_sub_row tf_w col_align_middle tb_col_count_2 tb_p0rl847\">\n                <div  data-lazy=\"1\" class=\"module_column sub_column col4-2 tb_2k0g847 first\">\n                    <!-- module text -->\n<div  class=\"module module-text tb_bi4q848   \" data-lazy=\"1\">\n        <div  class=\"tb_text_wrap\">\n        <h2><span style=\"font-weight: 700;\">Contattateci a questo <a href=\"https:\/\/leonresearch.com\/contact-leon-research\/\">link<\/a> se desiderate ricevere un preventivo personalizzato per il vostro studio clinico.<\/span><\/h2>    <\/div>\n<\/div>\n<!-- \/module text -->        <\/div>\n                    <div  data-lazy=\"1\" class=\"module_column sub_column col4-2 tb_9r68848 last\">\n                    <!-- module buttons -->\n<div  class=\"module module-buttons tb_4i0a515 buttons-horizontal outline  large\" data-lazy=\"1\">\n        <div class=\"module-buttons-item tf_in_flx\">\n                        <a href=\"https:\/\/leonresearch.com\/it\/contatto-leon-research\/\" class=\"ui builder_button tf_in_flx transparent\" >\n                                                Richiedi un preventivo                                        <\/a>\n                <\/div>\n            <\/div>\n<!-- \/module buttons -->\n        <\/div>\n                    <\/div>\n                <\/div>\n                        <\/div>\n        <\/div>\n                        <div  data-css_id=\"jebp703\" data-lazy=\"1\" class=\"module_row themify_builder_row fullwidth tb_jebp703 tf_w\">\n                        <div class=\"row_inner col_align_top tb_col_count_1 tf_box tf_rel\">\n                        <div  data-lazy=\"1\" class=\"module_column tb-column col-full tb_0vgv703 first\">\n                            <\/div>\n                        <\/div>\n        <\/div>\n        <\/div>\n<!--\/themify_builder_content-->","protected":false},"excerpt":{"rendered":"","protected":false},"author":3,"featured_media":0,"parent":0,"menu_order":0,"comment_status":"closed","ping_status":"closed","template":"","meta":{"footnotes":""},"class_list":["post-4388","page","type-page","status-publish","hentry","has-post-title","has-post-date","has-post-category","has-post-tag","has-post-comment","has-post-author",""],"yoast_head":"<!-- This site is optimized with the Yoast SEO plugin v27.2 - https:\/\/yoast.com\/product\/yoast-seo-wordpress\/ -->\n<title>&#8226; Calcolatore &#8226; 15 anni come CRO<\/title>\n<meta name=\"description\" content=\"Siamo una societ\u00e0 di consulenza CRO e Pharma che mira a fornire soluzioni durante il processo della sperimentazione clinica.\" \/>\n<meta name=\"robots\" content=\"noindex, follow\" \/>\n<meta property=\"og:locale\" content=\"it_IT\" \/>\n<meta property=\"og:type\" content=\"article\" \/>\n<meta property=\"og:title\" content=\"&#8226; Calcolatore &#8226; 15 anni come CRO\" \/>\n<meta property=\"og:description\" content=\"Siamo una societ\u00e0 di consulenza CRO e Pharma che mira a fornire soluzioni durante il processo della sperimentazione clinica.\" \/>\n<meta property=\"og:url\" content=\"https:\/\/leonresearch.com\/it\/studio-clinico\/\" \/>\n<meta property=\"og:site_name\" content=\"Leon Research\" \/>\n<meta property=\"article:modified_time\" content=\"2024-04-29T14:05:32+00:00\" \/>\n<meta property=\"og:image\" content=\"https:\/\/leonresearch.com\/wp-content\/uploads\/2024\/02\/icono-calculadora-numero-pacientes.png\" \/>\n<meta name=\"twitter:card\" content=\"summary_large_image\" \/>\n<script type=\"application\/ld+json\" class=\"yoast-schema-graph\">{\"@context\":\"https:\/\/schema.org\",\"@graph\":[{\"@type\":\"WebPage\",\"@id\":\"https:\/\/leonresearch.com\/it\/studio-clinico\/\",\"url\":\"https:\/\/leonresearch.com\/it\/studio-clinico\/\",\"name\":\"&#8226; Calcolatore &#8226; 15 anni come CRO\",\"isPartOf\":{\"@id\":\"https:\/\/leonresearch.com\/it\/#website\"},\"primaryImageOfPage\":{\"@id\":\"https:\/\/leonresearch.com\/it\/studio-clinico\/#primaryimage\"},\"image\":{\"@id\":\"https:\/\/leonresearch.com\/it\/studio-clinico\/#primaryimage\"},\"thumbnailUrl\":\"https:\/\/leonresearch.com\/wp-content\/uploads\/2024\/02\/icono-calculadora-numero-pacientes.png\",\"datePublished\":\"2024-02-02T10:44:24+00:00\",\"dateModified\":\"2024-04-29T14:05:32+00:00\",\"description\":\"Siamo una societ\u00e0 di consulenza CRO e Pharma che mira a fornire soluzioni durante il processo della sperimentazione clinica.\",\"breadcrumb\":{\"@id\":\"https:\/\/leonresearch.com\/it\/studio-clinico\/#breadcrumb\"},\"inLanguage\":\"it-IT\",\"potentialAction\":[{\"@type\":\"ReadAction\",\"target\":[\"https:\/\/leonresearch.com\/it\/studio-clinico\/\"]}]},{\"@type\":\"ImageObject\",\"inLanguage\":\"it-IT\",\"@id\":\"https:\/\/leonresearch.com\/it\/studio-clinico\/#primaryimage\",\"url\":\"https:\/\/leonresearch.com\/wp-content\/uploads\/2024\/02\/icono-calculadora-numero-pacientes.png\",\"contentUrl\":\"https:\/\/leonresearch.com\/wp-content\/uploads\/2024\/02\/icono-calculadora-numero-pacientes.png\"},{\"@type\":\"BreadcrumbList\",\"@id\":\"https:\/\/leonresearch.com\/it\/studio-clinico\/#breadcrumb\",\"itemListElement\":[{\"@type\":\"ListItem\",\"position\":1,\"name\":\"Home\",\"item\":\"https:\/\/leonresearch.com\/it\/\"},{\"@type\":\"ListItem\",\"position\":2,\"name\":\"Calcolatore\"}]},{\"@type\":\"WebSite\",\"@id\":\"https:\/\/leonresearch.com\/it\/#website\",\"url\":\"https:\/\/leonresearch.com\/it\/\",\"name\":\"Leon Research\",\"description\":\"CRO Contract Research Organization\",\"publisher\":{\"@id\":\"https:\/\/leonresearch.com\/it\/#organization\"},\"alternateName\":\"Contract Research Organization (CRO)\",\"potentialAction\":[{\"@type\":\"SearchAction\",\"target\":{\"@type\":\"EntryPoint\",\"urlTemplate\":\"https:\/\/leonresearch.com\/it\/?s={search_term_string}\"},\"query-input\":{\"@type\":\"PropertyValueSpecification\",\"valueRequired\":true,\"valueName\":\"search_term_string\"}}],\"inLanguage\":\"it-IT\"},{\"@type\":\"Organization\",\"@id\":\"https:\/\/leonresearch.com\/it\/#organization\",\"name\":\"Leon Reseach\",\"alternateName\":\"Contract Research Organization (CRO)\",\"url\":\"https:\/\/leonresearch.com\/it\/\",\"logo\":{\"@type\":\"ImageObject\",\"inLanguage\":\"it-IT\",\"@id\":\"https:\/\/leonresearch.com\/it\/#\/schema\/logo\/image\/\",\"url\":\"https:\/\/leonresearch.com\/wp-content\/uploads\/2023\/07\/icono-LRhome.png\",\"contentUrl\":\"https:\/\/leonresearch.com\/wp-content\/uploads\/2023\/07\/icono-LRhome.png\",\"width\":111,\"height\":111,\"caption\":\"Leon Reseach\"},\"image\":{\"@id\":\"https:\/\/leonresearch.com\/it\/#\/schema\/logo\/image\/\"},\"sameAs\":[\"https:\/\/es.linkedin.com\/company\/leon-research\"]}]}<\/script>\n<!-- \/ Yoast SEO plugin. -->","yoast_head_json":{"title":"&#8226; Calcolatore &#8226; 15 anni come CRO","description":"Siamo una societ\u00e0 di consulenza CRO e Pharma che mira a fornire soluzioni durante il processo della sperimentazione clinica.","robots":{"index":"noindex","follow":"follow"},"og_locale":"it_IT","og_type":"article","og_title":"&#8226; Calcolatore &#8226; 15 anni come CRO","og_description":"Siamo una societ\u00e0 di consulenza CRO e Pharma che mira a fornire soluzioni durante il processo della sperimentazione clinica.","og_url":"https:\/\/leonresearch.com\/it\/studio-clinico\/","og_site_name":"Leon Research","article_modified_time":"2024-04-29T14:05:32+00:00","og_image":[{"url":"https:\/\/leonresearch.com\/wp-content\/uploads\/2024\/02\/icono-calculadora-numero-pacientes.png","type":"","width":"","height":""}],"twitter_card":"summary_large_image","schema":{"@context":"https:\/\/schema.org","@graph":[{"@type":"WebPage","@id":"https:\/\/leonresearch.com\/it\/studio-clinico\/","url":"https:\/\/leonresearch.com\/it\/studio-clinico\/","name":"&#8226; Calcolatore &#8226; 15 anni come CRO","isPartOf":{"@id":"https:\/\/leonresearch.com\/it\/#website"},"primaryImageOfPage":{"@id":"https:\/\/leonresearch.com\/it\/studio-clinico\/#primaryimage"},"image":{"@id":"https:\/\/leonresearch.com\/it\/studio-clinico\/#primaryimage"},"thumbnailUrl":"https:\/\/leonresearch.com\/wp-content\/uploads\/2024\/02\/icono-calculadora-numero-pacientes.png","datePublished":"2024-02-02T10:44:24+00:00","dateModified":"2024-04-29T14:05:32+00:00","description":"Siamo una societ\u00e0 di consulenza CRO e Pharma che mira a fornire soluzioni durante il processo della sperimentazione clinica.","breadcrumb":{"@id":"https:\/\/leonresearch.com\/it\/studio-clinico\/#breadcrumb"},"inLanguage":"it-IT","potentialAction":[{"@type":"ReadAction","target":["https:\/\/leonresearch.com\/it\/studio-clinico\/"]}]},{"@type":"ImageObject","inLanguage":"it-IT","@id":"https:\/\/leonresearch.com\/it\/studio-clinico\/#primaryimage","url":"https:\/\/leonresearch.com\/wp-content\/uploads\/2024\/02\/icono-calculadora-numero-pacientes.png","contentUrl":"https:\/\/leonresearch.com\/wp-content\/uploads\/2024\/02\/icono-calculadora-numero-pacientes.png"},{"@type":"BreadcrumbList","@id":"https:\/\/leonresearch.com\/it\/studio-clinico\/#breadcrumb","itemListElement":[{"@type":"ListItem","position":1,"name":"Home","item":"https:\/\/leonresearch.com\/it\/"},{"@type":"ListItem","position":2,"name":"Calcolatore"}]},{"@type":"WebSite","@id":"https:\/\/leonresearch.com\/it\/#website","url":"https:\/\/leonresearch.com\/it\/","name":"Leon Research","description":"CRO Contract Research Organization","publisher":{"@id":"https:\/\/leonresearch.com\/it\/#organization"},"alternateName":"Contract Research Organization (CRO)","potentialAction":[{"@type":"SearchAction","target":{"@type":"EntryPoint","urlTemplate":"https:\/\/leonresearch.com\/it\/?s={search_term_string}"},"query-input":{"@type":"PropertyValueSpecification","valueRequired":true,"valueName":"search_term_string"}}],"inLanguage":"it-IT"},{"@type":"Organization","@id":"https:\/\/leonresearch.com\/it\/#organization","name":"Leon Reseach","alternateName":"Contract Research Organization (CRO)","url":"https:\/\/leonresearch.com\/it\/","logo":{"@type":"ImageObject","inLanguage":"it-IT","@id":"https:\/\/leonresearch.com\/it\/#\/schema\/logo\/image\/","url":"https:\/\/leonresearch.com\/wp-content\/uploads\/2023\/07\/icono-LRhome.png","contentUrl":"https:\/\/leonresearch.com\/wp-content\/uploads\/2023\/07\/icono-LRhome.png","width":111,"height":111,"caption":"Leon Reseach"},"image":{"@id":"https:\/\/leonresearch.com\/it\/#\/schema\/logo\/image\/"},"sameAs":["https:\/\/es.linkedin.com\/company\/leon-research"]}]}},"builder_content":"<h1 style=\"text-align: center;\"><strong>QUANTO COSTA IL VOSTRO STUDIO CLINICO?<\/strong><\/h1>\n<p><strong>Compilate <a href=\"#calcolatore\">questo modulo<\/a> e, in pochi minuti, riceverete il preventivo nella vostra casella di posta elettronica.<\/strong><\/p>\n<h2>Calcolatore di studi clinici <\/h2> <p>Compilate questo modulo e vi invieremo un'e-mail con il budget stimato per il vostro studio clinico<\/p>\n[calcolatore-leon-research]\n<h2 style=\"text-align: center;\">Come si calcola il budget di uno studio clinico?\u00a0<\/h2>\n<p><strong>Uniamo la nostra esperienza di CRO (Contract Research Organization) e i Big Data per fornirvi una stima del budget.Basta compilare il <a href=\"#calcolatore\">nostro modulo<\/a><\/strong><\/p>\n<h2>Ecco i parametri che utilizziamo per calcolare il vostro budget:\u00a0<\/h2>\n<img src=\"https:\/\/leonresearch.com\/wp-content\/uploads\/2024\/02\/icono-calculadora-numero-pacientes.png\" title=\"icono-calculadora-numero-pacientes\" alt=\"N\u00famero de pacientes Calculadora ensayo cl\u00ednico\" srcset=\"https:\/\/leonresearch.com\/wp-content\/uploads\/2024\/02\/icono-calculadora-numero-pacientes.png 333w, https:\/\/leonresearch.com\/wp-content\/uploads\/2024\/02\/icono-calculadora-numero-pacientes-300x247.png 300w\" sizes=\"(max-width: 333px) 100vw, 333px\" \/>\n<h3>PAZIENTI<\/h3> <p>Quanti pazienti devono essere reclutati per avere un campione rappresentativo?<\/p>\n<img src=\"https:\/\/leonresearch.com\/wp-content\/uploads\/2024\/02\/icono-calculadora-Paises.png\" title=\"icono-calculadora-Paises\" alt=\"N\u00famero de Pa\u00edses Calculadora ensayo cl\u00ednico\" srcset=\"https:\/\/leonresearch.com\/wp-content\/uploads\/2024\/02\/icono-calculadora-Paises.png 333w, https:\/\/leonresearch.com\/wp-content\/uploads\/2024\/02\/icono-calculadora-Paises-300x247.png 300w\" sizes=\"(max-width: 333px) 100vw, 333px\" \/>\n<h3>PAESI E SITI<\/h3><h3>Un paese o pi\u00f9 paesi? Quanti siti sono stati presi in considerazione per partecipare allo studio?\u00a0<\/h3>\n<img src=\"https:\/\/leonresearch.com\/wp-content\/uploads\/2024\/02\/icono-calculadora-tiempo.png\" title=\"icono-calculadora-tiempo\" alt=\"Tiempo tratamiento Calculadora ensayo cl\u00ednico\" srcset=\"https:\/\/leonresearch.com\/wp-content\/uploads\/2024\/02\/icono-calculadora-tiempo.png 333w, https:\/\/leonresearch.com\/wp-content\/uploads\/2024\/02\/icono-calculadora-tiempo-300x247.png 300w\" sizes=\"(max-width: 333px) 100vw, 333px\" \/>\n<h3>TEMPO STIMATO<\/h3> <p>Quanto dura il trattamento? Qual \u00e8 il periodo stimato di reclutamento e quando termina? <\/p>\n<img src=\"https:\/\/leonresearch.com\/wp-content\/uploads\/2024\/02\/icono-calculadora-SAES-SUSARS.png\" title=\"icono-calculadora-SAES-SUSARS\" alt=\"SAES y SUSARS Calculadora ensayo cl\u00ednico\" srcset=\"https:\/\/leonresearch.com\/wp-content\/uploads\/2024\/02\/icono-calculadora-SAES-SUSARS.png 333w, https:\/\/leonresearch.com\/wp-content\/uploads\/2024\/02\/icono-calculadora-SAES-SUSARS-300x247.png 300w\" sizes=\"(max-width: 333px) 100vw, 333px\" \/>\n<h3>SAE E SUSAR<\/h3><h3>Quanti SAE (Serious Adverse Events) e SUSAR (Unexpected Adverse Reactions) sono attesi ?\u00a0<\/h3>\n<h2>Contattateci a questo <a href=\"https:\/\/leonresearch.com\/contact-leon-research\/\">link<\/a> se desiderate ricevere un preventivo personalizzato per il vostro studio clinico.<\/h2>\n<a href=\"https:\/\/leonresearch.com\/it\/contatto-leon-research\/\" > Richiedi un preventivo <\/a>","_links":{"self":[{"href":"https:\/\/leonresearch.com\/it\/wp-json\/wp\/v2\/pages\/4388","targetHints":{"allow":["GET"]}}],"collection":[{"href":"https:\/\/leonresearch.com\/it\/wp-json\/wp\/v2\/pages"}],"about":[{"href":"https:\/\/leonresearch.com\/it\/wp-json\/wp\/v2\/types\/page"}],"author":[{"embeddable":true,"href":"https:\/\/leonresearch.com\/it\/wp-json\/wp\/v2\/users\/3"}],"replies":[{"embeddable":true,"href":"https:\/\/leonresearch.com\/it\/wp-json\/wp\/v2\/comments?post=4388"}],"version-history":[{"count":11,"href":"https:\/\/leonresearch.com\/it\/wp-json\/wp\/v2\/pages\/4388\/revisions"}],"predecessor-version":[{"id":5035,"href":"https:\/\/leonresearch.com\/it\/wp-json\/wp\/v2\/pages\/4388\/revisions\/5035"}],"wp:attachment":[{"href":"https:\/\/leonresearch.com\/it\/wp-json\/wp\/v2\/media?parent=4388"}],"curies":[{"name":"wp","href":"https:\/\/api.w.org\/{rel}","templated":true}]}}