{"id":3896,"date":"2023-07-27T11:23:06","date_gmt":"2023-07-27T09:23:06","guid":{"rendered":"https:\/\/leonresearch.com\/dichiarazione-di-accessibilita\/"},"modified":"2023-09-19T12:45:01","modified_gmt":"2023-09-19T10:45:01","slug":"dichiarazione-di-accessibilita","status":"publish","type":"page","link":"https:\/\/leonresearch.com\/it\/dichiarazione-di-accessibilita\/","title":{"rendered":"Dichiarazione di accessibilit\u00e0"},"content":{"rendered":"<!--themify_builder_content-->\n<div id=\"themify_builder_content-3896\" data-postid=\"3896\" class=\"themify_builder_content themify_builder_content-3896 themify_builder tf_clear\">\n                    <div  data-lazy=\"1\" class=\"module_row themify_builder_row tb_9oz3815 tb_first tf_w\">\n                        <div class=\"row_inner col_align_top tb_col_count_1 tf_box tf_rel\">\n                        <div  data-lazy=\"1\" class=\"module_column tb-column col-full tb_h2t0816 first\">\n                            <div  data-lazy=\"1\" class=\"module_subrow themify_builder_sub_row tf_w col_align_top tb_col_count_1 tb_j4d2494\">\n                <div  data-lazy=\"1\" class=\"module_column sub_column col-full tb_ibdq494 first\">\n                    <!-- module text -->\n<div  class=\"module module-text tb_lgjt628   \" data-lazy=\"1\">\n        <div  class=\"tb_text_wrap\">\n        <h1>Dichiarazione di accessibilit\u00e0<\/h1>    <\/div>\n<\/div>\n<!-- \/module text --><!-- module text -->\n<div  class=\"module module-text tb_21k2599   \" data-lazy=\"1\">\n        <div  class=\"tb_text_wrap\">\n        <p>Le\u00f3n Research SL, si \u00e8 impegnata a rendere accessibile il suo sito web in conformit\u00e0 con il Real Decreto 1112\/2018, de 7 de septiembre sobre accesibilidad de los sitios web y aplicaciones para dispositivos m\u00f3viles del sector p\u00fablico (en adelante, Real Decreto 1112\/2018, de 7 de septiembre).<\/p>\n<p>La presente dichiarazione di accessibilit\u00e0 si applica al sito web <a href=\"https:\/\/leonresearch.com\/\">https:\/\/leonresearch.com\/<\/a>.<\/p>\n<p><strong>Situazione di cumulo<\/strong><\/p>\n<p>Questo sito web \u00e8 <strong>parzialmente conforme<\/strong> al Real Decreto 1112\/2018, de 7 de septiembre, a causa della mancanza di conformit\u00e0 degli aspetti indicati di seguito.<\/p>\n<p><strong>Contenuto non accessibile<\/strong><\/p>\n<p>Il contenuto che si recoge a continuazione non \u00e8 accessibile da questo punto di vista:<\/p>\n<ul>\n<li><strong>Falta de conformidad con el Real Decreto 1112\/2018, de 7 de septiembre<\/strong>: podr\u00edan existir fallos puntuales de edici\u00f3n en alguna p\u00e1gina web, tanto en contenidos HTML como en documentos finales, publicados en fecha posterior al 20 de septiembre de 2018 (fecha de entrada en vigor del Real Decreto 1112\/2018, de 7 de septiembre). In particolare, possono esistere logotipi e immagini con testo alternativo errato o confuso e immagini complete senza descrizione testuale; testo che, cambiando gli spazi e le altezze della linea, non viene visualizzato correttamente.<em>,  <\/em>elementi che non sono accessibili con il teclado, come ad esempio i link ai social network o la presenza di errori puntuali di modifica in una pagina web.<\/li>\n<li><strong>Carga desproporcionada: <\/strong>no aplica.<\/li>\n<li><strong>Il contenuto non rientra nell&#8217;ambito della legislazione applicabile:  <\/strong>possono esistere archivi ofim\u00e1ticos in PDF o altri formati pubblicati prima del 20 de septiembre de 2018 che non soddisfano nella loro totalit\u00e0 tutti i requisiti di accessibilit\u00e0; inoltre possono trovarsi in questa situazione contenuti di terzi non sviluppati, n\u00e9 sotto il controllo di questa azienda.<\/li>\n<\/ul>\n<p><strong> <\/strong><\/p>\n<p><strong>Preparazione della presente dichiarazione di accessibilit\u00e0<\/strong><\/p>\n<p>La presente dichiarazione \u00e8 stata preparata il 27 luglio 2023.<\/p>\n<p>Il metodo utilizzato per preparare la dichiarazione \u00e8 stata un&#8217;autovalutazione condotta dalla propria entit\u00e0 e convalidata dall&#8217;organismo responsabile del Kit Digital.  <strong><br><\/strong><\/p>\n<p><strong>Osservazioni e dati di contatto<\/strong><\/p>\n<p>Puede realizar comunicaciones sobre requisitos de accesibilidad (art\u00edculo 10.2.a) del Real Decreto 1112\/2018, de 7 de septiembre) como, por ejemplo:<\/p>\n<ul>\n<li>Informare su ogni possibile inadempienza da parte di questo sito web.<\/li>\n<li>Trasmettere altre difficolt\u00e0 di accesso ai contenuti.<\/li>\n<li>Formulare qualsiasi altra consulenza o richiesta di miglioramento relativa all&#8217;accessibilit\u00e0 del sito web.<\/li>\n<\/ul>\n<p>Tramite il seguente<a href=\"https:\/\/leonresearch.com\/contact-leon-research\/\"> <u>formulario di contatto<\/u><\/a> o chiamando il numero <a href=\"tel:%20987261064\">987 261 064<\/a> si pu\u00f2 presentare:<\/p>\n<ul>\n<li>una Queja relativa al cumplimiento de los requisitos del RD 1112\/2018 o<\/li>\n<li>una Solicitud de Informaci\u00f3n accesible relativa a:  \n<ul>\n<li>contenidos que est\u00e1n excluidos del \u00e1mbito de aplicaci\u00f3n del RD 1112\/2018 seg\u00fan lo establecido por el art\u00edculo 3, apartado 4<\/li>\n<li>contenuti che sono esenti dal cumulo dei requisiti di accessibilit\u00e0 per imporre un&#8217;autovettura non conforme.<\/li>\n<\/ul>\n<\/li>\n<\/ul>\n<p>Nella Solicitud de informaci\u00f3n accesible, se debe concretar, con toda claridad, los hechos, razones y petici\u00f3n que permitan constatar que se trata de una solicitud razonable y leg\u00edtima.<\/p>\n<p>A cura della <a href=\"https:\/\/serviciosede.mineco.gob.es\/FB\/Home.aspx?control=161_IG\">Instancia Gen\u00e9rica della Sede electr\u00f3nica del Ministerio de Asuntos Econ\u00f3micos y Transformaci\u00f3n Digital<\/a>. Le comunicazioni, le domande e le richieste di informazioni accessibili saranno ricevute e trattate dalla Secretar\u00eda General de Administraci\u00f3n Digital.<\/p>\n<p><strong>Procedura di applicazione<\/strong><\/p>\n<p>Se una volta realizzata una solicitud de informaci\u00f3n accesible o queja, \u00e9sta hubiera sido desestimada, no se estuviera de acuerdo con la decisi\u00f3n adoptada, o la respuesta no cumpliera los requisitos contemplados en el art\u00edculo 12.5, la persona interesada podr\u00e1 iniciar una reclamaci\u00f3n. Igualmente se podr\u00e1 iniciar una reclamaci\u00f3n en el caso de que haya trascurrido el plazo de veinte d\u00edas h\u00e1biles sin haber obtenido respuesta.<\/p>\n<p>Il reclamo pu\u00f2 essere presentato attraverso la <a href=\"https:\/\/serviciosede.mineco.gob.es\/FB\/Home.aspx?control=161_IG\">Instancia Gen\u00e9rica della Sede electr\u00f3nica del Ministerio de Asuntos Econ\u00f3micos y Transformaci\u00f3n Digital<\/a>. I reclami saranno esaminati e trattati dalla Sottodirezione Generale di Ispezione dei Servizi del Ministero degli Affari Economici e della Trasformazione Digitale.<\/p>\n<p><strong>CONTENUTO OPZIONALE<\/strong><\/p>\n<p>Questo sito web applica i requisiti della norma UNE-EN 301549:2022 considerando le eccezioni del RD 1112\/2018.<\/p>\n<p>L&#8217;ultima revisione dell&#8217;accessibilit\u00e0 \u00e8 stata effettuata nel luglio 2023.<\/p>\n<p>Tra le altre cose, si adottano le seguenti misure per facilitare l&#8217;accessibilit\u00e0:<\/p>\n<ul>\n<li>Il sito web \u00e8 ottimizzato per i browser Microsoft Internet Explorer 8.0 o versioni successive e per le ultime versioni aggiornate di FireFox, Safari, Opera e Google Chrome.<\/li>\n<li>Il sito web \u00e8 progettato per la visualizzazione responsiva, in modo da essere visualizzato in modo ottimale sui dispositivi tablet e mobile. Su questi dispositivi \u00e8 ottimizzato per la visualizzazione nelle ultime versioni aggiornate di Chrome for mobile, Firefox for mobile, Safari mobile, Opera Mini e del navigatore nativo di Android.<\/li>\n<li>Se si utilizza il testo alternativo nelle immagini<\/li>\n<li>Gli indirizzi contengono informazioni dettagliate sulla funzione o sul destino del dispositivo.<\/li>\n<li>Uso degli standard del W3C: XHTML 1.0, CSS 3.0, WAI AA.<\/li>\n<\/ul>\n<p> <\/p>    <\/div>\n<\/div>\n<!-- \/module text -->        <\/div>\n                    <\/div>\n                <\/div>\n                        <\/div>\n        <\/div>\n        <\/div>\n<!--\/themify_builder_content-->","protected":false},"excerpt":{"rendered":"<p>Dichiarazione di accessibilit\u00e0<\/p>\n","protected":false},"author":3,"featured_media":0,"parent":0,"menu_order":0,"comment_status":"closed","ping_status":"closed","template":"","meta":{"footnotes":""},"class_list":["post-3896","page","type-page","status-publish","hentry","has-post-title","has-post-date","has-post-category","has-post-tag","has-post-comment","has-post-author",""],"yoast_head":"<!-- This site is optimized with the Yoast SEO plugin v27.4 - https:\/\/yoast.com\/product\/yoast-seo-wordpress\/ -->\n<title>Dichiarazione di accessibilit\u00e0 &#8226; Leon Research<\/title>\n<meta name=\"robots\" content=\"noindex, nofollow\" \/>\n<meta property=\"og:locale\" content=\"it_IT\" \/>\n<meta property=\"og:type\" content=\"article\" \/>\n<meta property=\"og:title\" content=\"Dichiarazione di accessibilit\u00e0 &#8226; Leon Research\" \/>\n<meta property=\"og:url\" content=\"https:\/\/leonresearch.com\/it\/dichiarazione-di-accessibilita\/\" \/>\n<meta property=\"og:site_name\" content=\"Leon Research\" \/>\n<meta property=\"article:modified_time\" content=\"2023-09-19T10:45:01+00:00\" \/>\n<meta property=\"og:image\" content=\"https:\/\/leonresearch.com\/wp-content\/uploads\/2023\/07\/logo-ok-leonresearchpng.png\" \/>\n\t<meta property=\"og:image:width\" content=\"333\" \/>\n\t<meta property=\"og:image:height\" content=\"82\" \/>\n\t<meta property=\"og:image:type\" content=\"image\/png\" \/>\n<meta name=\"twitter:card\" content=\"summary_large_image\" \/>\n<script type=\"application\/ld+json\" class=\"yoast-schema-graph\">{\"@context\":\"https:\\\/\\\/schema.org\",\"@graph\":[{\"@type\":\"WebPage\",\"@id\":\"https:\\\/\\\/leonresearch.com\\\/it\\\/dichiarazione-di-accessibilita\\\/\",\"url\":\"https:\\\/\\\/leonresearch.com\\\/it\\\/dichiarazione-di-accessibilita\\\/\",\"name\":\"Dichiarazione di accessibilit\u00e0 &#8226; Leon Research\",\"isPartOf\":{\"@id\":\"https:\\\/\\\/leonresearch.com\\\/it\\\/#website\"},\"datePublished\":\"2023-07-27T09:23:06+00:00\",\"dateModified\":\"2023-09-19T10:45:01+00:00\",\"breadcrumb\":{\"@id\":\"https:\\\/\\\/leonresearch.com\\\/it\\\/dichiarazione-di-accessibilita\\\/#breadcrumb\"},\"inLanguage\":\"it-IT\",\"potentialAction\":[{\"@type\":\"ReadAction\",\"target\":[\"https:\\\/\\\/leonresearch.com\\\/it\\\/dichiarazione-di-accessibilita\\\/\"]}]},{\"@type\":\"BreadcrumbList\",\"@id\":\"https:\\\/\\\/leonresearch.com\\\/it\\\/dichiarazione-di-accessibilita\\\/#breadcrumb\",\"itemListElement\":[{\"@type\":\"ListItem\",\"position\":1,\"name\":\"Home\",\"item\":\"https:\\\/\\\/leonresearch.com\\\/it\\\/\"},{\"@type\":\"ListItem\",\"position\":2,\"name\":\"Dichiarazione di accessibilit\u00e0\"}]},{\"@type\":\"WebSite\",\"@id\":\"https:\\\/\\\/leonresearch.com\\\/it\\\/#website\",\"url\":\"https:\\\/\\\/leonresearch.com\\\/it\\\/\",\"name\":\"Leon Research\",\"description\":\"CRO Contract Research Organization\",\"publisher\":{\"@id\":\"https:\\\/\\\/leonresearch.com\\\/it\\\/#organization\"},\"alternateName\":\"Contract Research Organization (CRO)\",\"potentialAction\":[{\"@type\":\"SearchAction\",\"target\":{\"@type\":\"EntryPoint\",\"urlTemplate\":\"https:\\\/\\\/leonresearch.com\\\/it\\\/?s={search_term_string}\"},\"query-input\":{\"@type\":\"PropertyValueSpecification\",\"valueRequired\":true,\"valueName\":\"search_term_string\"}}],\"inLanguage\":\"it-IT\"},{\"@type\":\"Organization\",\"@id\":\"https:\\\/\\\/leonresearch.com\\\/it\\\/#organization\",\"name\":\"Leon Reseach\",\"alternateName\":\"Contract Research Organization (CRO)\",\"url\":\"https:\\\/\\\/leonresearch.com\\\/it\\\/\",\"logo\":{\"@type\":\"ImageObject\",\"inLanguage\":\"it-IT\",\"@id\":\"https:\\\/\\\/leonresearch.com\\\/it\\\/#\\\/schema\\\/logo\\\/image\\\/\",\"url\":\"https:\\\/\\\/leonresearch.com\\\/wp-content\\\/uploads\\\/2023\\\/07\\\/icono-LRhome.png\",\"contentUrl\":\"https:\\\/\\\/leonresearch.com\\\/wp-content\\\/uploads\\\/2023\\\/07\\\/icono-LRhome.png\",\"width\":111,\"height\":111,\"caption\":\"Leon Reseach\"},\"image\":{\"@id\":\"https:\\\/\\\/leonresearch.com\\\/it\\\/#\\\/schema\\\/logo\\\/image\\\/\"},\"sameAs\":[\"https:\\\/\\\/es.linkedin.com\\\/company\\\/leon-research\"]}]}<\/script>\n<!-- \/ Yoast SEO plugin. -->","yoast_head_json":{"title":"Dichiarazione di accessibilit\u00e0 &#8226; Leon Research","robots":{"index":"noindex","follow":"nofollow"},"og_locale":"it_IT","og_type":"article","og_title":"Dichiarazione di accessibilit\u00e0 &#8226; Leon Research","og_url":"https:\/\/leonresearch.com\/it\/dichiarazione-di-accessibilita\/","og_site_name":"Leon Research","article_modified_time":"2023-09-19T10:45:01+00:00","og_image":[{"width":333,"height":82,"url":"https:\/\/leonresearch.com\/wp-content\/uploads\/2023\/07\/logo-ok-leonresearchpng.png","type":"image\/png"}],"twitter_card":"summary_large_image","schema":{"@context":"https:\/\/schema.org","@graph":[{"@type":"WebPage","@id":"https:\/\/leonresearch.com\/it\/dichiarazione-di-accessibilita\/","url":"https:\/\/leonresearch.com\/it\/dichiarazione-di-accessibilita\/","name":"Dichiarazione di accessibilit\u00e0 &#8226; Leon Research","isPartOf":{"@id":"https:\/\/leonresearch.com\/it\/#website"},"datePublished":"2023-07-27T09:23:06+00:00","dateModified":"2023-09-19T10:45:01+00:00","breadcrumb":{"@id":"https:\/\/leonresearch.com\/it\/dichiarazione-di-accessibilita\/#breadcrumb"},"inLanguage":"it-IT","potentialAction":[{"@type":"ReadAction","target":["https:\/\/leonresearch.com\/it\/dichiarazione-di-accessibilita\/"]}]},{"@type":"BreadcrumbList","@id":"https:\/\/leonresearch.com\/it\/dichiarazione-di-accessibilita\/#breadcrumb","itemListElement":[{"@type":"ListItem","position":1,"name":"Home","item":"https:\/\/leonresearch.com\/it\/"},{"@type":"ListItem","position":2,"name":"Dichiarazione di accessibilit\u00e0"}]},{"@type":"WebSite","@id":"https:\/\/leonresearch.com\/it\/#website","url":"https:\/\/leonresearch.com\/it\/","name":"Leon Research","description":"CRO Contract Research Organization","publisher":{"@id":"https:\/\/leonresearch.com\/it\/#organization"},"alternateName":"Contract Research Organization (CRO)","potentialAction":[{"@type":"SearchAction","target":{"@type":"EntryPoint","urlTemplate":"https:\/\/leonresearch.com\/it\/?s={search_term_string}"},"query-input":{"@type":"PropertyValueSpecification","valueRequired":true,"valueName":"search_term_string"}}],"inLanguage":"it-IT"},{"@type":"Organization","@id":"https:\/\/leonresearch.com\/it\/#organization","name":"Leon Reseach","alternateName":"Contract Research Organization (CRO)","url":"https:\/\/leonresearch.com\/it\/","logo":{"@type":"ImageObject","inLanguage":"it-IT","@id":"https:\/\/leonresearch.com\/it\/#\/schema\/logo\/image\/","url":"https:\/\/leonresearch.com\/wp-content\/uploads\/2023\/07\/icono-LRhome.png","contentUrl":"https:\/\/leonresearch.com\/wp-content\/uploads\/2023\/07\/icono-LRhome.png","width":111,"height":111,"caption":"Leon Reseach"},"image":{"@id":"https:\/\/leonresearch.com\/it\/#\/schema\/logo\/image\/"},"sameAs":["https:\/\/es.linkedin.com\/company\/leon-research"]}]}},"builder_content":"<h1>Dichiarazione di accessibilit\u00e0<\/h1>\n<p>Le\u00f3n Research SL, si \u00e8 impegnata a rendere accessibile il suo sito web in conformit\u00e0 con il Real Decreto 1112\/2018, de 7 de septiembre sobre accesibilidad de los sitios web y aplicaciones para dispositivos m\u00f3viles del sector p\u00fablico (en adelante, Real Decreto 1112\/2018, de 7 de septiembre).<\/p> <p>La presente dichiarazione di accessibilit\u00e0 si applica al sito web <a href=\"https:\/\/leonresearch.com\/\">https:\/\/leonresearch.com\/<\/a>.<\/p> <p><strong>Situazione di cumulo<\/strong><\/p> <p>Questo sito web \u00e8 <strong>parzialmente conforme<\/strong> al Real Decreto 1112\/2018, de 7 de septiembre, a causa della mancanza di conformit\u00e0 degli aspetti indicati di seguito.<\/p> <p><strong>Contenuto non accessibile<\/strong><\/p> <p>Il contenuto che si recoge a continuazione non \u00e8 accessibile da questo punto di vista:<\/p> <ul> <li><strong>Falta de conformidad con el Real Decreto 1112\/2018, de 7 de septiembre<\/strong>: podr\u00edan existir fallos puntuales de edici\u00f3n en alguna p\u00e1gina web, tanto en contenidos HTML como en documentos finales, publicados en fecha posterior al 20 de septiembre de 2018 (fecha de entrada en vigor del Real Decreto 1112\/2018, de 7 de septiembre). In particolare, possono esistere logotipi e immagini con testo alternativo errato o confuso e immagini complete senza descrizione testuale; testo che, cambiando gli spazi e le altezze della linea, non viene visualizzato correttamente.<em>, <\/em>elementi che non sono accessibili con il teclado, come ad esempio i link ai social network o la presenza di errori puntuali di modifica in una pagina web.<\/li> <li><strong>Carga desproporcionada: <\/strong>no aplica.<\/li> <li><strong>Il contenuto non rientra nell'ambito della legislazione applicabile: <\/strong>possono esistere archivi ofim\u00e1ticos in PDF o altri formati pubblicati prima del 20 de septiembre de 2018 che non soddisfano nella loro totalit\u00e0 tutti i requisiti di accessibilit\u00e0; inoltre possono trovarsi in questa situazione contenuti di terzi non sviluppati, n\u00e9 sotto il controllo di questa azienda.<\/li> <\/ul> <p><strong> <\/strong><\/p> <p><strong>Preparazione della presente dichiarazione di accessibilit\u00e0<\/strong><\/p> <p>La presente dichiarazione \u00e8 stata preparata il 27 luglio 2023.<\/p> <p>Il metodo utilizzato per preparare la dichiarazione \u00e8 stata un'autovalutazione condotta dalla propria entit\u00e0 e convalidata dall'organismo responsabile del Kit Digital. <strong><br><\/strong><\/p> <p><strong>Osservazioni e dati di contatto<\/strong><\/p> <p>Puede realizar comunicaciones sobre requisitos de accesibilidad (art\u00edculo 10.2.a) del Real Decreto 1112\/2018, de 7 de septiembre) como, por ejemplo:<\/p> <ul> <li>Informare su ogni possibile inadempienza da parte di questo sito web.<\/li> <li>Trasmettere altre difficolt\u00e0 di accesso ai contenuti.<\/li> <li>Formulare qualsiasi altra consulenza o richiesta di miglioramento relativa all'accessibilit\u00e0 del sito web.<\/li> <\/ul> <p>Tramite il seguente<a href=\"https:\/\/leonresearch.com\/contact-leon-research\/\"> <u>formulario di contatto<\/u><\/a> o chiamando il numero <a href=\"tel:%20987261064\">987 261 064<\/a> si pu\u00f2 presentare:<\/p> <ul> <li>una Queja relativa al cumplimiento de los requisitos del RD 1112\/2018 o<\/li> <li>una Solicitud de Informaci\u00f3n accesible relativa a: <ul> <li>contenidos que est\u00e1n excluidos del \u00e1mbito de aplicaci\u00f3n del RD 1112\/2018 seg\u00fan lo establecido por el art\u00edculo 3, apartado 4<\/li> <li>contenuti che sono esenti dal cumulo dei requisiti di accessibilit\u00e0 per imporre un'autovettura non conforme.<\/li> <\/ul> <\/li> <\/ul> <p>Nella Solicitud de informaci\u00f3n accesible, se debe concretar, con toda claridad, los hechos, razones y petici\u00f3n que permitan constatar que se trata de una solicitud razonable y leg\u00edtima.<\/p> <p>A cura della <a href=\"https:\/\/serviciosede.mineco.gob.es\/FB\/Home.aspx?control=161_IG\">Instancia Gen\u00e9rica della Sede electr\u00f3nica del Ministerio de Asuntos Econ\u00f3micos y Transformaci\u00f3n Digital<\/a>. Le comunicazioni, le domande e le richieste di informazioni accessibili saranno ricevute e trattate dalla Secretar\u00eda General de Administraci\u00f3n Digital.<\/p> <p><strong>Procedura di applicazione<\/strong><\/p> <p>Se una volta realizzata una solicitud de informaci\u00f3n accesible o queja, \u00e9sta hubiera sido desestimada, no se estuviera de acuerdo con la decisi\u00f3n adoptada, o la respuesta no cumpliera los requisitos contemplados en el art\u00edculo 12.5, la persona interesada podr\u00e1 iniciar una reclamaci\u00f3n. Igualmente se podr\u00e1 iniciar una reclamaci\u00f3n en el caso de que haya trascurrido el plazo de veinte d\u00edas h\u00e1biles sin haber obtenido respuesta.<\/p> <p>Il reclamo pu\u00f2 essere presentato attraverso la <a href=\"https:\/\/serviciosede.mineco.gob.es\/FB\/Home.aspx?control=161_IG\">Instancia Gen\u00e9rica della Sede electr\u00f3nica del Ministerio de Asuntos Econ\u00f3micos y Transformaci\u00f3n Digital<\/a>. I reclami saranno esaminati e trattati dalla Sottodirezione Generale di Ispezione dei Servizi del Ministero degli Affari Economici e della Trasformazione Digitale.<\/p> <p><strong>CONTENUTO OPZIONALE<\/strong><\/p> <p>Questo sito web applica i requisiti della norma UNE-EN 301549:2022 considerando le eccezioni del RD 1112\/2018.<\/p> <p>L'ultima revisione dell'accessibilit\u00e0 \u00e8 stata effettuata nel luglio 2023.<\/p> <p>Tra le altre cose, si adottano le seguenti misure per facilitare l'accessibilit\u00e0:<\/p> <ul> <li>Il sito web \u00e8 ottimizzato per i browser Microsoft Internet Explorer 8.0 o versioni successive e per le ultime versioni aggiornate di FireFox, Safari, Opera e Google Chrome.<\/li> <li>Il sito web \u00e8 progettato per la visualizzazione responsiva, in modo da essere visualizzato in modo ottimale sui dispositivi tablet e mobile. Su questi dispositivi \u00e8 ottimizzato per la visualizzazione nelle ultime versioni aggiornate di Chrome for mobile, Firefox for mobile, Safari mobile, Opera Mini e del navigatore nativo di Android.<\/li> <li>Se si utilizza il testo alternativo nelle immagini<\/li> <li>Gli indirizzi contengono informazioni dettagliate sulla funzione o sul destino del dispositivo.<\/li> <li>Uso degli standard del W3C: XHTML 1.0, CSS 3.0, WAI AA.<\/li> <\/ul> <p> <\/p>","_links":{"self":[{"href":"https:\/\/leonresearch.com\/it\/wp-json\/wp\/v2\/pages\/3896","targetHints":{"allow":["GET"]}}],"collection":[{"href":"https:\/\/leonresearch.com\/it\/wp-json\/wp\/v2\/pages"}],"about":[{"href":"https:\/\/leonresearch.com\/it\/wp-json\/wp\/v2\/types\/page"}],"author":[{"embeddable":true,"href":"https:\/\/leonresearch.com\/it\/wp-json\/wp\/v2\/users\/3"}],"replies":[{"embeddable":true,"href":"https:\/\/leonresearch.com\/it\/wp-json\/wp\/v2\/comments?post=3896"}],"version-history":[{"count":1,"href":"https:\/\/leonresearch.com\/it\/wp-json\/wp\/v2\/pages\/3896\/revisions"}],"predecessor-version":[{"id":3897,"href":"https:\/\/leonresearch.com\/it\/wp-json\/wp\/v2\/pages\/3896\/revisions\/3897"}],"wp:attachment":[{"href":"https:\/\/leonresearch.com\/it\/wp-json\/wp\/v2\/media?parent=3896"}],"curies":[{"name":"wp","href":"https:\/\/api.w.org\/{rel}","templated":true}]}}