{"id":3429,"date":"2023-07-06T11:11:20","date_gmt":"2023-07-06T09:11:20","guid":{"rendered":"https:\/\/leonresearch.com\/politica-sulla-privacy\/"},"modified":"2023-10-09T15:54:50","modified_gmt":"2023-10-09T13:54:50","slug":"politica-sulla-privacy","status":"publish","type":"page","link":"https:\/\/leonresearch.com\/it\/politica-sulla-privacy\/","title":{"rendered":"Protezione dei dati personali secondo il GDPR"},"content":{"rendered":"\n<h1 class=\"wp-block-heading has-text-align-left\">Protezione dei dati personali secondo il GDPR<\/h1>\n\n<p>Le\u00f3n Research, S.L. ai sensi della normativa vigente in materia di protezione dei dati personali, segnala che i dati personali raccolti attraverso i moduli disponibili sul sito web: ww.leonresearch.com, sono inclusi in file informatici per servizi specifici dell&#8217;utente di Le\u00f3n Research, S.L..<\/p>\n\n<p>La raccolta e l&#8217;elaborazione dei dati personali sono finalizzate al mantenimento di rapporti commerciali e prestazioni in mansioni di informazione, formazione, consulenza e altre attivit\u00e0.<\/p>\n\n<p>I dati verranno trasferiti esclusivamente a quei soggetti che sono necessari al solo scopo di ottemperare allo scopo sopra indicato.<\/p>\n\n<p>Le\u00f3n Research, S.L. adotter\u00e0 le misure necessarie per garantire la sicurezza, l&#8217;integrit\u00e0 e la riservatezza dei dati conformemente alle disposizioni del EU General Data Protection Regulation (GDPR).<\/p>\n\n<p>L&#8217;utente pu\u00f2 in qualsiasi momento esercitare i propri diritti di accesso, opposizione, rettifica, limitazione, portabilit\u00e0 e cancellazione riconosciuti dal Data Protection Regulation. L&#8217;utente pu\u00f2 esercitare questi diritti gratuitamente via email a: <a href=\"mailto:personal.data.protection@leonresearch.com\">personal.data.protection@leonresearch.com<\/a> o all&#8217;indirizzo: c\/ Nicostrato Vela s\/n M11.2, Parque Tecnol\u00f3gico Le\u00f3n, 24009 Le\u00f3n (Spagna).<\/p>\n\n<p>L&#8217;utente dichiara che tutte le informazioni da lui fornite sono vere e corrette e si impegna a mantenerle aggiornate, comunicando le modifiche a Le\u00f3n Research, S.L..<\/p>\n\n<h2 class=\"wp-block-heading\">Finalit\u00e0 del trattamento dei dati personali:<\/h2>\n\n<h3 class=\"wp-block-heading\">A quale scopo tratteremo i tuoi dati personali?<\/h3>\n\n<p>In Le\u00f3n Research, S.L., tratteremo i tuoi dati personali raccolti attraverso il sito Web: www.leonresearch.com, con i seguenti scopi:<\/p>\n\n<p>Adempiere agli obblighi commerciali, sindacali, societari e contabili della societ\u00e0.<\/p>\n\n<p>Fornire i propri servizi in conformit\u00e0 con le particolari esigenze dei clienti, al fine di adempiere ai contratti da essa sottoscritti.<\/p>\n\n<p>Invio di informazioni commerciali e newsletter sui nuovi servizi offerti sul web e nel settore.<\/p>\n\n<p>Il processo di archiviazione, aggiornamento dei sistemi, protezione e salvaguardia delle informazioni e dei database aziendali.<\/p>\n\n<p>Eseguire un contratto firmato in remoto con l&#8217;utente.<\/p>\n\n<p>Fornire i servizi contrattati dall&#8217;utente.<\/p>\n\n<p>Invia informazioni promozionali elettronicamente.<\/p>\n\n<p>Fornire le informazioni richieste dall&#8217;utente tramite il modulo di contatto.<\/p>\n\n<p>Gestire i CV e le offerte di lavoro dei candidati che forniscono i propri dati personali tramite il modulo web.<\/p>\n\n<p>Ti ricordiamo che puoi opporti all&#8217;invio di comunicazioni commerciali con qualsiasi mezzo e in qualsiasi momento, inviando una email all&#8217;indirizzo sopra indicato.<\/p>\n\n<p>I campi di questi registri sono obbligatori, poich\u00e9 \u00e8 impossibile realizzare gli scopi espressi se questi dati non vengono forniti.<\/p>\n\n<h3 class=\"wp-block-heading\">Per quanto tempo vengono conservati i dati personali raccolti?<\/h3>\n\n<p>I dati personali forniti saranno conservati fintanto che il rapporto commerciale viene mantenuto o l&#8217;utente non ne richiede la cancellazione e durante il periodo per il quale potrebbero sorgere responsabilit\u00e0 legali per i servizi resi.<\/p>\n\n<h2 class=\"wp-block-heading\">Legittimazione:<\/h2>\n\n<p>Il trattamento dei tuoi dati verr\u00e0 effettuato con le seguenti basi legali che lo legittimano:<\/p>\n\n<p>1.Richiesta di informazioni e\/o appalto dei servizi di Le\u00f3n Research, S.L., i cui termini e condizioni saranno resi disponibili in ogni caso, prima di un eventuale contratto.<\/p>\n\n<p>2. Consenso libero, specifico, informato e inequivocabile, come vi informiamo mettendo a disposizione la presente informativa sulla privacy, che dopo aver letto la stessa, se siete d&#8217;accordo, potete accettare con una dichiarazione o un&#8217;azione chiara affermativa, come il contrassegno di una casella specifica a questo scopo.<\/p>\n\n<p>Nel caso in cui non ci forniate le vostre informazioni o lo facciate in modo errato o incompleto, non saremo in grado di soddisfare la vostra richiesta, poich\u00e9 \u00e8 impossibile fornirvi le informazioni richieste o eseguire l\u2019appalto dei servizi.<\/p>\n\n<h2 class=\"wp-block-heading\">Destinatari:<\/h2>\n\n<p>I dati non saranno comunicati a terzi al di fuori di Le\u00f3n Research, S.L., ad eccezione degli obblighi di legge. In qualit\u00e0 di responsabili del trattamento, abbiamo assunto i seguenti fornitori di servizi, impegnandoci a rispettare le disposizioni normative, applicabili in termini di protezione dei dati, al momento dell&#8217;assunzione:<\/p>\n\n<h2 class=\"wp-block-heading\">Dati raccolti dagli utenti del servizio:<\/h2>\n\n<p>Se l&#8217;utente include file che contengono dati personali su server di hosting condivisi, Le\u00f3n Research, S.L. non \u00e8 responsabile per la violazione da parte dell&#8217;utente del regolamento sulla protezione dei dati. Le\u00f3n Research, S.L. riferisce che, in qualit\u00e0 di fornitore di servizi di hosting e ai sensi delle disposizioni contenute nella legge 34\/2002, del 11 luglio, sui servizi della societ\u00e0 dell&#8217;informazione e il commercio elettronico (LSSI), ha conservato per un periodo massimo di 12 mesi le informazioni essenziali per identificare la fonte di dati memorizzati e l&#8217;ora di inizio del servizio. La conservazione di tali dati non influisce sul segreto nelle comunicazioni e pu\u00f2 essere utilizzata solo nell&#8217;ambito di un&#8217;indagine penale o per salvaguardare la sicurezza pubblica, rendendosi disponibile ai giudici e\/o ai tribunali o al Ministero che la richiede. La comunicazione dei dati alle forze statali sar\u00e0 soggetta a disposizioni di legge sulla protezione dei dati personali.<\/p>\n\n<h2 class=\"wp-block-heading\">Diritti di propriet\u00e0 intellettuale<\/h2>\n\n<p>Le\u00f3n Research, S.L. possiede tutti i diritti d&#8217;autore, propriet\u00e0 intellettuale, industriale, &#8220;know how&#8221; e qualsiasi altro diritto relativo al contenuto del sito web www.leonresearch.com e i servizi offerti su di esso, nonch\u00e9 i programmi necessari per la sua attuazione e le informazioni correlate.<\/p>\n\n<p>Nessuna riproduzione, pubblicazione e\/o utilizzo disponibili per i contenuti strettamente privati, completi o parziali, sul sito web www.leonresearch.com senza previo consenso scritto.<\/p>\n\n<h2 class=\"wp-block-heading\">Diritti di propriet\u00e0 intellettuale del software<\/h2>\n\n<p>\u00c8 necessario rispettare altri programmi resi disponibili da Le\u00f3n Research, S.L., pur essendo gratuiti e\/o disponibili al pubblico.<\/p>\n\n<p>Le\u00f3n Research, S.L. ha diritti di sfruttamento e propriet\u00e0 intellettuale per i software necessari.<\/p>\n\n<p>L&#8217;utente non acquisisce alcun diritto o licenza da parte del servizio contrattato, del software necessario per fornire il servizio o della traccia del servizio di informazioni tecniche, ad eccezione dei diritti e delle licenze necessari nell&#8217;adempimento dei servizi contrattati e solo per la durata dello stesso. In qualsiasi azione che superi l&#8217;esecuzione del contratto, l&#8217;utente avr\u00e0 bisogno dell&#8217;autorizzazione scritta di Le\u00f3n Research, S.L., essendo vietato all&#8217;utente di accedere, modificare, visualizzare la configurazione, la struttura e i file del server di propriet\u00e0 di Le\u00f3n Research, S.L., assumendosi la responsabilit\u00e0 civile e penale derivante da qualsiasi incidente che potrebbe comportare su server e sistemi di sicurezza come risultato diretto per negligenza da parte sua.<\/p>\n\n<h2 class=\"wp-block-heading\">Contenuti della propriet\u00e0 intellettuale ospitati<\/h2>\n\n<p>Utilizzo contrario ai servizi di diritto della propriet\u00e0 intellettuale forniti da Le\u00f3n Research, S.L. e in particolare:<\/p>\n\n<p>\u2022 Utilizzo contrario alle leggi spagnole o che viola i diritti personali.<\/p>\n\n<p>\u2022 Pubblicazione o trasmissione di qualsiasi contenuto che, da parte di Le\u00f3n Research, S.L., possa considerarsi violento, osceno, offensivo, illegale, razzista, xenofobo o diffamatorio.<\/p>\n\n<p>\u2022 Cracks, numeri di serie del software o qualsiasi altro contenuto che violi il diritto di propriet\u00e0 intellettuale di terzi.<\/p>\n\n<p>\u2022 Raccolta e\/o utilizzo dei dati personali da altri utenti senza il loro consenso esplicito o in contrasto con le disposizioni del EU General Data Protection Regulation (GDPR).<\/p>\n\n<p>\u2022 Utilizzare un server di posta di dominio e indirizzi email per l&#8217;invio di materiale non richiesto.<\/p>\n\n<p>L&#8217;utente ha la piena responsabilit\u00e0 del contenuto del proprio sito web, delle informazioni trasmesse e archiviate, dei collegamenti ipertestuali, dei reclami di terzi e delle azioni legali in riferimento ai diritti di propriet\u00e0 intellettuale e alla protezione dei minori.<\/p>\n\n<p>L&#8217;utente \u00e8 responsabile delle leggi e dei regolamenti in vigore e delle regole che riguardano l&#8217;esecuzione del servizio online, il commercio elettronico, il copyright, il mantenimento dell&#8217;ordine pubblico e i principi universali nell&#8217;uso di Internet.<\/p>\n\n<p>L&#8217;utente indennizza a Le\u00f3n Research, S.L. per le spese che generano una causa la cui responsabilit\u00e0 era attribuibile all&#8217;utente, comprese le tasse e le spese legali, anche se una decisione del tribunale non \u00e8 definitiva.<\/p>\n\n<h2 class=\"wp-block-heading\">Protezione ospitata da informazioni<\/h2>\n\n<p>Le\u00f3n Research, S.L. esegue il backup dei contenuti ospitati sui loro server, tuttavia non \u00e8 responsabile per la perdita o la cancellazione accidentale dei dati da parte degli utenti. Allo stesso modo, la sostituzione non garantisce il totale dei dati cancellati dagli utenti, poich\u00e9 tali dati avrebbero potuto essere cancellati e\/o modificati durante il periodo dall&#8217;ultimo backup.<\/p>\n\n<p>I servizi offerti, ad eccezione dei servizi di backup specifici, non includono la sostituzione dei contenuti archiviati nei backup effettuati da Le\u00f3n Research, S.L. quando questa perdita \u00e8 attribuibile all&#8217;utente; in questo caso, la tariffa verr\u00e0 determinata in base alla complessit\u00e0 e alla mole necessaria per il recupero, sempre previa accettazione da parte dell&#8217;utente.<\/p>\n\n<p>La sostituzione di dati cancellati \u00e8 inclusa nel costo del servizio solo quando la perdita del contenuto \u00e8 dovuta a cause imputabili a Le\u00f3n Research, S.L..<\/p>\n\n<h2 class=\"wp-block-heading\">Comunicazioni commerciali<\/h2>\n\n<p>Secondo LSSI. Le\u00f3n Research, S.L. non invier\u00e0 comunicazioni pubblicitarie o promozionali via email o altri mezzi di comunicazione elettronica che non sono stati precedentemente richiesti o espressamente autorizzati dal destinatario.<\/p>\n\n<p>Nei casi in cui vi sono alcuni rapporti contrattuali precedenti, Le\u00f3n Research, S.L. \u00e8 autorizzata a inviare comunicazioni commerciali relative a prodotti o servizi simili a quelli inizialmente stipulati con il cliente.<\/p>\n\n<p>In ogni caso, l&#8217;utente pu\u00f2 richiedere di non ottenere pi\u00f9 informazioni commerciali attraverso i canali dei clienti, previa prova dell&#8217;identit\u00e0.<\/p>\n<!-- wp:themify-builder\/canvas \/-->","protected":false},"excerpt":{"rendered":"<p>Protezione dei dati personali secondo il GDPR Le\u00f3n Research, S.L. ai sensi della normativa vigente in materia di protezione dei dati personali, segnala che i dati personali raccolti attraverso i moduli disponibili sul sito web: ww.leonresearch.com, sono inclusi in file informatici per servizi specifici dell&#8217;utente di Le\u00f3n Research, S.L.. La raccolta e l&#8217;elaborazione dei dati [&hellip;]<\/p>\n","protected":false},"author":3,"featured_media":0,"parent":0,"menu_order":0,"comment_status":"closed","ping_status":"open","template":"","meta":{"footnotes":""},"class_list":["post-3429","page","type-page","status-publish","hentry","has-post-title","has-post-date","has-post-category","has-post-tag","has-post-comment","has-post-author",""],"yoast_head":"<!-- This site is optimized with the Yoast SEO plugin v27.2 - https:\/\/yoast.com\/product\/yoast-seo-wordpress\/ -->\n<title>Protezione dei dati personali secondo il GDPR &#8226; Leon Research<\/title>\n<meta name=\"description\" content=\"Protezione dei dati personali secondo il GDPR Le\u00f3n Research, S.L. ai sensi della normativa vigente in materia di protezione dei dati personali, segnala\" \/>\n<meta name=\"robots\" content=\"noindex, nofollow\" \/>\n<meta property=\"og:locale\" content=\"it_IT\" \/>\n<meta property=\"og:type\" content=\"article\" \/>\n<meta property=\"og:title\" content=\"Protezione dei dati personali secondo il GDPR &#8226; Leon Research\" \/>\n<meta property=\"og:description\" content=\"Protezione dei dati personali secondo il GDPR Le\u00f3n Research, S.L. ai sensi della normativa vigente in materia di protezione dei dati personali, segnala\" \/>\n<meta property=\"og:url\" content=\"https:\/\/leonresearch.com\/it\/politica-sulla-privacy\/\" \/>\n<meta property=\"og:site_name\" content=\"Leon Research\" \/>\n<meta property=\"article:modified_time\" content=\"2023-10-09T13:54:50+00:00\" \/>\n<meta property=\"og:image\" content=\"https:\/\/leonresearch.com\/wp-content\/uploads\/2023\/07\/logo-ok-leonresearchpng.png\" \/>\n\t<meta property=\"og:image:width\" content=\"333\" \/>\n\t<meta property=\"og:image:height\" content=\"82\" \/>\n\t<meta property=\"og:image:type\" content=\"image\/png\" \/>\n<meta name=\"twitter:card\" content=\"summary_large_image\" \/>\n<meta name=\"twitter:label1\" content=\"Tempo di lettura stimato\" \/>\n\t<meta name=\"twitter:data1\" content=\"7 minuti\" \/>\n<script type=\"application\/ld+json\" class=\"yoast-schema-graph\">{\"@context\":\"https:\/\/schema.org\",\"@graph\":[{\"@type\":\"WebPage\",\"@id\":\"https:\/\/leonresearch.com\/it\/politica-sulla-privacy\/\",\"url\":\"https:\/\/leonresearch.com\/it\/politica-sulla-privacy\/\",\"name\":\"Protezione dei dati personali secondo il GDPR &#8226; Leon Research\",\"isPartOf\":{\"@id\":\"https:\/\/leonresearch.com\/it\/#website\"},\"datePublished\":\"2023-07-06T09:11:20+00:00\",\"dateModified\":\"2023-10-09T13:54:50+00:00\",\"description\":\"Protezione dei dati personali secondo il GDPR Le\u00f3n Research, S.L. ai sensi della normativa vigente in materia di protezione dei dati personali, segnala\",\"breadcrumb\":{\"@id\":\"https:\/\/leonresearch.com\/it\/politica-sulla-privacy\/#breadcrumb\"},\"inLanguage\":\"it-IT\",\"potentialAction\":[{\"@type\":\"ReadAction\",\"target\":[\"https:\/\/leonresearch.com\/it\/politica-sulla-privacy\/\"]}]},{\"@type\":\"BreadcrumbList\",\"@id\":\"https:\/\/leonresearch.com\/it\/politica-sulla-privacy\/#breadcrumb\",\"itemListElement\":[{\"@type\":\"ListItem\",\"position\":1,\"name\":\"Home\",\"item\":\"https:\/\/leonresearch.com\/it\/\"},{\"@type\":\"ListItem\",\"position\":2,\"name\":\"Protezione dei dati personali secondo il GDPR\"}]},{\"@type\":\"WebSite\",\"@id\":\"https:\/\/leonresearch.com\/it\/#website\",\"url\":\"https:\/\/leonresearch.com\/it\/\",\"name\":\"Leon Research\",\"description\":\"CRO Contract Research Organization\",\"publisher\":{\"@id\":\"https:\/\/leonresearch.com\/it\/#organization\"},\"alternateName\":\"Contract Research Organization (CRO)\",\"potentialAction\":[{\"@type\":\"SearchAction\",\"target\":{\"@type\":\"EntryPoint\",\"urlTemplate\":\"https:\/\/leonresearch.com\/it\/?s={search_term_string}\"},\"query-input\":{\"@type\":\"PropertyValueSpecification\",\"valueRequired\":true,\"valueName\":\"search_term_string\"}}],\"inLanguage\":\"it-IT\"},{\"@type\":\"Organization\",\"@id\":\"https:\/\/leonresearch.com\/it\/#organization\",\"name\":\"Leon Reseach\",\"alternateName\":\"Contract Research Organization (CRO)\",\"url\":\"https:\/\/leonresearch.com\/it\/\",\"logo\":{\"@type\":\"ImageObject\",\"inLanguage\":\"it-IT\",\"@id\":\"https:\/\/leonresearch.com\/it\/#\/schema\/logo\/image\/\",\"url\":\"https:\/\/leonresearch.com\/wp-content\/uploads\/2023\/07\/icono-LRhome.png\",\"contentUrl\":\"https:\/\/leonresearch.com\/wp-content\/uploads\/2023\/07\/icono-LRhome.png\",\"width\":111,\"height\":111,\"caption\":\"Leon Reseach\"},\"image\":{\"@id\":\"https:\/\/leonresearch.com\/it\/#\/schema\/logo\/image\/\"},\"sameAs\":[\"https:\/\/es.linkedin.com\/company\/leon-research\"]}]}<\/script>\n<!-- \/ Yoast SEO plugin. -->","yoast_head_json":{"title":"Protezione dei dati personali secondo il GDPR &#8226; Leon Research","description":"Protezione dei dati personali secondo il GDPR Le\u00f3n Research, S.L. ai sensi della normativa vigente in materia di protezione dei dati personali, segnala","robots":{"index":"noindex","follow":"nofollow"},"og_locale":"it_IT","og_type":"article","og_title":"Protezione dei dati personali secondo il GDPR &#8226; Leon Research","og_description":"Protezione dei dati personali secondo il GDPR Le\u00f3n Research, S.L. ai sensi della normativa vigente in materia di protezione dei dati personali, segnala","og_url":"https:\/\/leonresearch.com\/it\/politica-sulla-privacy\/","og_site_name":"Leon Research","article_modified_time":"2023-10-09T13:54:50+00:00","og_image":[{"width":333,"height":82,"url":"https:\/\/leonresearch.com\/wp-content\/uploads\/2023\/07\/logo-ok-leonresearchpng.png","type":"image\/png"}],"twitter_card":"summary_large_image","twitter_misc":{"Tempo di lettura stimato":"7 minuti"},"schema":{"@context":"https:\/\/schema.org","@graph":[{"@type":"WebPage","@id":"https:\/\/leonresearch.com\/it\/politica-sulla-privacy\/","url":"https:\/\/leonresearch.com\/it\/politica-sulla-privacy\/","name":"Protezione dei dati personali secondo il GDPR &#8226; Leon Research","isPartOf":{"@id":"https:\/\/leonresearch.com\/it\/#website"},"datePublished":"2023-07-06T09:11:20+00:00","dateModified":"2023-10-09T13:54:50+00:00","description":"Protezione dei dati personali secondo il GDPR Le\u00f3n Research, S.L. ai sensi della normativa vigente in materia di protezione dei dati personali, segnala","breadcrumb":{"@id":"https:\/\/leonresearch.com\/it\/politica-sulla-privacy\/#breadcrumb"},"inLanguage":"it-IT","potentialAction":[{"@type":"ReadAction","target":["https:\/\/leonresearch.com\/it\/politica-sulla-privacy\/"]}]},{"@type":"BreadcrumbList","@id":"https:\/\/leonresearch.com\/it\/politica-sulla-privacy\/#breadcrumb","itemListElement":[{"@type":"ListItem","position":1,"name":"Home","item":"https:\/\/leonresearch.com\/it\/"},{"@type":"ListItem","position":2,"name":"Protezione dei dati personali secondo il GDPR"}]},{"@type":"WebSite","@id":"https:\/\/leonresearch.com\/it\/#website","url":"https:\/\/leonresearch.com\/it\/","name":"Leon Research","description":"CRO Contract Research Organization","publisher":{"@id":"https:\/\/leonresearch.com\/it\/#organization"},"alternateName":"Contract Research Organization (CRO)","potentialAction":[{"@type":"SearchAction","target":{"@type":"EntryPoint","urlTemplate":"https:\/\/leonresearch.com\/it\/?s={search_term_string}"},"query-input":{"@type":"PropertyValueSpecification","valueRequired":true,"valueName":"search_term_string"}}],"inLanguage":"it-IT"},{"@type":"Organization","@id":"https:\/\/leonresearch.com\/it\/#organization","name":"Leon Reseach","alternateName":"Contract Research Organization (CRO)","url":"https:\/\/leonresearch.com\/it\/","logo":{"@type":"ImageObject","inLanguage":"it-IT","@id":"https:\/\/leonresearch.com\/it\/#\/schema\/logo\/image\/","url":"https:\/\/leonresearch.com\/wp-content\/uploads\/2023\/07\/icono-LRhome.png","contentUrl":"https:\/\/leonresearch.com\/wp-content\/uploads\/2023\/07\/icono-LRhome.png","width":111,"height":111,"caption":"Leon Reseach"},"image":{"@id":"https:\/\/leonresearch.com\/it\/#\/schema\/logo\/image\/"},"sameAs":["https:\/\/es.linkedin.com\/company\/leon-research"]}]}},"builder_content":"","_links":{"self":[{"href":"https:\/\/leonresearch.com\/it\/wp-json\/wp\/v2\/pages\/3429","targetHints":{"allow":["GET"]}}],"collection":[{"href":"https:\/\/leonresearch.com\/it\/wp-json\/wp\/v2\/pages"}],"about":[{"href":"https:\/\/leonresearch.com\/it\/wp-json\/wp\/v2\/types\/page"}],"author":[{"embeddable":true,"href":"https:\/\/leonresearch.com\/it\/wp-json\/wp\/v2\/users\/3"}],"replies":[{"embeddable":true,"href":"https:\/\/leonresearch.com\/it\/wp-json\/wp\/v2\/comments?post=3429"}],"version-history":[{"count":2,"href":"https:\/\/leonresearch.com\/it\/wp-json\/wp\/v2\/pages\/3429\/revisions"}],"predecessor-version":[{"id":3986,"href":"https:\/\/leonresearch.com\/it\/wp-json\/wp\/v2\/pages\/3429\/revisions\/3986"}],"wp:attachment":[{"href":"https:\/\/leonresearch.com\/it\/wp-json\/wp\/v2\/media?parent=3429"}],"curies":[{"name":"wp","href":"https:\/\/api.w.org\/{rel}","templated":true}]}}