{"id":3425,"date":"2023-07-13T09:55:37","date_gmt":"2023-07-13T07:55:37","guid":{"rendered":"https:\/\/leonresearch.com\/avviso-legale\/"},"modified":"2023-08-04T11:08:49","modified_gmt":"2023-08-04T09:08:49","slug":"avviso-legale","status":"publish","type":"page","link":"https:\/\/leonresearch.com\/it\/avviso-legale\/","title":{"rendered":"Avviso legale"},"content":{"rendered":"<!--themify_builder_content-->\n<div id=\"themify_builder_content-3425\" data-postid=\"3425\" class=\"themify_builder_content themify_builder_content-3425 themify_builder tf_clear\">\n                    <div  data-lazy=\"1\" class=\"module_row themify_builder_row tb_zjs2760 tb_first tf_w\">\n                        <div class=\"row_inner col_align_top tb_col_count_1 tf_box tf_rel\">\n                        <div  data-lazy=\"1\" class=\"module_column tb-column col-full tb_v3vg761 first\">\n                    <!-- module text -->\n<div  class=\"module module-text tb_dl7a906   \" data-lazy=\"1\">\n        <div  class=\"tb_text_wrap\">\n        <h1>Avviso legale<\/h1>\n<p style=\"margin: 0cm 0cm 15.0pt 0cm;\"><span style=\"font-family: 'Lato',sans-serif; color: #666666;\">Le\u00f3n Research, S.L., con CIF\/NIF: B24568032 e indirizzo in: c\/Nicostrato Vela s\/n M11.2, Parque Tecnol\u00f3gico Le\u00f3n, 24009 Le\u00f3n (Spagna), non pu\u00f2 assumersi alcuna responsabilit\u00e0 per l&#8217;uso errato, inappropriato o illegale delle informazioni che compaiono sui seguenti siti web: www.leonresearch.com; http:\/\/orusresearch.com\/<\/span><\/p>\n<p style=\"margin: 0cm; box-sizing: border-box; caret-color: #666666;\"><span style=\"font-family: 'Lato',sans-serif; color: #666666;\">Le\u00f3n Research, S.L. \u00e8 una societ\u00e0 registrata presso il Mercantile Registry of Le\u00f3n,<br style=\"box-sizing: border-box;\">nel Volume 1127, Libro 0, Pagina 62, Sezione 8, Foglio LE 18578, Iscrizione 1.<\/span><\/p>\n<p style=\"box-sizing: border-box; caret-color: #666666; margin: 0cm 0cm 15.0pt 0cm;\"><span style=\"font-family: 'Lato',sans-serif; color: #666666;\">Nei limiti stabiliti dalla legge, Le\u00f3n Research, S.L. non si assume alcuna responsabilit\u00e0 per la mancanza di veridicit\u00e0, integrit\u00e0, aggiornamento e accuratezza dei dati o delle informazioni contenute nei loro siti Internet.<\/span><\/p>\n<p style=\"box-sizing: border-box; caret-color: #666666; margin: 0cm 0cm 15.0pt 0cm;\"><span style=\"font-family: 'Lato',sans-serif; color: #666666;\">I contenuti e le informazioni non vincolano Le\u00f3n Research, S.L. e non implicano opinioni, consigli o qualsiasi tipo di valutazione legale, in quanto si tratta semplicemente di un servizio offerto a titolo informativo.<\/span><\/p>\n<p style=\"box-sizing: border-box; caret-color: #666666; margin: 0cm 0cm 15.0pt 0cm;\"><span style=\"font-family: 'Lato',sans-serif; color: #666666;\">I siti internet Le\u00f3n Research, S.L. possono contenere collegamenti ad altre terze parti non sotto il controllo di Le\u00f3n Research, S.L.. Pertanto, Le\u00f3n Research, S.L. non pu\u00f2 assumersi la responsabilit\u00e0 per il contenuto che pu\u00f2 apparire su queste pagine.<\/span><\/p>\n<p style=\"margin: 0cm; box-sizing: border-box; caret-color: #666666;\"><span style=\"font-family: 'Lato',sans-serif; color: #666666;\">Il testo, le immagini, i suoni, le animazioni, i software e altri contenuti inclusi in questo sito web sono di propriet\u00e0 esclusiva di Le\u00f3n Research, S.L. o dei suoi licenziatari. Qualsiasi trasmissione, distribuzione, trasferimento, riproduzione, archiviazione, pubblicazione totale o parziale,<br style=\"box-sizing: border-box;\">comunicazione deve avere il consenso esplicito di Le\u00f3n Research, S.L..<\/span><\/p>\n<p style=\"box-sizing: border-box; caret-color: #666666; margin: 0cm 0cm 15.0pt 0cm;\"><span style=\"font-family: 'Lato',sans-serif; color: #666666;\">Inoltre, l&#8217;accesso ad alcuni dei servizi offerti attraverso il sito web dovrebbe fornire alcuni dati personali.<\/span><\/p>\n<p style=\"box-sizing: border-box; caret-color: #666666; margin: 0cm 0cm 15.0pt 0cm;\"><span style=\"font-family: 'Lato',sans-serif; color: #666666;\">In conformit\u00e0 con le disposizioni del Regulation (EU) 2016\/679 of the European Parliament and of the Council del 27 aprile 2016, relativo alla protezione delle persone fisiche con riguardo al trattamento dei dati personali e alla libera circolazione di tali dati, e che abroga la Direttiva 95\/46\/EC (General Data Protection Regulation &#8211; GDPR), informiamo che \u00e8 possibile compilare questi moduli, i dati personali verranno archiviati ed elaborati da Le\u00f3n Research, S.L. al fine di offrire e fornire i nostri servizi e informare sul miglioramento del sito web.<\/span><\/p>\n<p style=\"margin: 0cm; box-sizing: border-box; caret-color: #666666;\"><span style=\"font-family: 'Lato',sans-serif; color: #666666;\">Ti consigliamo inoltre di esercitare liberamente i diritti di accesso, rettifica, cancellazione, limitazione, portabilit\u00e0 e opposizione ai tuoi dati personali, alla seguente email: agarcia@leonresearch.es o all&#8217;indirizzo: c\/Nicostrato Vela s\/n M11.2, Parque Tecnol\u00f3gico Le\u00f3n, 24009 Le\u00f3n (Spagna).<\/span><\/p>    <\/div>\n<\/div>\n<!-- \/module text -->        <\/div>\n                        <\/div>\n        <\/div>\n        <\/div>\n<!--\/themify_builder_content-->","protected":false},"excerpt":{"rendered":"<p>Avviso legale Le\u00f3n Research, S.L., con CIF\/NIF: B24568032 e indirizzo in: c\/Nicostrato Vela s\/n M11.2, Parque Tecnol\u00f3gico Le\u00f3n, 24009 Le\u00f3n (Spagna), non pu\u00f2 assumersi alcuna responsabilit\u00e0 per l&#8217;uso errato, inappropriato o illegale delle informazioni che compaiono sui seguenti siti web: www.leonresearch.com; http:\/\/orusresearch.com\/ Le\u00f3n Research, S.L. \u00e8 una societ\u00e0 registrata presso il Mercantile Registry of Le\u00f3n,nel [&hellip;]<\/p>\n","protected":false},"author":3,"featured_media":0,"parent":0,"menu_order":0,"comment_status":"closed","ping_status":"closed","template":"","meta":{"footnotes":""},"class_list":["post-3425","page","type-page","status-publish","hentry","has-post-title","has-post-date","has-post-category","has-post-tag","has-post-comment","has-post-author",""],"yoast_head":"<!-- This site is optimized with the Yoast SEO plugin v27.4 - https:\/\/yoast.com\/product\/yoast-seo-wordpress\/ -->\n<title>Avviso legale &#8226; Leon Research<\/title>\n<meta name=\"robots\" content=\"noindex, nofollow\" \/>\n<meta property=\"og:locale\" content=\"it_IT\" \/>\n<meta property=\"og:type\" content=\"article\" \/>\n<meta property=\"og:title\" content=\"Avviso legale &#8226; Leon Research\" \/>\n<meta property=\"og:url\" content=\"https:\/\/leonresearch.com\/it\/avviso-legale\/\" \/>\n<meta property=\"og:site_name\" content=\"Leon Research\" \/>\n<meta property=\"article:modified_time\" content=\"2023-08-04T09:08:49+00:00\" \/>\n<meta property=\"og:image\" content=\"https:\/\/leonresearch.com\/wp-content\/uploads\/2023\/07\/logo-ok-leonresearchpng.png\" \/>\n\t<meta property=\"og:image:width\" content=\"333\" \/>\n\t<meta property=\"og:image:height\" content=\"82\" \/>\n\t<meta property=\"og:image:type\" content=\"image\/png\" \/>\n<meta name=\"twitter:card\" content=\"summary_large_image\" \/>\n<script type=\"application\/ld+json\" class=\"yoast-schema-graph\">{\"@context\":\"https:\\\/\\\/schema.org\",\"@graph\":[{\"@type\":\"WebPage\",\"@id\":\"https:\\\/\\\/leonresearch.com\\\/it\\\/avviso-legale\\\/\",\"url\":\"https:\\\/\\\/leonresearch.com\\\/it\\\/avviso-legale\\\/\",\"name\":\"Avviso legale &#8226; Leon Research\",\"isPartOf\":{\"@id\":\"https:\\\/\\\/leonresearch.com\\\/it\\\/#website\"},\"datePublished\":\"2023-07-13T07:55:37+00:00\",\"dateModified\":\"2023-08-04T09:08:49+00:00\",\"breadcrumb\":{\"@id\":\"https:\\\/\\\/leonresearch.com\\\/it\\\/avviso-legale\\\/#breadcrumb\"},\"inLanguage\":\"it-IT\",\"potentialAction\":[{\"@type\":\"ReadAction\",\"target\":[\"https:\\\/\\\/leonresearch.com\\\/it\\\/avviso-legale\\\/\"]}]},{\"@type\":\"BreadcrumbList\",\"@id\":\"https:\\\/\\\/leonresearch.com\\\/it\\\/avviso-legale\\\/#breadcrumb\",\"itemListElement\":[{\"@type\":\"ListItem\",\"position\":1,\"name\":\"Home\",\"item\":\"https:\\\/\\\/leonresearch.com\\\/it\\\/\"},{\"@type\":\"ListItem\",\"position\":2,\"name\":\"Avviso legale\"}]},{\"@type\":\"WebSite\",\"@id\":\"https:\\\/\\\/leonresearch.com\\\/it\\\/#website\",\"url\":\"https:\\\/\\\/leonresearch.com\\\/it\\\/\",\"name\":\"Leon Research\",\"description\":\"CRO Contract Research Organization\",\"publisher\":{\"@id\":\"https:\\\/\\\/leonresearch.com\\\/it\\\/#organization\"},\"alternateName\":\"Contract Research Organization (CRO)\",\"potentialAction\":[{\"@type\":\"SearchAction\",\"target\":{\"@type\":\"EntryPoint\",\"urlTemplate\":\"https:\\\/\\\/leonresearch.com\\\/it\\\/?s={search_term_string}\"},\"query-input\":{\"@type\":\"PropertyValueSpecification\",\"valueRequired\":true,\"valueName\":\"search_term_string\"}}],\"inLanguage\":\"it-IT\"},{\"@type\":\"Organization\",\"@id\":\"https:\\\/\\\/leonresearch.com\\\/it\\\/#organization\",\"name\":\"Leon Reseach\",\"alternateName\":\"Contract Research Organization (CRO)\",\"url\":\"https:\\\/\\\/leonresearch.com\\\/it\\\/\",\"logo\":{\"@type\":\"ImageObject\",\"inLanguage\":\"it-IT\",\"@id\":\"https:\\\/\\\/leonresearch.com\\\/it\\\/#\\\/schema\\\/logo\\\/image\\\/\",\"url\":\"https:\\\/\\\/leonresearch.com\\\/wp-content\\\/uploads\\\/2023\\\/07\\\/icono-LRhome.png\",\"contentUrl\":\"https:\\\/\\\/leonresearch.com\\\/wp-content\\\/uploads\\\/2023\\\/07\\\/icono-LRhome.png\",\"width\":111,\"height\":111,\"caption\":\"Leon Reseach\"},\"image\":{\"@id\":\"https:\\\/\\\/leonresearch.com\\\/it\\\/#\\\/schema\\\/logo\\\/image\\\/\"},\"sameAs\":[\"https:\\\/\\\/es.linkedin.com\\\/company\\\/leon-research\"]}]}<\/script>\n<!-- \/ Yoast SEO plugin. -->","yoast_head_json":{"title":"Avviso legale &#8226; Leon Research","robots":{"index":"noindex","follow":"nofollow"},"og_locale":"it_IT","og_type":"article","og_title":"Avviso legale &#8226; Leon Research","og_url":"https:\/\/leonresearch.com\/it\/avviso-legale\/","og_site_name":"Leon Research","article_modified_time":"2023-08-04T09:08:49+00:00","og_image":[{"width":333,"height":82,"url":"https:\/\/leonresearch.com\/wp-content\/uploads\/2023\/07\/logo-ok-leonresearchpng.png","type":"image\/png"}],"twitter_card":"summary_large_image","schema":{"@context":"https:\/\/schema.org","@graph":[{"@type":"WebPage","@id":"https:\/\/leonresearch.com\/it\/avviso-legale\/","url":"https:\/\/leonresearch.com\/it\/avviso-legale\/","name":"Avviso legale &#8226; Leon Research","isPartOf":{"@id":"https:\/\/leonresearch.com\/it\/#website"},"datePublished":"2023-07-13T07:55:37+00:00","dateModified":"2023-08-04T09:08:49+00:00","breadcrumb":{"@id":"https:\/\/leonresearch.com\/it\/avviso-legale\/#breadcrumb"},"inLanguage":"it-IT","potentialAction":[{"@type":"ReadAction","target":["https:\/\/leonresearch.com\/it\/avviso-legale\/"]}]},{"@type":"BreadcrumbList","@id":"https:\/\/leonresearch.com\/it\/avviso-legale\/#breadcrumb","itemListElement":[{"@type":"ListItem","position":1,"name":"Home","item":"https:\/\/leonresearch.com\/it\/"},{"@type":"ListItem","position":2,"name":"Avviso legale"}]},{"@type":"WebSite","@id":"https:\/\/leonresearch.com\/it\/#website","url":"https:\/\/leonresearch.com\/it\/","name":"Leon Research","description":"CRO Contract Research Organization","publisher":{"@id":"https:\/\/leonresearch.com\/it\/#organization"},"alternateName":"Contract Research Organization (CRO)","potentialAction":[{"@type":"SearchAction","target":{"@type":"EntryPoint","urlTemplate":"https:\/\/leonresearch.com\/it\/?s={search_term_string}"},"query-input":{"@type":"PropertyValueSpecification","valueRequired":true,"valueName":"search_term_string"}}],"inLanguage":"it-IT"},{"@type":"Organization","@id":"https:\/\/leonresearch.com\/it\/#organization","name":"Leon Reseach","alternateName":"Contract Research Organization (CRO)","url":"https:\/\/leonresearch.com\/it\/","logo":{"@type":"ImageObject","inLanguage":"it-IT","@id":"https:\/\/leonresearch.com\/it\/#\/schema\/logo\/image\/","url":"https:\/\/leonresearch.com\/wp-content\/uploads\/2023\/07\/icono-LRhome.png","contentUrl":"https:\/\/leonresearch.com\/wp-content\/uploads\/2023\/07\/icono-LRhome.png","width":111,"height":111,"caption":"Leon Reseach"},"image":{"@id":"https:\/\/leonresearch.com\/it\/#\/schema\/logo\/image\/"},"sameAs":["https:\/\/es.linkedin.com\/company\/leon-research"]}]}},"builder_content":"<h1>Avviso legale<\/h1> <p style=\"margin: 0cm 0cm 15.0pt 0cm;\">Le\u00f3n Research, S.L., con CIF\/NIF: B24568032 e indirizzo in: c\/Nicostrato Vela s\/n M11.2, Parque Tecnol\u00f3gico Le\u00f3n, 24009 Le\u00f3n (Spagna), non pu\u00f2 assumersi alcuna responsabilit\u00e0 per l'uso errato, inappropriato o illegale delle informazioni che compaiono sui seguenti siti web: www.leonresearch.com; http:\/\/orusresearch.com\/<\/p> <p style=\"margin: 0cm; box-sizing: border-box; caret-color: #666666;\">Le\u00f3n Research, S.L. \u00e8 una societ\u00e0 registrata presso il Mercantile Registry of Le\u00f3n,<br style=\"box-sizing: border-box;\">nel Volume 1127, Libro 0, Pagina 62, Sezione 8, Foglio LE 18578, Iscrizione 1.<\/p> <p style=\"box-sizing: border-box; caret-color: #666666; margin: 0cm 0cm 15.0pt 0cm;\">Nei limiti stabiliti dalla legge, Le\u00f3n Research, S.L. non si assume alcuna responsabilit\u00e0 per la mancanza di veridicit\u00e0, integrit\u00e0, aggiornamento e accuratezza dei dati o delle informazioni contenute nei loro siti Internet.<\/p> <p style=\"box-sizing: border-box; caret-color: #666666; margin: 0cm 0cm 15.0pt 0cm;\">I contenuti e le informazioni non vincolano Le\u00f3n Research, S.L. e non implicano opinioni, consigli o qualsiasi tipo di valutazione legale, in quanto si tratta semplicemente di un servizio offerto a titolo informativo.<\/p> <p style=\"box-sizing: border-box; caret-color: #666666; margin: 0cm 0cm 15.0pt 0cm;\">I siti internet Le\u00f3n Research, S.L. possono contenere collegamenti ad altre terze parti non sotto il controllo di Le\u00f3n Research, S.L.. Pertanto, Le\u00f3n Research, S.L. non pu\u00f2 assumersi la responsabilit\u00e0 per il contenuto che pu\u00f2 apparire su queste pagine.<\/p> <p style=\"margin: 0cm; box-sizing: border-box; caret-color: #666666;\">Il testo, le immagini, i suoni, le animazioni, i software e altri contenuti inclusi in questo sito web sono di propriet\u00e0 esclusiva di Le\u00f3n Research, S.L. o dei suoi licenziatari. Qualsiasi trasmissione, distribuzione, trasferimento, riproduzione, archiviazione, pubblicazione totale o parziale,<br style=\"box-sizing: border-box;\">comunicazione deve avere il consenso esplicito di Le\u00f3n Research, S.L..<\/p> <p style=\"box-sizing: border-box; caret-color: #666666; margin: 0cm 0cm 15.0pt 0cm;\">Inoltre, l'accesso ad alcuni dei servizi offerti attraverso il sito web dovrebbe fornire alcuni dati personali.<\/p> <p style=\"box-sizing: border-box; caret-color: #666666; margin: 0cm 0cm 15.0pt 0cm;\">In conformit\u00e0 con le disposizioni del Regulation (EU) 2016\/679 of the European Parliament and of the Council del 27 aprile 2016, relativo alla protezione delle persone fisiche con riguardo al trattamento dei dati personali e alla libera circolazione di tali dati, e che abroga la Direttiva 95\/46\/EC (General Data Protection Regulation - GDPR), informiamo che \u00e8 possibile compilare questi moduli, i dati personali verranno archiviati ed elaborati da Le\u00f3n Research, S.L. al fine di offrire e fornire i nostri servizi e informare sul miglioramento del sito web.<\/p> <p style=\"margin: 0cm; box-sizing: border-box; caret-color: #666666;\">Ti consigliamo inoltre di esercitare liberamente i diritti di accesso, rettifica, cancellazione, limitazione, portabilit\u00e0 e opposizione ai tuoi dati personali, alla seguente email: agarcia@leonresearch.es o all'indirizzo: c\/Nicostrato Vela s\/n M11.2, Parque Tecnol\u00f3gico Le\u00f3n, 24009 Le\u00f3n (Spagna).<\/p>","_links":{"self":[{"href":"https:\/\/leonresearch.com\/it\/wp-json\/wp\/v2\/pages\/3425","targetHints":{"allow":["GET"]}}],"collection":[{"href":"https:\/\/leonresearch.com\/it\/wp-json\/wp\/v2\/pages"}],"about":[{"href":"https:\/\/leonresearch.com\/it\/wp-json\/wp\/v2\/types\/page"}],"author":[{"embeddable":true,"href":"https:\/\/leonresearch.com\/it\/wp-json\/wp\/v2\/users\/3"}],"replies":[{"embeddable":true,"href":"https:\/\/leonresearch.com\/it\/wp-json\/wp\/v2\/comments?post=3425"}],"version-history":[{"count":1,"href":"https:\/\/leonresearch.com\/it\/wp-json\/wp\/v2\/pages\/3425\/revisions"}],"predecessor-version":[{"id":3426,"href":"https:\/\/leonresearch.com\/it\/wp-json\/wp\/v2\/pages\/3425\/revisions\/3426"}],"wp:attachment":[{"href":"https:\/\/leonresearch.com\/it\/wp-json\/wp\/v2\/media?parent=3425"}],"curies":[{"name":"wp","href":"https:\/\/api.w.org\/{rel}","templated":true}]}}