{"id":5181,"date":"2023-07-31T16:06:52","date_gmt":"2023-07-31T14:06:52","guid":{"rendered":"https:\/\/leonresearch.com\/politique-qualite\/"},"modified":"2024-06-07T10:07:42","modified_gmt":"2024-06-07T08:07:42","slug":"politique-qualite","status":"publish","type":"page","link":"https:\/\/leonresearch.com\/fr\/politique-qualite\/","title":{"rendered":"POLITIQUE DE QUALIT\u00c9 &#8211; LEON RESEARCH"},"content":{"rendered":"<!--themify_builder_content-->\n<div id=\"themify_builder_content-5181\" data-postid=\"5181\" class=\"themify_builder_content themify_builder_content-5181 themify_builder tf_clear\">\n                    <div  data-lazy=\"1\" class=\"module_row themify_builder_row tb_9oz3815 tb_first tf_w\">\n                        <div class=\"row_inner col_align_top tb_col_count_1 tf_box tf_rel\">\n                        <div  data-lazy=\"1\" class=\"module_column tb-column col-full tb_h2t0816 first\">\n                            <div  data-lazy=\"1\" class=\"module_subrow themify_builder_sub_row tf_w col_align_top tb_col_count_1 tb_j4d2494\">\n                <div  data-lazy=\"1\" class=\"module_column sub_column col-full tb_ibdq494 first\">\n                    <!-- module text -->\n<div  class=\"module module-text tb_lgjt628   \" data-lazy=\"1\">\n        <div  class=\"tb_text_wrap\">\n        <h1 style=\"text-align: center;\">POLITIQUE DE QUALIT\u00c9 &#8211; LEON RESEARCH<\/h1>    <\/div>\n<\/div>\n<!-- \/module text --><!-- module text -->\n<div  class=\"module module-text tb_21k2599   \" data-lazy=\"1\">\n        <div  class=\"tb_text_wrap\">\n        <p><span style=\"font-weight: 400;\">La direction de Leon Research S.L. d\u00e9clare que sa volont\u00e9 et son objectif prioritaire en tant qu&rsquo;organisation sont d&rsquo;accorder la plus grande attention \u00e0 chacune des activit\u00e9s qu&rsquo;elle r\u00e9alise, \u00e0 chacune des d\u00e9cisions qu&rsquo;elle prend et \u00e0 chacune des actions qu&rsquo;elle entreprend.<\/span><\/p>\n<p><span style=\"font-weight: 400;\">Cette politique de qualit\u00e9 est d\u00e9finie dans le cadre de l&rsquo;objectif de l&rsquo;organisation, qui est la gestion, le suivi et les affaires r\u00e9glementaires pour la recherche biom\u00e9dicale et la pharmacovigilance, en fournissant des services de qualit\u00e9 sup\u00e9rieure dans le contexte de l&rsquo;organisation. Cette politique de qualit\u00e9 soutient l&rsquo;orientation strat\u00e9gique de l&rsquo;organisation en \u00e9tablissant les lignes directrices prioritaires \u00e0 suivre et fournit un cadre pour la d\u00e9finition et la r\u00e9vision des objectifs de qualit\u00e9.<\/span><\/p>\n<p><span style=\"font-weight: 400;\">C&rsquo;est pourquoi la direction a mis en place, d\u00e9velopp\u00e9, maintenu et am\u00e9lior\u00e9 en permanence le syst\u00e8me de qualit\u00e9 selon le mod\u00e8le de la norme UNE-EN ISO 9001, refl\u00e9t\u00e9 dans le manuel du syst\u00e8me et dans toutes les proc\u00e9dures qui s&rsquo;y rapportent.<\/span><\/p>\n<p><span style=\"font-weight: 400;\">Cette philosophie doit \u00eatre assum\u00e9e dans chacun des d\u00e9partements de Leon Research S.L. par le biais d&rsquo;un engagement fid\u00e8le aux principes suivants :<\/span><\/p>\n<ul>\n<li><span style=\"font-weight: 400;\">&#8211; Satisfaction totale de nos clients, en offrant des services qui r\u00e9pondent \u00e0 leurs attentes. Par cons\u00e9quent, nous concentrons nos actions sur l&rsquo;identification, l&rsquo;\u00e9valuation et la d\u00e9finition des exigences, des besoins et des attentes des clients, afin de les satisfaire.<\/span><\/li>\n<li><span style=\"font-weight: 400;\"> &#8211; Respecter l&rsquo;ensemble de la l\u00e9gislation, des normes ou des exigences l\u00e9gales en vigueur dans tous les aspects li\u00e9s \u00e0 la recherche clinique, \u00e0 la qualit\u00e9, \u00e0 la pr\u00e9vention des risques professionnels et \u00e0 l&rsquo;environnement.<\/span><\/li>\n<li><span style=\"font-weight: 400;\"> &#8211; Promouvoir et assurer l&rsquo;am\u00e9lioration continue du syst\u00e8me de gestion de la qualit\u00e9 par l&rsquo;\u00e9tablissement d&rsquo;indicateurs de performance, le suivi, la mesure, l&rsquo;analyse et l&rsquo;\u00e9valuation de ceux-ci, ainsi que l&rsquo;\u00e9tablissement d&rsquo;objectifs de qualit\u00e9 et d&rsquo;am\u00e9lioration dans les processus et \u00e0 tous les niveaux pertinents de l&rsquo;organisation, en recherchant et en promouvant la qualit\u00e9 dans le d\u00e9veloppement de ses activit\u00e9s.<\/span><\/li>\n<li><span style=\"font-weight: 400;\"> &#8211; Motiver tous nos collaborateurs \u00e0 respecter la qualit\u00e9.<\/span><\/li>\n<li><span style=\"font-weight: 400;\"> &#8211; Encourager la communication entre nos employ\u00e9s en tant qu&rsquo;instrument et moyen de lib\u00e9rer tout le potentiel cr\u00e9atif humain.<\/span><\/li>\n<li><span style=\"font-weight: 400;\"> &#8211; Promouvoir et appliquer la protection active de la sant\u00e9 et de la s\u00e9curit\u00e9 des travailleurs et des installations, en tant que principe de base pour le d\u00e9veloppement de l&rsquo;activit\u00e9.<\/span><\/li>\n<li><span style=\"font-weight: 400;\"> &#8211; Minimiser l&rsquo;impact sur l&rsquo;environnement en garantissant la gestion des d\u00e9chets et des ressources, par la r\u00e9duction de la consommation, la r\u00e9utilisation et la r\u00e9cup\u00e9ration, en promouvant une consommation responsable ou durable dans l&rsquo;ex\u00e9cution des activit\u00e9s et dans les bureaux de l&rsquo;organisation, chaque fois que cela est techniquement et \u00e9conomiquement possible, conform\u00e9ment \u00e0 la l\u00e9gislation en vigueur. Afin d&rsquo;\u00e9tablir le niveau de qualit\u00e9 de nos services, le respect des exigences contractuelles avec nos clients et les exigences de qualit\u00e9 internes de notre organisation sont d\u00e9terminants.<\/span><\/li>\n<li><span style=\"font-weight: 400;\"> &#8211; Tous les employ\u00e9s de Leon Research S.L. sont responsables de la qualit\u00e9 de leur travail.<\/span><\/li>\n<li><span style=\"font-weight: 400;\"> &#8211; Maintenir un niveau \u00e9lev\u00e9 d&rsquo;innovation dans le d\u00e9veloppement et la fourniture de nos services dans le but d&rsquo;une am\u00e9lioration continue, de la promotion de la formation de nos employ\u00e9s, de l&rsquo;am\u00e9lioration des processus de production et de la cr\u00e9ation d&rsquo;avantages concurrentiels pour l&rsquo;entreprise.<\/span><\/li>\n<li><span style=\"font-weight: 400;\"> &#8211; Les responsables du syst\u00e8me de gestion de la qualit\u00e9 de l&rsquo;entreprise sont charg\u00e9s de promouvoir et de documenter cette politique et de maintenir l&rsquo;efficacit\u00e9 du syst\u00e8me de gestion de la qualit\u00e9. Pour ce faire, ils s&rsquo;engagent \u00e0 mesurer, \u00e0 superviser le comportement de l&rsquo;entreprise et \u00e0 effectuer des r\u00e9visions p\u00e9riodiques afin de mettre en \u0153uvre les m\u00e9canismes n\u00e9cessaires pour faire conna\u00eetre les politiques d\u00e9crites et les mettre en pratique dans toutes nos activit\u00e9s professionnelles.<\/span><\/li>\n<li><span style=\"font-weight: 400;\"> &#8211; Notre politique de qualit\u00e9 repose sur la formation et la sensibilisation \u00e0 tous les niveaux de l&rsquo;organisation et de ceux qui travaillent en notre nom, ainsi que sur la communication avec nos fournisseurs afin que tous participent \u00e0 nos politiques et au syst\u00e8me de gestion de la qualit\u00e9 de Le\u00f3n Research S.L.<\/span><\/li>\n<\/ul>\n<p><span style=\"font-weight: 400;\"><br><\/span><span style=\"font-weight: 400;\">La direction s&rsquo;engage \u00e0 divulguer, \u00e0 faire comprendre et \u00e0 appliquer notre politique \u00e0 tous les niveaux de l&rsquo;organisation, aux fournisseurs et aux tiers qui sont en relation avec Le\u00f3n Research S.L. (parties prenantes concern\u00e9es), en s&rsquo;engageant \u00e0 respecter les lignes \u00e9tablies, et \u00e0 la mettre \u00e0 la disposition de toute personne qui souhaite la consulter.<\/span><\/p>\n<h3 style=\"text-align: center;\"><span style=\"font-weight: 400;\">Alfonso Garc\u00eda Ca\u00f1amaque<\/span><\/h3>\n<h3 style=\"text-align: center;\">DIRECTEUR G\u00c9N\u00c9RAL<\/h3>\n<h3 style=\"text-align: center;\"><span style=\"font-weight: 400;\">4 janvier 2022<\/span><\/h3>    <\/div>\n<\/div>\n<!-- \/module text -->        <\/div>\n                    <\/div>\n                <\/div>\n                        <\/div>\n        <\/div>\n        <\/div>\n<!--\/themify_builder_content-->","protected":false},"excerpt":{"rendered":"<p>POLITIQUE DE QUALIT\u00c9 &#8211; LEON RESEARCH<\/p>\n","protected":false},"author":3,"featured_media":0,"parent":0,"menu_order":0,"comment_status":"closed","ping_status":"closed","template":"","meta":{"footnotes":""},"class_list":["post-5181","page","type-page","status-publish","hentry","has-post-title","has-post-date","has-post-category","has-post-tag","has-post-comment","has-post-author",""],"yoast_head":"<!-- This site is optimized with the Yoast SEO plugin v27.4 - https:\/\/yoast.com\/product\/yoast-seo-wordpress\/ -->\n<title>POLITIQUE DE QUALIT\u00c9 - LEON RESEARCH &#8226; Leon Research<\/title>\n<meta name=\"robots\" content=\"noindex, nofollow\" \/>\n<meta property=\"og:locale\" content=\"fr_FR\" \/>\n<meta property=\"og:type\" content=\"article\" \/>\n<meta property=\"og:title\" content=\"POLITIQUE DE QUALIT\u00c9 - LEON RESEARCH &#8226; Leon Research\" \/>\n<meta property=\"og:url\" content=\"https:\/\/leonresearch.com\/fr\/politique-qualite\/\" \/>\n<meta property=\"og:site_name\" content=\"Leon Research\" \/>\n<meta property=\"article:modified_time\" content=\"2024-06-07T08:07:42+00:00\" \/>\n<meta property=\"og:image\" content=\"https:\/\/leonresearch.com\/wp-content\/uploads\/2023\/07\/logo-ok-leonresearchpng.png\" \/>\n\t<meta property=\"og:image:width\" content=\"333\" \/>\n\t<meta property=\"og:image:height\" content=\"82\" \/>\n\t<meta property=\"og:image:type\" content=\"image\/png\" \/>\n<meta name=\"twitter:card\" content=\"summary_large_image\" \/>\n<script type=\"application\/ld+json\" class=\"yoast-schema-graph\">{\"@context\":\"https:\\\/\\\/schema.org\",\"@graph\":[{\"@type\":\"WebPage\",\"@id\":\"https:\\\/\\\/leonresearch.com\\\/fr\\\/politique-qualite\\\/\",\"url\":\"https:\\\/\\\/leonresearch.com\\\/fr\\\/politique-qualite\\\/\",\"name\":\"POLITIQUE DE QUALIT\u00c9 - LEON RESEARCH &#8226; Leon Research\",\"isPartOf\":{\"@id\":\"https:\\\/\\\/leonresearch.com\\\/fr\\\/#website\"},\"datePublished\":\"2023-07-31T14:06:52+00:00\",\"dateModified\":\"2024-06-07T08:07:42+00:00\",\"breadcrumb\":{\"@id\":\"https:\\\/\\\/leonresearch.com\\\/fr\\\/politique-qualite\\\/#breadcrumb\"},\"inLanguage\":\"fr-FR\",\"potentialAction\":[{\"@type\":\"ReadAction\",\"target\":[\"https:\\\/\\\/leonresearch.com\\\/fr\\\/politique-qualite\\\/\"]}]},{\"@type\":\"BreadcrumbList\",\"@id\":\"https:\\\/\\\/leonresearch.com\\\/fr\\\/politique-qualite\\\/#breadcrumb\",\"itemListElement\":[{\"@type\":\"ListItem\",\"position\":1,\"name\":\"Home\",\"item\":\"https:\\\/\\\/leonresearch.com\\\/fr\\\/\"},{\"@type\":\"ListItem\",\"position\":2,\"name\":\"POLITIQUE DE QUALIT\u00c9 &#8211; LEON RESEARCH\"}]},{\"@type\":\"WebSite\",\"@id\":\"https:\\\/\\\/leonresearch.com\\\/fr\\\/#website\",\"url\":\"https:\\\/\\\/leonresearch.com\\\/fr\\\/\",\"name\":\"Leon Research\",\"description\":\"CRO Contract Research Organization\",\"publisher\":{\"@id\":\"https:\\\/\\\/leonresearch.com\\\/fr\\\/#organization\"},\"alternateName\":\"Contract Research Organization (CRO)\",\"potentialAction\":[{\"@type\":\"SearchAction\",\"target\":{\"@type\":\"EntryPoint\",\"urlTemplate\":\"https:\\\/\\\/leonresearch.com\\\/fr\\\/?s={search_term_string}\"},\"query-input\":{\"@type\":\"PropertyValueSpecification\",\"valueRequired\":true,\"valueName\":\"search_term_string\"}}],\"inLanguage\":\"fr-FR\"},{\"@type\":\"Organization\",\"@id\":\"https:\\\/\\\/leonresearch.com\\\/fr\\\/#organization\",\"name\":\"Leon Reseach\",\"alternateName\":\"Contract Research Organization (CRO)\",\"url\":\"https:\\\/\\\/leonresearch.com\\\/fr\\\/\",\"logo\":{\"@type\":\"ImageObject\",\"inLanguage\":\"fr-FR\",\"@id\":\"https:\\\/\\\/leonresearch.com\\\/fr\\\/#\\\/schema\\\/logo\\\/image\\\/\",\"url\":\"https:\\\/\\\/leonresearch.com\\\/wp-content\\\/uploads\\\/2023\\\/07\\\/icono-LRhome.png\",\"contentUrl\":\"https:\\\/\\\/leonresearch.com\\\/wp-content\\\/uploads\\\/2023\\\/07\\\/icono-LRhome.png\",\"width\":111,\"height\":111,\"caption\":\"Leon Reseach\"},\"image\":{\"@id\":\"https:\\\/\\\/leonresearch.com\\\/fr\\\/#\\\/schema\\\/logo\\\/image\\\/\"},\"sameAs\":[\"https:\\\/\\\/es.linkedin.com\\\/company\\\/leon-research\"]}]}<\/script>\n<!-- \/ Yoast SEO plugin. -->","yoast_head_json":{"title":"POLITIQUE DE QUALIT\u00c9 - LEON RESEARCH &#8226; Leon Research","robots":{"index":"noindex","follow":"nofollow"},"og_locale":"fr_FR","og_type":"article","og_title":"POLITIQUE DE QUALIT\u00c9 - LEON RESEARCH &#8226; Leon Research","og_url":"https:\/\/leonresearch.com\/fr\/politique-qualite\/","og_site_name":"Leon Research","article_modified_time":"2024-06-07T08:07:42+00:00","og_image":[{"width":333,"height":82,"url":"https:\/\/leonresearch.com\/wp-content\/uploads\/2023\/07\/logo-ok-leonresearchpng.png","type":"image\/png"}],"twitter_card":"summary_large_image","schema":{"@context":"https:\/\/schema.org","@graph":[{"@type":"WebPage","@id":"https:\/\/leonresearch.com\/fr\/politique-qualite\/","url":"https:\/\/leonresearch.com\/fr\/politique-qualite\/","name":"POLITIQUE DE QUALIT\u00c9 - LEON RESEARCH &#8226; Leon Research","isPartOf":{"@id":"https:\/\/leonresearch.com\/fr\/#website"},"datePublished":"2023-07-31T14:06:52+00:00","dateModified":"2024-06-07T08:07:42+00:00","breadcrumb":{"@id":"https:\/\/leonresearch.com\/fr\/politique-qualite\/#breadcrumb"},"inLanguage":"fr-FR","potentialAction":[{"@type":"ReadAction","target":["https:\/\/leonresearch.com\/fr\/politique-qualite\/"]}]},{"@type":"BreadcrumbList","@id":"https:\/\/leonresearch.com\/fr\/politique-qualite\/#breadcrumb","itemListElement":[{"@type":"ListItem","position":1,"name":"Home","item":"https:\/\/leonresearch.com\/fr\/"},{"@type":"ListItem","position":2,"name":"POLITIQUE DE QUALIT\u00c9 &#8211; LEON RESEARCH"}]},{"@type":"WebSite","@id":"https:\/\/leonresearch.com\/fr\/#website","url":"https:\/\/leonresearch.com\/fr\/","name":"Leon Research","description":"CRO Contract Research Organization","publisher":{"@id":"https:\/\/leonresearch.com\/fr\/#organization"},"alternateName":"Contract Research Organization (CRO)","potentialAction":[{"@type":"SearchAction","target":{"@type":"EntryPoint","urlTemplate":"https:\/\/leonresearch.com\/fr\/?s={search_term_string}"},"query-input":{"@type":"PropertyValueSpecification","valueRequired":true,"valueName":"search_term_string"}}],"inLanguage":"fr-FR"},{"@type":"Organization","@id":"https:\/\/leonresearch.com\/fr\/#organization","name":"Leon Reseach","alternateName":"Contract Research Organization (CRO)","url":"https:\/\/leonresearch.com\/fr\/","logo":{"@type":"ImageObject","inLanguage":"fr-FR","@id":"https:\/\/leonresearch.com\/fr\/#\/schema\/logo\/image\/","url":"https:\/\/leonresearch.com\/wp-content\/uploads\/2023\/07\/icono-LRhome.png","contentUrl":"https:\/\/leonresearch.com\/wp-content\/uploads\/2023\/07\/icono-LRhome.png","width":111,"height":111,"caption":"Leon Reseach"},"image":{"@id":"https:\/\/leonresearch.com\/fr\/#\/schema\/logo\/image\/"},"sameAs":["https:\/\/es.linkedin.com\/company\/leon-research"]}]}},"builder_content":"<h1 style=\"text-align: center;\">POLITIQUE DE QUALIT\u00c9 - LEON RESEARCH<\/h1>\n<p>La direction de Leon Research S.L. d\u00e9clare que sa volont\u00e9 et son objectif prioritaire en tant qu'organisation sont d'accorder la plus grande attention \u00e0 chacune des activit\u00e9s qu'elle r\u00e9alise, \u00e0 chacune des d\u00e9cisions qu'elle prend et \u00e0 chacune des actions qu'elle entreprend.<\/p> <p>Cette politique de qualit\u00e9 est d\u00e9finie dans le cadre de l'objectif de l'organisation, qui est la gestion, le suivi et les affaires r\u00e9glementaires pour la recherche biom\u00e9dicale et la pharmacovigilance, en fournissant des services de qualit\u00e9 sup\u00e9rieure dans le contexte de l'organisation. Cette politique de qualit\u00e9 soutient l'orientation strat\u00e9gique de l'organisation en \u00e9tablissant les lignes directrices prioritaires \u00e0 suivre et fournit un cadre pour la d\u00e9finition et la r\u00e9vision des objectifs de qualit\u00e9.<\/p> <p>C'est pourquoi la direction a mis en place, d\u00e9velopp\u00e9, maintenu et am\u00e9lior\u00e9 en permanence le syst\u00e8me de qualit\u00e9 selon le mod\u00e8le de la norme UNE-EN ISO 9001, refl\u00e9t\u00e9 dans le manuel du syst\u00e8me et dans toutes les proc\u00e9dures qui s'y rapportent.<\/p> <p>Cette philosophie doit \u00eatre assum\u00e9e dans chacun des d\u00e9partements de Leon Research S.L. par le biais d'un engagement fid\u00e8le aux principes suivants :<\/p> <ul> <li>- Satisfaction totale de nos clients, en offrant des services qui r\u00e9pondent \u00e0 leurs attentes. Par cons\u00e9quent, nous concentrons nos actions sur l'identification, l'\u00e9valuation et la d\u00e9finition des exigences, des besoins et des attentes des clients, afin de les satisfaire.<\/li> <li> - Respecter l'ensemble de la l\u00e9gislation, des normes ou des exigences l\u00e9gales en vigueur dans tous les aspects li\u00e9s \u00e0 la recherche clinique, \u00e0 la qualit\u00e9, \u00e0 la pr\u00e9vention des risques professionnels et \u00e0 l'environnement.<\/li> <li> - Promouvoir et assurer l'am\u00e9lioration continue du syst\u00e8me de gestion de la qualit\u00e9 par l'\u00e9tablissement d'indicateurs de performance, le suivi, la mesure, l'analyse et l'\u00e9valuation de ceux-ci, ainsi que l'\u00e9tablissement d'objectifs de qualit\u00e9 et d'am\u00e9lioration dans les processus et \u00e0 tous les niveaux pertinents de l'organisation, en recherchant et en promouvant la qualit\u00e9 dans le d\u00e9veloppement de ses activit\u00e9s.<\/li> <li> - Motiver tous nos collaborateurs \u00e0 respecter la qualit\u00e9.<\/li> <li> - Encourager la communication entre nos employ\u00e9s en tant qu'instrument et moyen de lib\u00e9rer tout le potentiel cr\u00e9atif humain.<\/li> <li> - Promouvoir et appliquer la protection active de la sant\u00e9 et de la s\u00e9curit\u00e9 des travailleurs et des installations, en tant que principe de base pour le d\u00e9veloppement de l'activit\u00e9.<\/li> <li> - Minimiser l'impact sur l'environnement en garantissant la gestion des d\u00e9chets et des ressources, par la r\u00e9duction de la consommation, la r\u00e9utilisation et la r\u00e9cup\u00e9ration, en promouvant une consommation responsable ou durable dans l'ex\u00e9cution des activit\u00e9s et dans les bureaux de l'organisation, chaque fois que cela est techniquement et \u00e9conomiquement possible, conform\u00e9ment \u00e0 la l\u00e9gislation en vigueur. Afin d'\u00e9tablir le niveau de qualit\u00e9 de nos services, le respect des exigences contractuelles avec nos clients et les exigences de qualit\u00e9 internes de notre organisation sont d\u00e9terminants.<\/li> <li> - Tous les employ\u00e9s de Leon Research S.L. sont responsables de la qualit\u00e9 de leur travail.<\/li> <li> - Maintenir un niveau \u00e9lev\u00e9 d'innovation dans le d\u00e9veloppement et la fourniture de nos services dans le but d'une am\u00e9lioration continue, de la promotion de la formation de nos employ\u00e9s, de l'am\u00e9lioration des processus de production et de la cr\u00e9ation d'avantages concurrentiels pour l'entreprise.<\/li> <li> - Les responsables du syst\u00e8me de gestion de la qualit\u00e9 de l'entreprise sont charg\u00e9s de promouvoir et de documenter cette politique et de maintenir l'efficacit\u00e9 du syst\u00e8me de gestion de la qualit\u00e9. Pour ce faire, ils s'engagent \u00e0 mesurer, \u00e0 superviser le comportement de l'entreprise et \u00e0 effectuer des r\u00e9visions p\u00e9riodiques afin de mettre en \u0153uvre les m\u00e9canismes n\u00e9cessaires pour faire conna\u00eetre les politiques d\u00e9crites et les mettre en pratique dans toutes nos activit\u00e9s professionnelles.<\/li> <li> - Notre politique de qualit\u00e9 repose sur la formation et la sensibilisation \u00e0 tous les niveaux de l'organisation et de ceux qui travaillent en notre nom, ainsi que sur la communication avec nos fournisseurs afin que tous participent \u00e0 nos politiques et au syst\u00e8me de gestion de la qualit\u00e9 de Le\u00f3n Research S.L.<\/li> <\/ul> <p><br>La direction s'engage \u00e0 divulguer, \u00e0 faire comprendre et \u00e0 appliquer notre politique \u00e0 tous les niveaux de l'organisation, aux fournisseurs et aux tiers qui sont en relation avec Le\u00f3n Research S.L. (parties prenantes concern\u00e9es), en s'engageant \u00e0 respecter les lignes \u00e9tablies, et \u00e0 la mettre \u00e0 la disposition de toute personne qui souhaite la consulter.<\/p> <h3 style=\"text-align: center;\">Alfonso Garc\u00eda Ca\u00f1amaque<\/h3> <h3 style=\"text-align: center;\">DIRECTEUR G\u00c9N\u00c9RAL<\/h3> <h3 style=\"text-align: center;\">4 janvier 2022<\/h3>","_links":{"self":[{"href":"https:\/\/leonresearch.com\/fr\/wp-json\/wp\/v2\/pages\/5181","targetHints":{"allow":["GET"]}}],"collection":[{"href":"https:\/\/leonresearch.com\/fr\/wp-json\/wp\/v2\/pages"}],"about":[{"href":"https:\/\/leonresearch.com\/fr\/wp-json\/wp\/v2\/types\/page"}],"author":[{"embeddable":true,"href":"https:\/\/leonresearch.com\/fr\/wp-json\/wp\/v2\/users\/3"}],"replies":[{"embeddable":true,"href":"https:\/\/leonresearch.com\/fr\/wp-json\/wp\/v2\/comments?post=5181"}],"version-history":[{"count":1,"href":"https:\/\/leonresearch.com\/fr\/wp-json\/wp\/v2\/pages\/5181\/revisions"}],"predecessor-version":[{"id":5182,"href":"https:\/\/leonresearch.com\/fr\/wp-json\/wp\/v2\/pages\/5181\/revisions\/5182"}],"wp:attachment":[{"href":"https:\/\/leonresearch.com\/fr\/wp-json\/wp\/v2\/media?parent=5181"}],"curies":[{"name":"wp","href":"https:\/\/api.w.org\/{rel}","templated":true}]}}