{"id":5176,"date":"2023-07-06T11:11:20","date_gmt":"2023-07-06T09:11:20","guid":{"rendered":"https:\/\/leonresearch.com\/politique-confidentialite\/"},"modified":"2024-06-07T09:33:06","modified_gmt":"2024-06-07T07:33:06","slug":"politique-confidentialite","status":"publish","type":"page","link":"https:\/\/leonresearch.com\/fr\/politique-confidentialite\/","title":{"rendered":"Protection des donn\u00e9es personnelles conform\u00e9ment au GDPR"},"content":{"rendered":"\n<h1 class=\"wp-block-heading has-text-align-left\">Protection des donn\u00e9es personnelles conform\u00e9ment au GDPR<\/h1>\n\n<p>Le\u00f3n Research, S.L., conform\u00e9ment \u00e0 la l\u00e9gislation en vigueur en mati\u00e8re de protection des donn\u00e9es personnelles, signale que les donn\u00e9es personnelles collect\u00e9es par le biais des formulaires disponibles sur le site Web: www.leonresearch.com , sont incluses dans des fichiers informatis\u00e9s pour les services sp\u00e9cifiques aux utilisateurs de Le\u00f3n Research, S.L..<\/p>\n\n<p>La collecte et le traitement des donn\u00e9es personnelles visent \u00e0 maintenir la relation d&rsquo;affaires et la performance dans les t\u00e2ches d&rsquo;information, de formation, de conseil et d&rsquo;autres activit\u00e9s.<\/p>\n\n<p>Les donn\u00e9es ne seront transf\u00e9r\u00e9es qu&rsquo;aux entit\u00e9s n\u00e9cessaires \u00e0 la r\u00e9alisation de l&rsquo;objectif susmentionn\u00e9.<\/p>\n\n<p>Le\u00f3n Research, S.L. adoptera les mesures n\u00e9cessaires pour garantir la s\u00e9curit\u00e9, l&rsquo;int\u00e9grit\u00e9 et la confidentialit\u00e9 des donn\u00e9es conform\u00e9ment aux dispositions du R\u00e8glement g\u00e9n\u00e9ral sur la protection des donn\u00e9es (RGPD) de l&rsquo;UE.<\/p>\n\n<p>L&rsquo;utilisateur peut \u00e0 tout moment exercer ses droits d&rsquo;acc\u00e8s, d&rsquo;opposition, de rectification, de limitation, de portabilit\u00e9 et d&rsquo;annulation reconnus dans le r\u00e8glement sur la protection des donn\u00e9es. L&rsquo;utilisateur peut exercer ces droits gratuitement par courrier \u00e9lectronique \u00e0: <a href=\"mailto:personal.data.protection@leonresearch.com\">personal.data.protection@leonresearch.com <\/a> ou \u00e0 l&rsquo;adresse: c\/ Nicostrato Vela s\/n M11.2, Parque Tecnol\u00f3gico Le\u00f3n, 24009 Le\u00f3n (Espagne).<\/p>\n\n<p>Vous d\u00e9clarez que toutes les informations fournies par lui sont v\u00e9ridiques et correctes et vous vous engagez \u00e0 les tenir \u00e0 jour, en communiquant les changements \u00e0 Le\u00f3n Research, S.L..<\/p>\n\n<h2 class=\"wp-block-heading\">Finalit\u00e9 du traitement des donn\u00e9es personnelles:<\/h2>\n\n<h3 class=\"wp-block-heading\">Dans quel but traiterons-nous vos donn\u00e9es personnelles?<\/h3>\n\n<p>Le\u00f3n Research, S.L. traitera vos donn\u00e9es personnelles collect\u00e9es \u00e0 travers le site Web: www.leonresearch.com, dans les buts suivants:<\/p>\n\n<p>Respecter les obligations commerciales, sociales, corporatives et comptables de l&rsquo;entreprise.<\/p>\n\n<p>Fournir ses services en fonction des besoins particuliers des clients, afin d&rsquo;ex\u00e9cuter les contrats sign\u00e9s par ces derniers.<\/p>\n\n<p>Envoyer des informations commerciales et des bulletins d&rsquo;information sur les nouveaux services propos\u00e9s sur le web et dans le secteur.<\/p>\n\n<p>Proc\u00e9der \u00e0 l&rsquo;archivage, \u00e0 la mise \u00e0 jour des syst\u00e8mes, \u00e0 la protection et \u00e0 la sauvegarde des informations et des bases de donn\u00e9es de l&rsquo;entreprise.<\/p>\n\n<p>Ex\u00e9cuter un contrat sign\u00e9 \u00e0 distance avec l&rsquo;utilisateur.<\/p>\n\n<p>Fournir les services contract\u00e9s par l&rsquo;utilisateur.<\/p>\n\n<p>Envoyer des informations promotionnelles par voie \u00e9lectronique.<\/p>\n\n<p>Fournir les informations demand\u00e9es par l&rsquo;utilisateur via le formulaire de contact.<\/p>\n\n<p>G\u00e9rer les CV et le bassin d&#8217;emploi des candidats qui fournissent leurs donn\u00e9es personnelles par le biais du formulaire Web.<\/p>\n\n<p>Nous vous rappelons que vous pouvez vous opposer \u00e0 l&rsquo;envoi de communications commerciales par tout moyen et \u00e0 tout moment, en envoyant un courrier \u00e9lectronique \u00e0 l&rsquo;adresse indiqu\u00e9e ci-dessus.<\/p>\n\n<p>Les champs de ces registres doivent \u00eatre obligatoirement remplis, \u00e9tant donn\u00e9 qu&rsquo;il est impossible de r\u00e9aliser les objectifs exprim\u00e9s si ces donn\u00e9es ne sont pas fournies.<\/p>\n\n<h3 class=\"wp-block-heading\">Pendant combien de temps les donn\u00e9es personnelles collect\u00e9es sont-elles conserv\u00e9es?<\/h3>\n\n<p>Les donn\u00e9es personnelles fournies seront conserv\u00e9es aussi longtemps que la relation commerciale est maintenue ou que vous n&rsquo;en demandez pas la suppression et pendant la p\u00e9riode au cours de laquelle des responsabilit\u00e9s l\u00e9gales pourraient na\u00eetre pour les services rendus.<\/p>\n\n<h2 class=\"wp-block-heading\">L\u00e9gitimation:<\/h2>\n\n<p>Le traitement de vos donn\u00e9es sera effectu\u00e9 sur la base des fondements juridiques suivants qui le l\u00e9gitiment:<\/p>\n\n<p>1. Demande d&rsquo;information et\/ou souscription des services de Le\u00f3n Research, S.L., dont les conditions g\u00e9n\u00e9rales vous seront communiqu\u00e9es dans tous les cas, avant la conclusion d&rsquo;un \u00e9ventuel contrat.<\/p>\n\n<p>2. Consentement libre, sp\u00e9cifique, \u00e9clair\u00e9 et sans ambigu\u00eft\u00e9, comme nous vous l&rsquo;indiquons en mettant \u00e0 votre disposition cette politique de confidentialit\u00e9. Apr\u00e8s l&rsquo;avoir lue, si vous \u00eates d&rsquo;accord, vous pouvez l&rsquo;accepter par une d\u00e9claration ou une action affirmative claire, comme le fait de cocher une case pr\u00e9vue \u00e0 cet effet.<\/p>\n\n<p>Si vous ne nous fournissez pas vos informations ou si vous le faites de mani\u00e8re erron\u00e9e ou incompl\u00e8te, nous ne pourrons pas r\u00e9pondre \u00e0 votre demande, car il nous sera impossible de vous fournir les informations demand\u00e9es ou d&rsquo;ex\u00e9cuter le contrat de services.<\/p>\n\n<h2 class=\"wp-block-heading\">Destinataires:<\/h2>\n\n<p>Les donn\u00e9es ne seront pas communiqu\u00e9es \u00e0 des tiers en dehors de Le\u00f3n Research, S.L., sauf en cas d&rsquo;obligation l\u00e9gale.<\/p>\n\n<h2 class=\"wp-block-heading\">Donn\u00e9es collect\u00e9es par les utilisateurs du service:<\/h2>\n\n<p>Si l&rsquo;utilisateur inclut des fichiers contenant des donn\u00e9es personnelles sur des serveurs d&rsquo;h\u00e9bergement partag\u00e9s, Le\u00f3n Research, S.L. n&rsquo;est pas responsable de la violation par l&rsquo;utilisateur de la r\u00e9glementation sur la protection des donn\u00e9es.<\/p>\n\n<h2 class=\"wp-block-heading\">Droits de propri\u00e9t\u00e9 intellectuelle<\/h2>\n\n<p>Le\u00f3n Research, S.L. est titulaire de tous les droits d&rsquo;auteur, de propri\u00e9t\u00e9 intellectuelle, industrielle, de \u00ab\u00a0know how\u00a0\u00bb et de tout autre droit li\u00e9 au contenu du site Web www.leonresearch.com ; http:\/\/orusresearch.com\/ et aux services qui y sont offerts, ainsi qu&rsquo;aux programmes n\u00e9cessaires \u00e0 leur mise en \u0153uvre et \u00e0 l&rsquo;information connexe.<\/p>\n\n<p>Toute reproduction, publication et\/ou utilisation \u00e0 des fins strictement priv\u00e9es, totale ou partielle, du contenu du site www.leonresearch.com ; http:\/\/orusresearch.com\/ est interdite sans un accord \u00e9crit pr\u00e9alable.<\/p>\n\n<h2 class=\"wp-block-heading\">Droits de propri\u00e9t\u00e9 intellectuelle des logiciels<\/h2>\n\n<p>Vous devez respecter les autres programmes mis \u00e0 disposition par Le\u00f3n Research, S.L., m\u00eame s&rsquo;ils sont gratuits et\/ou accessibles au public.<\/p>\n\n<p>Le\u00f3n Research, S.L. d\u00e9tient les droits d&rsquo;exploitation et la propri\u00e9t\u00e9 intellectuelle des logiciels n\u00e9cessaires.<\/p>\n\n<p>L&rsquo;utilisateur n&rsquo;acquiert aucun droit ou licence sur le service contract\u00e9, sur le logiciel n\u00e9cessaire \u00e0 la prestation du service ou sur la trace du service d&rsquo;information technique, \u00e0 l&rsquo;exception des droits et licences n\u00e9cessaires \u00e0 l&rsquo;ex\u00e9cution des services contract\u00e9s et uniquement pour la dur\u00e9e de ceux-ci. Pour toute action d\u00e9passant l&rsquo;ex\u00e9cution du contrat, l&rsquo;utilisateur devra obtenir l&rsquo;autorisation \u00e9crite de Le\u00f3n Research, S.L., \u00e9tant interdit \u00e0 l&rsquo;utilisateur d&rsquo;acc\u00e9der, de modifier, de visualiser la configuration, la structure et les fichiers du serveur, propri\u00e9t\u00e9 de Le\u00f3n Research, S.L., assumant la responsabilit\u00e9 civile et p\u00e9nale d\u00e9coulant de tout incident pouvant survenir sur les serveurs et les syst\u00e8mes de s\u00e9curit\u00e9 en tant que r\u00e9sultat direct d&rsquo;une n\u00e9gligence ou d&rsquo;une malveillance de sa part.<\/p>\n\n<h2 class=\"wp-block-heading\">Contenus de propri\u00e9t\u00e9 intellectuelle h\u00e9berg\u00e9s<\/h2>\n\n<p>Utilisation contraire aux services de droit de la propri\u00e9t\u00e9 intellectuelle fournis par Le\u00f3n Research, S.L. et en particulier:<\/p>\n\n<p>&#8211; Utilisation contraire aux lois espagnoles ou qui porte atteinte aux droits de la personnalit\u00e9.<\/p>\n\n<p>&#8211; Publication ou transmission de tout contenu qui, de l&rsquo;avis de Le\u00f3n Research, S.L., est violent, obsc\u00e8ne, abusif, ill\u00e9gal, raciste, x\u00e9nophobe ou diffamatoire.<\/p>\n\n<p>&#8211; Cracks, num\u00e9ros de s\u00e9rie de logiciels ou tout autre contenu qui viole les droits de propri\u00e9t\u00e9 intellectuelle de tiers.<\/p>\n\n<p>&#8211; Collecter et\/ou utiliser des donn\u00e9es personnelles d&rsquo;autres utilisateurs sans leur consentement explicite ou en violation des dispositions du R\u00e8glement g\u00e9n\u00e9ral sur la protection des donn\u00e9es (RGPD) de l&rsquo;UE.<\/p>\n\n<p>&#8211; Utiliser le serveur de messagerie d&rsquo;un domaine et des adresses \u00e9lectroniques pour envoyer des messages non sollicit\u00e9s.<\/p>\n\n<p>L&rsquo;utilisateur est pleinement responsable du contenu de son site web, des informations transmises et stock\u00e9es, des liens hypertextes, des r\u00e9clamations de tiers et des actions en justice relatives aux droits de propri\u00e9t\u00e9 intellectuelle et \u00e0 la protection des mineurs.<\/p>\n\n<p>L&rsquo;utilisateur est responsable des lois et r\u00e8glements en vigueur et des r\u00e8gles relatives au fonctionnement du service en ligne, au commerce \u00e9lectronique, aux droits d&rsquo;auteur, au maintien de l&rsquo;ordre public et aux principes universels d&rsquo;utilisation d&rsquo;Internet.<\/p>\n\n<p>L&rsquo;utilisateur indemnise Le\u00f3n Research, S.L. pour les frais g\u00e9n\u00e9r\u00e9s par une cause dont la responsabilit\u00e9 est imputable \u00e0 l&rsquo;utilisateur, y compris les honoraires et les frais de justice, m\u00eame si une d\u00e9cision de justice n&rsquo;est pas d\u00e9finitive.<\/p>\n\n<h2 class=\"wp-block-heading\">Protection des informations h\u00e9berg\u00e9es<\/h2>\n\n<p>Le\u00f3n Research, S.L. prot\u00e8ge les contenus h\u00e9berg\u00e9s sur ses serveurs, mais n&rsquo;est pas responsable de la perte ou de l&rsquo;effacement accidentel des donn\u00e9es par les utilisateurs. De m\u00eame, le remplacement ne garantit pas le total des donn\u00e9es supprim\u00e9es par les utilisateurs, \u00e9tant donn\u00e9 que ces donn\u00e9es peuvent avoir \u00e9t\u00e9 supprim\u00e9es et\/ou modifi\u00e9es au cours de la p\u00e9riode \u00e9coul\u00e9e depuis la derni\u00e8re sauvegarde.<\/p>\n\n<p>Les services offerts, \u00e0 l&rsquo;exception des services de sauvegarde sp\u00e9cifiques, n&rsquo;incluent pas le remplacement des contenus stock\u00e9s dans les sauvegardes effectu\u00e9es par Le\u00f3n Research, S.L. lorsque cette perte est imputable \u00e0 l&rsquo;utilisateur ; dans ce cas, le tarif sera d\u00e9termin\u00e9 en fonction de la complexit\u00e9 et du volume de la r\u00e9cup\u00e9ration, toujours avec l&rsquo;acceptation pr\u00e9alable de l&rsquo;utilisateur.<\/p>\n\n<p>Le remplacement des donn\u00e9es supprim\u00e9es n&rsquo;est inclus au co\u00fbt du service que lorsque la perte de contenu est due \u00e0 des causes imputables \u00e0 Le\u00f3n Research, S.L..<\/p>\n\n<h2 class=\"wp-block-heading\">Communications commerciales<\/h2>\n\n<p>Conform\u00e9ment \u00e0 la LSSI. Le\u00f3n Research, S.L. n&rsquo;enverra pas de communications publicitaires ou promotionnelles par courrier \u00e9lectronique ou par d&rsquo;autres moyens de communication \u00e9lectronique qui n&rsquo;ont pas \u00e9t\u00e9 pr\u00e9alablement demand\u00e9s ou express\u00e9ment autoris\u00e9s par le destinataire.<\/p>\n\n<p>Dans les cas o\u00f9 il existe des relations contractuelles ant\u00e9rieures, Le\u00f3n Research, S.L. est autoris\u00e9e \u00e0 envoyer des communications commerciales relatives \u00e0 des produits ou services similaires \u00e0 ceux qui ont fait l&rsquo;objet d&rsquo;un contrat initial avec le client.<\/p>\n\n<p>Dans tous les cas, l&rsquo;utilisateur peut demander \u00e0 ne plus recevoir d&rsquo;informations commerciales par l&rsquo;interm\u00e9diaire de canaux clients, sur pr\u00e9sentation d&rsquo;une pi\u00e8ce d&rsquo;identit\u00e9.<\/p>\n<!-- wp:themify-builder\/canvas \/-->","protected":false},"excerpt":{"rendered":"<p>Protection des donn\u00e9es personnelles conform\u00e9ment au GDPR Le\u00f3n Research, S.L., conform\u00e9ment \u00e0 la l\u00e9gislation en vigueur en mati\u00e8re de protection des donn\u00e9es personnelles, signale que les donn\u00e9es personnelles collect\u00e9es par le biais des formulaires disponibles sur le site Web: www.leonresearch.com , sont incluses dans des fichiers informatis\u00e9s pour les services sp\u00e9cifiques aux utilisateurs de Le\u00f3n [&hellip;]<\/p>\n","protected":false},"author":3,"featured_media":0,"parent":0,"menu_order":0,"comment_status":"closed","ping_status":"open","template":"","meta":{"footnotes":""},"class_list":["post-5176","page","type-page","status-publish","hentry","has-post-title","has-post-date","has-post-category","has-post-tag","has-post-comment","has-post-author",""],"yoast_head":"<!-- This site is optimized with the Yoast SEO plugin v27.3 - https:\/\/yoast.com\/product\/yoast-seo-wordpress\/ -->\n<title>Protection des donn\u00e9es personnelles conform\u00e9ment au GDPR &#8226; Leon Research<\/title>\n<meta name=\"description\" content=\"Protection des donn\u00e9es personnelles conform\u00e9ment au GDPR Le\u00f3n Research, S.L., conform\u00e9ment \u00e0 la l\u00e9gislation en vigueur en mati\u00e8re de protection des\" \/>\n<meta name=\"robots\" content=\"noindex, nofollow\" \/>\n<meta property=\"og:locale\" content=\"fr_FR\" \/>\n<meta property=\"og:type\" content=\"article\" \/>\n<meta property=\"og:title\" content=\"Protection des donn\u00e9es personnelles conform\u00e9ment au GDPR &#8226; Leon Research\" \/>\n<meta property=\"og:description\" content=\"Protection des donn\u00e9es personnelles conform\u00e9ment au GDPR Le\u00f3n Research, S.L., conform\u00e9ment \u00e0 la l\u00e9gislation en vigueur en mati\u00e8re de protection des\" \/>\n<meta property=\"og:url\" content=\"https:\/\/leonresearch.com\/fr\/politique-confidentialite\/\" \/>\n<meta property=\"og:site_name\" content=\"Leon Research\" \/>\n<meta property=\"article:modified_time\" content=\"2024-06-07T07:33:06+00:00\" \/>\n<meta property=\"og:image\" content=\"https:\/\/leonresearch.com\/wp-content\/uploads\/2023\/07\/logo-ok-leonresearchpng.png\" \/>\n\t<meta property=\"og:image:width\" content=\"333\" \/>\n\t<meta property=\"og:image:height\" content=\"82\" \/>\n\t<meta property=\"og:image:type\" content=\"image\/png\" \/>\n<meta name=\"twitter:card\" content=\"summary_large_image\" \/>\n<meta name=\"twitter:label1\" content=\"Dur\u00e9e de lecture estim\u00e9e\" \/>\n\t<meta name=\"twitter:data1\" content=\"8 minutes\" \/>\n<script type=\"application\/ld+json\" class=\"yoast-schema-graph\">{\"@context\":\"https:\\\/\\\/schema.org\",\"@graph\":[{\"@type\":\"WebPage\",\"@id\":\"https:\\\/\\\/leonresearch.com\\\/fr\\\/politique-confidentialite\\\/\",\"url\":\"https:\\\/\\\/leonresearch.com\\\/fr\\\/politique-confidentialite\\\/\",\"name\":\"Protection des donn\u00e9es personnelles conform\u00e9ment au GDPR &#8226; Leon Research\",\"isPartOf\":{\"@id\":\"https:\\\/\\\/leonresearch.com\\\/fr\\\/#website\"},\"datePublished\":\"2023-07-06T09:11:20+00:00\",\"dateModified\":\"2024-06-07T07:33:06+00:00\",\"description\":\"Protection des donn\u00e9es personnelles conform\u00e9ment au GDPR Le\u00f3n Research, S.L., conform\u00e9ment \u00e0 la l\u00e9gislation en vigueur en mati\u00e8re de protection des\",\"breadcrumb\":{\"@id\":\"https:\\\/\\\/leonresearch.com\\\/fr\\\/politique-confidentialite\\\/#breadcrumb\"},\"inLanguage\":\"fr-FR\",\"potentialAction\":[{\"@type\":\"ReadAction\",\"target\":[\"https:\\\/\\\/leonresearch.com\\\/fr\\\/politique-confidentialite\\\/\"]}]},{\"@type\":\"BreadcrumbList\",\"@id\":\"https:\\\/\\\/leonresearch.com\\\/fr\\\/politique-confidentialite\\\/#breadcrumb\",\"itemListElement\":[{\"@type\":\"ListItem\",\"position\":1,\"name\":\"Home\",\"item\":\"https:\\\/\\\/leonresearch.com\\\/fr\\\/\"},{\"@type\":\"ListItem\",\"position\":2,\"name\":\"Protection des donn\u00e9es personnelles conform\u00e9ment au GDPR\"}]},{\"@type\":\"WebSite\",\"@id\":\"https:\\\/\\\/leonresearch.com\\\/fr\\\/#website\",\"url\":\"https:\\\/\\\/leonresearch.com\\\/fr\\\/\",\"name\":\"Leon Research\",\"description\":\"CRO Contract Research Organization\",\"publisher\":{\"@id\":\"https:\\\/\\\/leonresearch.com\\\/fr\\\/#organization\"},\"alternateName\":\"Contract Research Organization (CRO)\",\"potentialAction\":[{\"@type\":\"SearchAction\",\"target\":{\"@type\":\"EntryPoint\",\"urlTemplate\":\"https:\\\/\\\/leonresearch.com\\\/fr\\\/?s={search_term_string}\"},\"query-input\":{\"@type\":\"PropertyValueSpecification\",\"valueRequired\":true,\"valueName\":\"search_term_string\"}}],\"inLanguage\":\"fr-FR\"},{\"@type\":\"Organization\",\"@id\":\"https:\\\/\\\/leonresearch.com\\\/fr\\\/#organization\",\"name\":\"Leon Reseach\",\"alternateName\":\"Contract Research Organization (CRO)\",\"url\":\"https:\\\/\\\/leonresearch.com\\\/fr\\\/\",\"logo\":{\"@type\":\"ImageObject\",\"inLanguage\":\"fr-FR\",\"@id\":\"https:\\\/\\\/leonresearch.com\\\/fr\\\/#\\\/schema\\\/logo\\\/image\\\/\",\"url\":\"https:\\\/\\\/leonresearch.com\\\/wp-content\\\/uploads\\\/2023\\\/07\\\/icono-LRhome.png\",\"contentUrl\":\"https:\\\/\\\/leonresearch.com\\\/wp-content\\\/uploads\\\/2023\\\/07\\\/icono-LRhome.png\",\"width\":111,\"height\":111,\"caption\":\"Leon Reseach\"},\"image\":{\"@id\":\"https:\\\/\\\/leonresearch.com\\\/fr\\\/#\\\/schema\\\/logo\\\/image\\\/\"},\"sameAs\":[\"https:\\\/\\\/es.linkedin.com\\\/company\\\/leon-research\"]}]}<\/script>\n<!-- \/ Yoast SEO plugin. -->","yoast_head_json":{"title":"Protection des donn\u00e9es personnelles conform\u00e9ment au GDPR &#8226; Leon Research","description":"Protection des donn\u00e9es personnelles conform\u00e9ment au GDPR Le\u00f3n Research, S.L., conform\u00e9ment \u00e0 la l\u00e9gislation en vigueur en mati\u00e8re de protection des","robots":{"index":"noindex","follow":"nofollow"},"og_locale":"fr_FR","og_type":"article","og_title":"Protection des donn\u00e9es personnelles conform\u00e9ment au GDPR &#8226; Leon Research","og_description":"Protection des donn\u00e9es personnelles conform\u00e9ment au GDPR Le\u00f3n Research, S.L., conform\u00e9ment \u00e0 la l\u00e9gislation en vigueur en mati\u00e8re de protection des","og_url":"https:\/\/leonresearch.com\/fr\/politique-confidentialite\/","og_site_name":"Leon Research","article_modified_time":"2024-06-07T07:33:06+00:00","og_image":[{"width":333,"height":82,"url":"https:\/\/leonresearch.com\/wp-content\/uploads\/2023\/07\/logo-ok-leonresearchpng.png","type":"image\/png"}],"twitter_card":"summary_large_image","twitter_misc":{"Dur\u00e9e de lecture estim\u00e9e":"8 minutes"},"schema":{"@context":"https:\/\/schema.org","@graph":[{"@type":"WebPage","@id":"https:\/\/leonresearch.com\/fr\/politique-confidentialite\/","url":"https:\/\/leonresearch.com\/fr\/politique-confidentialite\/","name":"Protection des donn\u00e9es personnelles conform\u00e9ment au GDPR &#8226; Leon Research","isPartOf":{"@id":"https:\/\/leonresearch.com\/fr\/#website"},"datePublished":"2023-07-06T09:11:20+00:00","dateModified":"2024-06-07T07:33:06+00:00","description":"Protection des donn\u00e9es personnelles conform\u00e9ment au GDPR Le\u00f3n Research, S.L., conform\u00e9ment \u00e0 la l\u00e9gislation en vigueur en mati\u00e8re de protection des","breadcrumb":{"@id":"https:\/\/leonresearch.com\/fr\/politique-confidentialite\/#breadcrumb"},"inLanguage":"fr-FR","potentialAction":[{"@type":"ReadAction","target":["https:\/\/leonresearch.com\/fr\/politique-confidentialite\/"]}]},{"@type":"BreadcrumbList","@id":"https:\/\/leonresearch.com\/fr\/politique-confidentialite\/#breadcrumb","itemListElement":[{"@type":"ListItem","position":1,"name":"Home","item":"https:\/\/leonresearch.com\/fr\/"},{"@type":"ListItem","position":2,"name":"Protection des donn\u00e9es personnelles conform\u00e9ment au GDPR"}]},{"@type":"WebSite","@id":"https:\/\/leonresearch.com\/fr\/#website","url":"https:\/\/leonresearch.com\/fr\/","name":"Leon Research","description":"CRO Contract Research Organization","publisher":{"@id":"https:\/\/leonresearch.com\/fr\/#organization"},"alternateName":"Contract Research Organization (CRO)","potentialAction":[{"@type":"SearchAction","target":{"@type":"EntryPoint","urlTemplate":"https:\/\/leonresearch.com\/fr\/?s={search_term_string}"},"query-input":{"@type":"PropertyValueSpecification","valueRequired":true,"valueName":"search_term_string"}}],"inLanguage":"fr-FR"},{"@type":"Organization","@id":"https:\/\/leonresearch.com\/fr\/#organization","name":"Leon Reseach","alternateName":"Contract Research Organization (CRO)","url":"https:\/\/leonresearch.com\/fr\/","logo":{"@type":"ImageObject","inLanguage":"fr-FR","@id":"https:\/\/leonresearch.com\/fr\/#\/schema\/logo\/image\/","url":"https:\/\/leonresearch.com\/wp-content\/uploads\/2023\/07\/icono-LRhome.png","contentUrl":"https:\/\/leonresearch.com\/wp-content\/uploads\/2023\/07\/icono-LRhome.png","width":111,"height":111,"caption":"Leon Reseach"},"image":{"@id":"https:\/\/leonresearch.com\/fr\/#\/schema\/logo\/image\/"},"sameAs":["https:\/\/es.linkedin.com\/company\/leon-research"]}]}},"builder_content":"","_links":{"self":[{"href":"https:\/\/leonresearch.com\/fr\/wp-json\/wp\/v2\/pages\/5176","targetHints":{"allow":["GET"]}}],"collection":[{"href":"https:\/\/leonresearch.com\/fr\/wp-json\/wp\/v2\/pages"}],"about":[{"href":"https:\/\/leonresearch.com\/fr\/wp-json\/wp\/v2\/types\/page"}],"author":[{"embeddable":true,"href":"https:\/\/leonresearch.com\/fr\/wp-json\/wp\/v2\/users\/3"}],"replies":[{"embeddable":true,"href":"https:\/\/leonresearch.com\/fr\/wp-json\/wp\/v2\/comments?post=5176"}],"version-history":[{"count":2,"href":"https:\/\/leonresearch.com\/fr\/wp-json\/wp\/v2\/pages\/5176\/revisions"}],"predecessor-version":[{"id":5178,"href":"https:\/\/leonresearch.com\/fr\/wp-json\/wp\/v2\/pages\/5176\/revisions\/5178"}],"wp:attachment":[{"href":"https:\/\/leonresearch.com\/fr\/wp-json\/wp\/v2\/media?parent=5176"}],"curies":[{"name":"wp","href":"https:\/\/api.w.org\/{rel}","templated":true}]}}