{"id":5174,"date":"2023-07-13T09:55:37","date_gmt":"2023-07-13T07:55:37","guid":{"rendered":"https:\/\/leonresearch.com\/avis-juridique\/"},"modified":"2024-06-07T09:10:06","modified_gmt":"2024-06-07T07:10:06","slug":"avis-juridique","status":"publish","type":"page","link":"https:\/\/leonresearch.com\/fr\/avis-juridique\/","title":{"rendered":"Avis juridique"},"content":{"rendered":"<!--themify_builder_content-->\n<div id=\"themify_builder_content-5174\" data-postid=\"5174\" class=\"themify_builder_content themify_builder_content-5174 themify_builder tf_clear\">\n                    <div  data-lazy=\"1\" class=\"module_row themify_builder_row tb_zjs2760 tb_first tf_w\">\n                        <div class=\"row_inner col_align_top tb_col_count_1 tf_box tf_rel\">\n                        <div  data-lazy=\"1\" class=\"module_column tb-column col-full tb_v3vg761 first\">\n                    <!-- module text -->\n<div  class=\"module module-text tb_dl7a906   \" data-lazy=\"1\">\n        <div  class=\"tb_text_wrap\">\n        <h1>Avis juridique<\/h1>\n<p style=\"margin: 0cm 0cm 15.0pt 0cm;\"><span style=\"font-family: 'Lato',sans-serif; color: #666666;\">Le\u00f3n Research, S.L., avec CIF\/NIF: B24568032 et dont l&rsquo;adresse est: c\/Nicostrato Vela s\/n M11.2, Parque Tecnol\u00f3gico Le\u00f3n, 24009 Le\u00f3n (Espagne), n&rsquo;assume aucune responsabilit\u00e9 en cas d&rsquo;utilisation incorrecte, inappropri\u00e9e ou ill\u00e9gale des informations figurant sur les sites web suivants: www.leonresearch.com ; http:\/\/orusresearch.com\/.<\/span><\/p>\n<p style=\"margin: 0cm; box-sizing: border-box; caret-color: #666666;\"><span style=\"font-family: 'Lato',sans-serif; color: #666666;\">Le\u00f3n Research, S.L. est une soci\u00e9t\u00e9 inscrite au registre du commerce de Le\u00f3n,<br style=\"box-sizing: border-box;\">au Tome 1127, Livre 0, Page 62, Section 8, Feuille LE 18578, Inscription 1.<\/span><\/p>\n<p style=\"box-sizing: border-box; caret-color: #666666; margin: 0cm 0cm 15.0pt 0cm;\"><span style=\"font-family: 'Lato',sans-serif; color: #666666;\">Dans les limites \u00e9tablies par la loi, Le\u00f3n Research, S.L. d\u00e9cline toute responsabilit\u00e9 quant au manque de v\u00e9racit\u00e9, d&rsquo;int\u00e9grit\u00e9, d&rsquo;actualisation et d&rsquo;exactitude des donn\u00e9es ou des informations contenues dans ses sites Internet.<\/span><\/p>\n<p style=\"box-sizing: border-box; caret-color: #666666; margin: 0cm 0cm 15.0pt 0cm;\"><span style=\"font-family: 'Lato',sans-serif; color: #666666;\">Les contenus et les informations n&rsquo;engagent pas Le\u00f3n Research, S.L. et n&rsquo;impliquent pas d&rsquo;opinions, de conseils ou d&rsquo;\u00e9valuations juridiques de quelque nature que ce soit, puisqu&rsquo;il s&rsquo;agit d&rsquo;un simple service offert \u00e0 titre informatif.<\/span><\/p>\n<p style=\"box-sizing: border-box; caret-color: #666666; margin: 0cm 0cm 15.0pt 0cm;\"><span style=\"font-family: 'Lato',sans-serif; color: #666666;\">Les sites Internet de Le\u00f3n Research, S.L. peuvent contenir des liens vers d&rsquo;autres tiers qui ne sont pas contr\u00f4l\u00e9s par Le\u00f3n Research, S.L.. Par cons\u00e9quent, Le\u00f3n Research, S.L. ne peut \u00eatre tenu responsable du contenu qui peut appara\u00eetre sur ces pages.<\/span><\/p>\n<p style=\"margin: 0cm; box-sizing: border-box; caret-color: #666666;\"><span style=\"font-family: 'Lato',sans-serif; color: #666666;\">Le texte, les images, les sons, les animations, les logiciels et les autres contenus de ce site Web sont la propri\u00e9t\u00e9 exclusive de Le\u00f3n Research, S.L. ou de ses conc\u00e9dants de licence. Toute transmission, distribution, transfert, reproduction, stockage, communication publique totale ou partielle<br style=\"box-sizing: border-box;\">doit \u00eatre autoris\u00e9e par Le\u00f3n Research, S.L. ou ses conc\u00e9dants.<\/span><\/p>\n<p style=\"box-sizing: border-box; caret-color: #666666; margin: 0cm 0cm 15.0pt 0cm;\"><span style=\"font-family: 'Lato',sans-serif; color: #666666;\">Toute transmission, distribution, cession, reproduction, stockage, communication publique totale ou partielle doit faire l&rsquo;objet d&rsquo;un consentement expr\u00e8s de Le\u00f3n Research, S.L.. De m\u00eame, l&rsquo;acc\u00e8s \u00e0 certains des services offerts \u00e0 travers le site Web doit fournir certains renseignements personnels. De m\u00eame, l&rsquo;acc\u00e8s \u00e0 certains des services propos\u00e9s par le site web doit fournir quelques donn\u00e9es personnelles.<\/span><\/p>\n<p style=\"box-sizing: border-box; caret-color: #666666; margin: 0cm 0cm 15.0pt 0cm;\"><span style=\"font-family: 'Lato',sans-serif; color: #666666;\">IConform\u00e9ment aux dispositions du R\u00e8glement (UE) 2016\/679 du Parlement europ\u00e9en et du Conseil du 27 avril 2016 relatif \u00e0 la protection des personnes physiques \u00e0 l&rsquo;\u00e9gard du traitement des donn\u00e9es \u00e0 caract\u00e8re personnel et \u00e0 la libre circulation de ces donn\u00e9es, et abrogeant la directive 95\/46\/CE (R\u00e8glement g\u00e9n\u00e9ral sur la protection des donn\u00e9es &#8211; RGPD), nous vous informons que vous pouvez remplir ces formulaires, vos donn\u00e9es personnelles seront stock\u00e9es et trait\u00e9es par Le\u00f3n Research, S.L. pour l&rsquo;offre et la fourniture de nos services et l&rsquo;information sur les am\u00e9liorations apport\u00e9es au site Web.<\/span><\/p>\n<p style=\"margin: 0cm; box-sizing: border-box; caret-color: #666666;\"><span style=\"font-family: 'Lato',sans-serif; color: #666666;\">Nous vous informons \u00e9galement que vous pouvez exercer les droits d&rsquo;acc\u00e8s, de rectification, d&rsquo;annulation, de limitation, de portabilit\u00e9 et d&rsquo;opposition \u00e0 vos donn\u00e9es personnelles, gratuitement par courrier \u00e9lectronique \u00e0: agarcia@leonresearch.es ou \u00e0 l&rsquo;adresse: c\/Nicostrato Vela s\/n M11.2, Parque Tecnol\u00f3gico Le\u00f3n, 24009 Le\u00f3n (Espagne).<\/span><\/p>    <\/div>\n<\/div>\n<!-- \/module text -->        <\/div>\n                        <\/div>\n        <\/div>\n        <\/div>\n<!--\/themify_builder_content-->","protected":false},"excerpt":{"rendered":"<p>Avis juridique Le\u00f3n Research, S.L., avec CIF\/NIF: B24568032 et dont l&rsquo;adresse est: c\/Nicostrato Vela s\/n M11.2, Parque Tecnol\u00f3gico Le\u00f3n, 24009 Le\u00f3n (Espagne), n&rsquo;assume aucune responsabilit\u00e9 en cas d&rsquo;utilisation incorrecte, inappropri\u00e9e ou ill\u00e9gale des informations figurant sur les sites web suivants: www.leonresearch.com ; http:\/\/orusresearch.com\/. Le\u00f3n Research, S.L. est une soci\u00e9t\u00e9 inscrite au registre du commerce de [&hellip;]<\/p>\n","protected":false},"author":3,"featured_media":0,"parent":0,"menu_order":0,"comment_status":"closed","ping_status":"closed","template":"","meta":{"footnotes":""},"class_list":["post-5174","page","type-page","status-publish","hentry","has-post-title","has-post-date","has-post-category","has-post-tag","has-post-comment","has-post-author",""],"yoast_head":"<!-- This site is optimized with the Yoast SEO plugin v27.4 - https:\/\/yoast.com\/product\/yoast-seo-wordpress\/ -->\n<title>Avis juridique &#8226; Leon Research<\/title>\n<meta name=\"robots\" content=\"noindex, nofollow\" \/>\n<meta property=\"og:locale\" content=\"fr_FR\" \/>\n<meta property=\"og:type\" content=\"article\" \/>\n<meta property=\"og:title\" content=\"Avis juridique &#8226; Leon Research\" \/>\n<meta property=\"og:url\" content=\"https:\/\/leonresearch.com\/fr\/avis-juridique\/\" \/>\n<meta property=\"og:site_name\" content=\"Leon Research\" \/>\n<meta property=\"article:modified_time\" content=\"2024-06-07T07:10:06+00:00\" \/>\n<meta property=\"og:image\" content=\"https:\/\/leonresearch.com\/wp-content\/uploads\/2023\/07\/logo-ok-leonresearchpng.png\" \/>\n\t<meta property=\"og:image:width\" content=\"333\" \/>\n\t<meta property=\"og:image:height\" content=\"82\" \/>\n\t<meta property=\"og:image:type\" content=\"image\/png\" \/>\n<meta name=\"twitter:card\" content=\"summary_large_image\" \/>\n<script type=\"application\/ld+json\" class=\"yoast-schema-graph\">{\"@context\":\"https:\\\/\\\/schema.org\",\"@graph\":[{\"@type\":\"WebPage\",\"@id\":\"https:\\\/\\\/leonresearch.com\\\/fr\\\/avis-juridique\\\/\",\"url\":\"https:\\\/\\\/leonresearch.com\\\/fr\\\/avis-juridique\\\/\",\"name\":\"Avis juridique &#8226; Leon Research\",\"isPartOf\":{\"@id\":\"https:\\\/\\\/leonresearch.com\\\/fr\\\/#website\"},\"datePublished\":\"2023-07-13T07:55:37+00:00\",\"dateModified\":\"2024-06-07T07:10:06+00:00\",\"breadcrumb\":{\"@id\":\"https:\\\/\\\/leonresearch.com\\\/fr\\\/avis-juridique\\\/#breadcrumb\"},\"inLanguage\":\"fr-FR\",\"potentialAction\":[{\"@type\":\"ReadAction\",\"target\":[\"https:\\\/\\\/leonresearch.com\\\/fr\\\/avis-juridique\\\/\"]}]},{\"@type\":\"BreadcrumbList\",\"@id\":\"https:\\\/\\\/leonresearch.com\\\/fr\\\/avis-juridique\\\/#breadcrumb\",\"itemListElement\":[{\"@type\":\"ListItem\",\"position\":1,\"name\":\"Home\",\"item\":\"https:\\\/\\\/leonresearch.com\\\/fr\\\/\"},{\"@type\":\"ListItem\",\"position\":2,\"name\":\"Avis juridique\"}]},{\"@type\":\"WebSite\",\"@id\":\"https:\\\/\\\/leonresearch.com\\\/fr\\\/#website\",\"url\":\"https:\\\/\\\/leonresearch.com\\\/fr\\\/\",\"name\":\"Leon Research\",\"description\":\"CRO Contract Research Organization\",\"publisher\":{\"@id\":\"https:\\\/\\\/leonresearch.com\\\/fr\\\/#organization\"},\"alternateName\":\"Contract Research Organization (CRO)\",\"potentialAction\":[{\"@type\":\"SearchAction\",\"target\":{\"@type\":\"EntryPoint\",\"urlTemplate\":\"https:\\\/\\\/leonresearch.com\\\/fr\\\/?s={search_term_string}\"},\"query-input\":{\"@type\":\"PropertyValueSpecification\",\"valueRequired\":true,\"valueName\":\"search_term_string\"}}],\"inLanguage\":\"fr-FR\"},{\"@type\":\"Organization\",\"@id\":\"https:\\\/\\\/leonresearch.com\\\/fr\\\/#organization\",\"name\":\"Leon Reseach\",\"alternateName\":\"Contract Research Organization (CRO)\",\"url\":\"https:\\\/\\\/leonresearch.com\\\/fr\\\/\",\"logo\":{\"@type\":\"ImageObject\",\"inLanguage\":\"fr-FR\",\"@id\":\"https:\\\/\\\/leonresearch.com\\\/fr\\\/#\\\/schema\\\/logo\\\/image\\\/\",\"url\":\"https:\\\/\\\/leonresearch.com\\\/wp-content\\\/uploads\\\/2023\\\/07\\\/icono-LRhome.png\",\"contentUrl\":\"https:\\\/\\\/leonresearch.com\\\/wp-content\\\/uploads\\\/2023\\\/07\\\/icono-LRhome.png\",\"width\":111,\"height\":111,\"caption\":\"Leon Reseach\"},\"image\":{\"@id\":\"https:\\\/\\\/leonresearch.com\\\/fr\\\/#\\\/schema\\\/logo\\\/image\\\/\"},\"sameAs\":[\"https:\\\/\\\/es.linkedin.com\\\/company\\\/leon-research\"]}]}<\/script>\n<!-- \/ Yoast SEO plugin. -->","yoast_head_json":{"title":"Avis juridique &#8226; Leon Research","robots":{"index":"noindex","follow":"nofollow"},"og_locale":"fr_FR","og_type":"article","og_title":"Avis juridique &#8226; Leon Research","og_url":"https:\/\/leonresearch.com\/fr\/avis-juridique\/","og_site_name":"Leon Research","article_modified_time":"2024-06-07T07:10:06+00:00","og_image":[{"width":333,"height":82,"url":"https:\/\/leonresearch.com\/wp-content\/uploads\/2023\/07\/logo-ok-leonresearchpng.png","type":"image\/png"}],"twitter_card":"summary_large_image","schema":{"@context":"https:\/\/schema.org","@graph":[{"@type":"WebPage","@id":"https:\/\/leonresearch.com\/fr\/avis-juridique\/","url":"https:\/\/leonresearch.com\/fr\/avis-juridique\/","name":"Avis juridique &#8226; Leon Research","isPartOf":{"@id":"https:\/\/leonresearch.com\/fr\/#website"},"datePublished":"2023-07-13T07:55:37+00:00","dateModified":"2024-06-07T07:10:06+00:00","breadcrumb":{"@id":"https:\/\/leonresearch.com\/fr\/avis-juridique\/#breadcrumb"},"inLanguage":"fr-FR","potentialAction":[{"@type":"ReadAction","target":["https:\/\/leonresearch.com\/fr\/avis-juridique\/"]}]},{"@type":"BreadcrumbList","@id":"https:\/\/leonresearch.com\/fr\/avis-juridique\/#breadcrumb","itemListElement":[{"@type":"ListItem","position":1,"name":"Home","item":"https:\/\/leonresearch.com\/fr\/"},{"@type":"ListItem","position":2,"name":"Avis juridique"}]},{"@type":"WebSite","@id":"https:\/\/leonresearch.com\/fr\/#website","url":"https:\/\/leonresearch.com\/fr\/","name":"Leon Research","description":"CRO Contract Research Organization","publisher":{"@id":"https:\/\/leonresearch.com\/fr\/#organization"},"alternateName":"Contract Research Organization (CRO)","potentialAction":[{"@type":"SearchAction","target":{"@type":"EntryPoint","urlTemplate":"https:\/\/leonresearch.com\/fr\/?s={search_term_string}"},"query-input":{"@type":"PropertyValueSpecification","valueRequired":true,"valueName":"search_term_string"}}],"inLanguage":"fr-FR"},{"@type":"Organization","@id":"https:\/\/leonresearch.com\/fr\/#organization","name":"Leon Reseach","alternateName":"Contract Research Organization (CRO)","url":"https:\/\/leonresearch.com\/fr\/","logo":{"@type":"ImageObject","inLanguage":"fr-FR","@id":"https:\/\/leonresearch.com\/fr\/#\/schema\/logo\/image\/","url":"https:\/\/leonresearch.com\/wp-content\/uploads\/2023\/07\/icono-LRhome.png","contentUrl":"https:\/\/leonresearch.com\/wp-content\/uploads\/2023\/07\/icono-LRhome.png","width":111,"height":111,"caption":"Leon Reseach"},"image":{"@id":"https:\/\/leonresearch.com\/fr\/#\/schema\/logo\/image\/"},"sameAs":["https:\/\/es.linkedin.com\/company\/leon-research"]}]}},"builder_content":"<h1>Avis juridique<\/h1> <p style=\"margin: 0cm 0cm 15.0pt 0cm;\">Le\u00f3n Research, S.L., avec CIF\/NIF: B24568032 et dont l'adresse est: c\/Nicostrato Vela s\/n M11.2, Parque Tecnol\u00f3gico Le\u00f3n, 24009 Le\u00f3n (Espagne), n'assume aucune responsabilit\u00e9 en cas d'utilisation incorrecte, inappropri\u00e9e ou ill\u00e9gale des informations figurant sur les sites web suivants: www.leonresearch.com ; http:\/\/orusresearch.com\/.<\/p> <p style=\"margin: 0cm; box-sizing: border-box; caret-color: #666666;\">Le\u00f3n Research, S.L. est une soci\u00e9t\u00e9 inscrite au registre du commerce de Le\u00f3n,<br style=\"box-sizing: border-box;\">au Tome 1127, Livre 0, Page 62, Section 8, Feuille LE 18578, Inscription 1.<\/p> <p style=\"box-sizing: border-box; caret-color: #666666; margin: 0cm 0cm 15.0pt 0cm;\">Dans les limites \u00e9tablies par la loi, Le\u00f3n Research, S.L. d\u00e9cline toute responsabilit\u00e9 quant au manque de v\u00e9racit\u00e9, d'int\u00e9grit\u00e9, d'actualisation et d'exactitude des donn\u00e9es ou des informations contenues dans ses sites Internet.<\/p> <p style=\"box-sizing: border-box; caret-color: #666666; margin: 0cm 0cm 15.0pt 0cm;\">Les contenus et les informations n'engagent pas Le\u00f3n Research, S.L. et n'impliquent pas d'opinions, de conseils ou d'\u00e9valuations juridiques de quelque nature que ce soit, puisqu'il s'agit d'un simple service offert \u00e0 titre informatif.<\/p> <p style=\"box-sizing: border-box; caret-color: #666666; margin: 0cm 0cm 15.0pt 0cm;\">Les sites Internet de Le\u00f3n Research, S.L. peuvent contenir des liens vers d'autres tiers qui ne sont pas contr\u00f4l\u00e9s par Le\u00f3n Research, S.L.. Par cons\u00e9quent, Le\u00f3n Research, S.L. ne peut \u00eatre tenu responsable du contenu qui peut appara\u00eetre sur ces pages.<\/p> <p style=\"margin: 0cm; box-sizing: border-box; caret-color: #666666;\">Le texte, les images, les sons, les animations, les logiciels et les autres contenus de ce site Web sont la propri\u00e9t\u00e9 exclusive de Le\u00f3n Research, S.L. ou de ses conc\u00e9dants de licence. Toute transmission, distribution, transfert, reproduction, stockage, communication publique totale ou partielle<br style=\"box-sizing: border-box;\">doit \u00eatre autoris\u00e9e par Le\u00f3n Research, S.L. ou ses conc\u00e9dants.<\/p> <p style=\"box-sizing: border-box; caret-color: #666666; margin: 0cm 0cm 15.0pt 0cm;\">Toute transmission, distribution, cession, reproduction, stockage, communication publique totale ou partielle doit faire l'objet d'un consentement expr\u00e8s de Le\u00f3n Research, S.L.. De m\u00eame, l'acc\u00e8s \u00e0 certains des services offerts \u00e0 travers le site Web doit fournir certains renseignements personnels. De m\u00eame, l'acc\u00e8s \u00e0 certains des services propos\u00e9s par le site web doit fournir quelques donn\u00e9es personnelles.<\/p> <p style=\"box-sizing: border-box; caret-color: #666666; margin: 0cm 0cm 15.0pt 0cm;\">IConform\u00e9ment aux dispositions du R\u00e8glement (UE) 2016\/679 du Parlement europ\u00e9en et du Conseil du 27 avril 2016 relatif \u00e0 la protection des personnes physiques \u00e0 l'\u00e9gard du traitement des donn\u00e9es \u00e0 caract\u00e8re personnel et \u00e0 la libre circulation de ces donn\u00e9es, et abrogeant la directive 95\/46\/CE (R\u00e8glement g\u00e9n\u00e9ral sur la protection des donn\u00e9es - RGPD), nous vous informons que vous pouvez remplir ces formulaires, vos donn\u00e9es personnelles seront stock\u00e9es et trait\u00e9es par Le\u00f3n Research, S.L. pour l'offre et la fourniture de nos services et l'information sur les am\u00e9liorations apport\u00e9es au site Web.<\/p> <p style=\"margin: 0cm; box-sizing: border-box; caret-color: #666666;\">Nous vous informons \u00e9galement que vous pouvez exercer les droits d'acc\u00e8s, de rectification, d'annulation, de limitation, de portabilit\u00e9 et d'opposition \u00e0 vos donn\u00e9es personnelles, gratuitement par courrier \u00e9lectronique \u00e0: agarcia@leonresearch.es ou \u00e0 l'adresse: c\/Nicostrato Vela s\/n M11.2, Parque Tecnol\u00f3gico Le\u00f3n, 24009 Le\u00f3n (Espagne).<\/p>","_links":{"self":[{"href":"https:\/\/leonresearch.com\/fr\/wp-json\/wp\/v2\/pages\/5174","targetHints":{"allow":["GET"]}}],"collection":[{"href":"https:\/\/leonresearch.com\/fr\/wp-json\/wp\/v2\/pages"}],"about":[{"href":"https:\/\/leonresearch.com\/fr\/wp-json\/wp\/v2\/types\/page"}],"author":[{"embeddable":true,"href":"https:\/\/leonresearch.com\/fr\/wp-json\/wp\/v2\/users\/3"}],"replies":[{"embeddable":true,"href":"https:\/\/leonresearch.com\/fr\/wp-json\/wp\/v2\/comments?post=5174"}],"version-history":[{"count":1,"href":"https:\/\/leonresearch.com\/fr\/wp-json\/wp\/v2\/pages\/5174\/revisions"}],"predecessor-version":[{"id":5175,"href":"https:\/\/leonresearch.com\/fr\/wp-json\/wp\/v2\/pages\/5174\/revisions\/5175"}],"wp:attachment":[{"href":"https:\/\/leonresearch.com\/fr\/wp-json\/wp\/v2\/media?parent=5174"}],"curies":[{"name":"wp","href":"https:\/\/api.w.org\/{rel}","templated":true}]}}