{"id":3340,"date":"2023-07-31T16:06:52","date_gmt":"2023-07-31T14:06:52","guid":{"rendered":"https:\/\/leonresearch.com\/politica-de-calidad\/"},"modified":"2023-07-31T16:22:24","modified_gmt":"2023-07-31T14:22:24","slug":"politica-de-calidad","status":"publish","type":"page","link":"https:\/\/leonresearch.com\/es\/politica-de-calidad\/","title":{"rendered":"Porl\u00edtica de Calidad \u00b7 LE\u00d3N RESEARCH"},"content":{"rendered":"<!--themify_builder_content-->\n<div id=\"themify_builder_content-3340\" data-postid=\"3340\" class=\"themify_builder_content themify_builder_content-3340 themify_builder tf_clear\">\n                    <div  data-lazy=\"1\" class=\"module_row themify_builder_row tb_9oz3815 tb_first tf_w\">\n                        <div class=\"row_inner col_align_top tb_col_count_1 tf_box tf_rel\">\n                        <div  data-lazy=\"1\" class=\"module_column tb-column col-full tb_h2t0816 first\">\n                            <div  data-lazy=\"1\" class=\"module_subrow themify_builder_sub_row tf_w col_align_top tb_col_count_1 tb_j4d2494\">\n                <div  data-lazy=\"1\" class=\"module_column sub_column col-full tb_ibdq494 first\">\n                    <!-- module text -->\n<div  class=\"module module-text tb_lgjt628   \" data-lazy=\"1\">\n        <div  class=\"tb_text_wrap\">\n        <h1 style=\"text-align: center;\">Pol\u00edtica de Calidad \u00b7 Le\u00f3n Research<\/h1>    <\/div>\n<\/div>\n<!-- \/module text --><!-- module text -->\n<div  class=\"module module-text tb_21k2599   \" data-lazy=\"1\">\n        <div  class=\"tb_text_wrap\">\n        <p><span style=\"font-weight: 400;\">La Direcci\u00f3n de Leon Research S.L. manifiesta que constituye su voluntad y objetivo prioritario como organizaci\u00f3n, prestar la m\u00e1xima atenci\u00f3n en cada una de las actividades que ejecutamos, en cada decisi\u00f3n que adoptamos y en cada acci\u00f3n que realizamos.<\/span><\/p>\n<p><span style=\"font-weight: 400;\">Esta Pol\u00edtica de Calidad se define dentro del prop\u00f3sito de la organizaci\u00f3n que es la gesti\u00f3n, monitorizaci\u00f3n y asuntos regulatorios para la investigaci\u00f3n biom\u00e9dica y farmacovigilancia, proporcionando servicios de m\u00e1xima calidad dentro del contexto de la organizaci\u00f3n. Esta Pol\u00edtica de Calidad apoya la direcci\u00f3n estrat\u00e9gica de la organizaci\u00f3n para el establecimiento de las directrices prioritarias a seguir y proporciona un marco de referencia para establecer y revisar los objetivos de la calidad.<\/span><\/p>\n<p><span style=\"font-weight: 400;\">Por este motivo la Direcci\u00f3n ha implantado, desarrolla, mantiene y mejora continuamente el Sistema de Calidad seg\u00fan modelo de norma UNE-EN ISO 9001, reflejado en el Manual del Sistema y en todos los procedimientos relacionados.<\/span><\/p>\n<p><span style=\"font-weight: 400;\">Esta filosof\u00eda debe asumirse en cada uno de los Departamentos de Leon Research S.L. mediante el fiel compromiso de los siguientes principios:<\/span><\/p>\n<ul>\n<li><span style=\"font-weight: 400;\">Plena satisfacci\u00f3n de nuestros clientes, ofreciendo servicios que satisfagan sus expectativas. Por ello, enfocamos nuestras acciones a identificar, evaluar y definir los requisitos del cliente, sus necesidades y expectativas, con el fin de satisfacerlas.<\/span><\/li>\n<li><span style=\"font-weight: 400;\"> Cumplir toda la legislaci\u00f3n vigente, normas o requisitos legales establecidos en todos aquellos aspectos relativos a la investigaci\u00f3n cl\u00ednica, la calidad, la prevenci\u00f3n de riesgos laborales y el medio ambiente.<\/span><\/li>\n<li><span style=\"font-weight: 400;\"> Potenciar y asegurar la mejora continua del Sistema de Gesti\u00f3n de la Calidad a trav\u00e9s del establecimiento de indicadores de desempe\u00f1o, seguimiento, medici\u00f3n, an\u00e1lisis y evaluaci\u00f3n de los mismos, as\u00ed como el planteamiento de objetivos de calidad y mejora en los procesos y en todos los niveles pertinentes de la organizaci\u00f3n, buscando y fomentando la calidad en el desarrollo de sus actividades.<\/span><\/li>\n<li><span style=\"font-weight: 400;\"> Motivar en materia de cumplimiento con la calidad a todos nuestros colaboradores.<\/span><\/li>\n<li><span style=\"font-weight: 400;\"> Fomentar la comunicaci\u00f3n entre nuestros trabajadores como instrumento y v\u00eda de salida de todo el potencial creativo humano.<\/span><\/li>\n<li><span style=\"font-weight: 400;\"> Promover y aplicar la protecci\u00f3n activa de la salud y la seguridad de los trabajadores e instalaciones, como principio b\u00e1sico para el desarrollo de la actividad.<\/span><\/li>\n<li><span style=\"font-weight: 400;\"> Minimizar el impacto ambiental que garantice la gesti\u00f3n de residuos y recursos, mediante la reducci\u00f3n del consumo, reutilizaci\u00f3n, y la recuperaci\u00f3n, fomentando un consumo responsable o sostenible en la realizaci\u00f3n de las actividades y en las oficinas de la organizaci\u00f3n, siempre que sea t\u00e9cnica y econ\u00f3micamente viable, en cumplimiento con la legislaci\u00f3n vigente. \u2013 Para establecer el patr\u00f3n de calidad de nuestros servicios es determinante el cumplimiento de las exigencias contractuales con nuestros Clientes y las exigencias propias de calidad internas de nuestra organizaci\u00f3n.<\/span><\/li>\n<li><span style=\"font-weight: 400;\"> Todos los empleados de Leon Research S.L. son responsables de la calidad de su trabajo.<\/span><\/li>\n<li><span style=\"font-weight: 400;\"> Mantener un alto nivel de innovaci\u00f3n en el desarrollo y prestaci\u00f3n de nuestros servicios con el fin de una mejora continua, fomentando la formaci\u00f3n entre nuestros empleados, la mejora de los procesos de producci\u00f3n y aportando ventajas competitivas para la empresa.<\/span><\/li>\n<li><span style=\"font-weight: 400;\"> Los responsables del Sistema de Gesti\u00f3n de la Calidad de la empresa se encargar\u00e1n de impulsar y documentar esta pol\u00edtica y mantener la eficacia del Sistema de Gesti\u00f3n de Calidad. Para ello se compromete a medir, supervisar el comportamiento de la empresa y realizar revisiones peri\u00f3dicas para implementar mecanismos necesarios para dar a conocer las Pol\u00edticas descritas y llevarlas a la pr\u00e1ctica en toda nuestra actividad laboral.<\/span><\/li>\n<li><span style=\"font-weight: 400;\"> Nuestra pol\u00edtica de calidad, se basa en la formaci\u00f3n y sensibilizaci\u00f3n a todos los niveles de la organizaci\u00f3n, y de aquellos que trabajan en nuestro nombre, as\u00ed como la comunicaci\u00f3n con nuestros proveedores para que todos seamos part\u00edcipes de nuestras pol\u00edticas, y del Sistema de Gesti\u00f3n de Calidad de Le\u00f3n Research S.L.<\/span><\/li>\n<\/ul>\n<p><span style=\"font-weight: 400;\"><br><\/span><span style=\"font-weight: 400;\">La Direcci\u00f3n se compromete a divulgar, hacer entender y aplicar nuestra pol\u00edtica a todos los niveles de la organizaci\u00f3n, proveedores y terceros que tengan relaci\u00f3n con Leon Research S.L. (partes interesadas pertinentes), con el compromiso de cumplir con las l\u00edneas establecidas, estando disponible para todo aquel que desee consultarla.<\/span><\/p>\n<h3 style=\"text-align: center;\"><span style=\"font-weight: 400;\">Alfonso Garc\u00eda Ca\u00f1amaque<\/span><\/h3>\n<h3 style=\"text-align: center;\">CEO<\/h3>\n<h3 style=\"text-align: center;\"><span style=\"font-weight: 400;\">4 Enero 2022<\/span><\/h3>    <\/div>\n<\/div>\n<!-- \/module text -->        <\/div>\n                    <\/div>\n                <\/div>\n                        <\/div>\n        <\/div>\n        <\/div>\n<!--\/themify_builder_content-->","protected":false},"excerpt":{"rendered":"<p>Pol\u00edtica de Calidad \u00b7 Le\u00f3n Research<\/p>\n","protected":false},"author":3,"featured_media":0,"parent":0,"menu_order":0,"comment_status":"closed","ping_status":"closed","template":"","meta":{"footnotes":""},"class_list":["post-3340","page","type-page","status-publish","hentry","has-post-title","has-post-date","has-post-category","has-post-tag","has-post-comment","has-post-author",""],"yoast_head":"<!-- This site is optimized with the Yoast SEO plugin v27.4 - https:\/\/yoast.com\/product\/yoast-seo-wordpress\/ -->\n<title>Porl\u00edtica de Calidad \u00b7 LE\u00d3N RESEARCH &#8226; Leon Research<\/title>\n<meta name=\"robots\" content=\"noindex, nofollow\" \/>\n<meta property=\"og:locale\" content=\"es_ES\" \/>\n<meta property=\"og:type\" content=\"article\" \/>\n<meta property=\"og:title\" content=\"Porl\u00edtica de Calidad \u00b7 LE\u00d3N RESEARCH &#8226; Leon Research\" \/>\n<meta property=\"og:url\" content=\"https:\/\/leonresearch.com\/es\/politica-de-calidad\/\" \/>\n<meta property=\"og:site_name\" content=\"Leon Research\" \/>\n<meta property=\"article:modified_time\" content=\"2023-07-31T14:22:24+00:00\" \/>\n<meta property=\"og:image\" content=\"https:\/\/leonresearch.com\/wp-content\/uploads\/2023\/07\/logo-ok-leonresearchpng.png\" \/>\n\t<meta property=\"og:image:width\" content=\"333\" \/>\n\t<meta property=\"og:image:height\" content=\"82\" \/>\n\t<meta property=\"og:image:type\" content=\"image\/png\" \/>\n<meta name=\"twitter:card\" content=\"summary_large_image\" \/>\n<script type=\"application\/ld+json\" class=\"yoast-schema-graph\">{\"@context\":\"https:\\\/\\\/schema.org\",\"@graph\":[{\"@type\":\"WebPage\",\"@id\":\"https:\\\/\\\/leonresearch.com\\\/es\\\/politica-de-calidad\\\/\",\"url\":\"https:\\\/\\\/leonresearch.com\\\/es\\\/politica-de-calidad\\\/\",\"name\":\"Porl\u00edtica de Calidad \u00b7 LE\u00d3N RESEARCH &#8226; Leon Research\",\"isPartOf\":{\"@id\":\"https:\\\/\\\/leonresearch.com\\\/es\\\/#website\"},\"datePublished\":\"2023-07-31T14:06:52+00:00\",\"dateModified\":\"2023-07-31T14:22:24+00:00\",\"breadcrumb\":{\"@id\":\"https:\\\/\\\/leonresearch.com\\\/es\\\/politica-de-calidad\\\/#breadcrumb\"},\"inLanguage\":\"es\",\"potentialAction\":[{\"@type\":\"ReadAction\",\"target\":[\"https:\\\/\\\/leonresearch.com\\\/es\\\/politica-de-calidad\\\/\"]}]},{\"@type\":\"BreadcrumbList\",\"@id\":\"https:\\\/\\\/leonresearch.com\\\/es\\\/politica-de-calidad\\\/#breadcrumb\",\"itemListElement\":[{\"@type\":\"ListItem\",\"position\":1,\"name\":\"Home\",\"item\":\"https:\\\/\\\/leonresearch.com\\\/es\\\/\"},{\"@type\":\"ListItem\",\"position\":2,\"name\":\"Porl\u00edtica de Calidad \u00b7 LE\u00d3N RESEARCH\"}]},{\"@type\":\"WebSite\",\"@id\":\"https:\\\/\\\/leonresearch.com\\\/es\\\/#website\",\"url\":\"https:\\\/\\\/leonresearch.com\\\/es\\\/\",\"name\":\"Leon Research\",\"description\":\"Leon Research - CRO Contract Research Organization\",\"publisher\":{\"@id\":\"https:\\\/\\\/leonresearch.com\\\/es\\\/#organization\"},\"alternateName\":\"Contract Research Organization (CRO)\",\"potentialAction\":[{\"@type\":\"SearchAction\",\"target\":{\"@type\":\"EntryPoint\",\"urlTemplate\":\"https:\\\/\\\/leonresearch.com\\\/es\\\/?s={search_term_string}\"},\"query-input\":{\"@type\":\"PropertyValueSpecification\",\"valueRequired\":true,\"valueName\":\"search_term_string\"}}],\"inLanguage\":\"es\"},{\"@type\":\"Organization\",\"@id\":\"https:\\\/\\\/leonresearch.com\\\/es\\\/#organization\",\"name\":\"Leon Reseach\",\"alternateName\":\"Contract Research Organization (CRO)\",\"url\":\"https:\\\/\\\/leonresearch.com\\\/es\\\/\",\"logo\":{\"@type\":\"ImageObject\",\"inLanguage\":\"es\",\"@id\":\"https:\\\/\\\/leonresearch.com\\\/es\\\/#\\\/schema\\\/logo\\\/image\\\/\",\"url\":\"https:\\\/\\\/leonresearch.com\\\/wp-content\\\/uploads\\\/2023\\\/07\\\/icono-LRhome.png\",\"contentUrl\":\"https:\\\/\\\/leonresearch.com\\\/wp-content\\\/uploads\\\/2023\\\/07\\\/icono-LRhome.png\",\"width\":111,\"height\":111,\"caption\":\"Leon Reseach\"},\"image\":{\"@id\":\"https:\\\/\\\/leonresearch.com\\\/es\\\/#\\\/schema\\\/logo\\\/image\\\/\"},\"sameAs\":[\"https:\\\/\\\/es.linkedin.com\\\/company\\\/leon-research\"]}]}<\/script>\n<!-- \/ Yoast SEO plugin. -->","yoast_head_json":{"title":"Porl\u00edtica de Calidad \u00b7 LE\u00d3N RESEARCH &#8226; Leon Research","robots":{"index":"noindex","follow":"nofollow"},"og_locale":"es_ES","og_type":"article","og_title":"Porl\u00edtica de Calidad \u00b7 LE\u00d3N RESEARCH &#8226; Leon Research","og_url":"https:\/\/leonresearch.com\/es\/politica-de-calidad\/","og_site_name":"Leon Research","article_modified_time":"2023-07-31T14:22:24+00:00","og_image":[{"width":333,"height":82,"url":"https:\/\/leonresearch.com\/wp-content\/uploads\/2023\/07\/logo-ok-leonresearchpng.png","type":"image\/png"}],"twitter_card":"summary_large_image","schema":{"@context":"https:\/\/schema.org","@graph":[{"@type":"WebPage","@id":"https:\/\/leonresearch.com\/es\/politica-de-calidad\/","url":"https:\/\/leonresearch.com\/es\/politica-de-calidad\/","name":"Porl\u00edtica de Calidad \u00b7 LE\u00d3N RESEARCH &#8226; Leon Research","isPartOf":{"@id":"https:\/\/leonresearch.com\/es\/#website"},"datePublished":"2023-07-31T14:06:52+00:00","dateModified":"2023-07-31T14:22:24+00:00","breadcrumb":{"@id":"https:\/\/leonresearch.com\/es\/politica-de-calidad\/#breadcrumb"},"inLanguage":"es","potentialAction":[{"@type":"ReadAction","target":["https:\/\/leonresearch.com\/es\/politica-de-calidad\/"]}]},{"@type":"BreadcrumbList","@id":"https:\/\/leonresearch.com\/es\/politica-de-calidad\/#breadcrumb","itemListElement":[{"@type":"ListItem","position":1,"name":"Home","item":"https:\/\/leonresearch.com\/es\/"},{"@type":"ListItem","position":2,"name":"Porl\u00edtica de Calidad \u00b7 LE\u00d3N RESEARCH"}]},{"@type":"WebSite","@id":"https:\/\/leonresearch.com\/es\/#website","url":"https:\/\/leonresearch.com\/es\/","name":"Leon Research","description":"Leon Research - CRO Contract Research Organization","publisher":{"@id":"https:\/\/leonresearch.com\/es\/#organization"},"alternateName":"Contract Research Organization (CRO)","potentialAction":[{"@type":"SearchAction","target":{"@type":"EntryPoint","urlTemplate":"https:\/\/leonresearch.com\/es\/?s={search_term_string}"},"query-input":{"@type":"PropertyValueSpecification","valueRequired":true,"valueName":"search_term_string"}}],"inLanguage":"es"},{"@type":"Organization","@id":"https:\/\/leonresearch.com\/es\/#organization","name":"Leon Reseach","alternateName":"Contract Research Organization (CRO)","url":"https:\/\/leonresearch.com\/es\/","logo":{"@type":"ImageObject","inLanguage":"es","@id":"https:\/\/leonresearch.com\/es\/#\/schema\/logo\/image\/","url":"https:\/\/leonresearch.com\/wp-content\/uploads\/2023\/07\/icono-LRhome.png","contentUrl":"https:\/\/leonresearch.com\/wp-content\/uploads\/2023\/07\/icono-LRhome.png","width":111,"height":111,"caption":"Leon Reseach"},"image":{"@id":"https:\/\/leonresearch.com\/es\/#\/schema\/logo\/image\/"},"sameAs":["https:\/\/es.linkedin.com\/company\/leon-research"]}]}},"builder_content":"<h1 style=\"text-align: center;\">Pol\u00edtica de Calidad \u00b7 Le\u00f3n Research<\/h1>\n<p>La Direcci\u00f3n de Leon Research S.L. manifiesta que constituye su voluntad y objetivo prioritario como organizaci\u00f3n, prestar la m\u00e1xima atenci\u00f3n en cada una de las actividades que ejecutamos, en cada decisi\u00f3n que adoptamos y en cada acci\u00f3n que realizamos.<\/p> <p>Esta Pol\u00edtica de Calidad se define dentro del prop\u00f3sito de la organizaci\u00f3n que es la gesti\u00f3n, monitorizaci\u00f3n y asuntos regulatorios para la investigaci\u00f3n biom\u00e9dica y farmacovigilancia, proporcionando servicios de m\u00e1xima calidad dentro del contexto de la organizaci\u00f3n. Esta Pol\u00edtica de Calidad apoya la direcci\u00f3n estrat\u00e9gica de la organizaci\u00f3n para el establecimiento de las directrices prioritarias a seguir y proporciona un marco de referencia para establecer y revisar los objetivos de la calidad.<\/p> <p>Por este motivo la Direcci\u00f3n ha implantado, desarrolla, mantiene y mejora continuamente el Sistema de Calidad seg\u00fan modelo de norma UNE-EN ISO 9001, reflejado en el Manual del Sistema y en todos los procedimientos relacionados.<\/p> <p>Esta filosof\u00eda debe asumirse en cada uno de los Departamentos de Leon Research S.L. mediante el fiel compromiso de los siguientes principios:<\/p> <ul> <li>Plena satisfacci\u00f3n de nuestros clientes, ofreciendo servicios que satisfagan sus expectativas. Por ello, enfocamos nuestras acciones a identificar, evaluar y definir los requisitos del cliente, sus necesidades y expectativas, con el fin de satisfacerlas.<\/li> <li> Cumplir toda la legislaci\u00f3n vigente, normas o requisitos legales establecidos en todos aquellos aspectos relativos a la investigaci\u00f3n cl\u00ednica, la calidad, la prevenci\u00f3n de riesgos laborales y el medio ambiente.<\/li> <li> Potenciar y asegurar la mejora continua del Sistema de Gesti\u00f3n de la Calidad a trav\u00e9s del establecimiento de indicadores de desempe\u00f1o, seguimiento, medici\u00f3n, an\u00e1lisis y evaluaci\u00f3n de los mismos, as\u00ed como el planteamiento de objetivos de calidad y mejora en los procesos y en todos los niveles pertinentes de la organizaci\u00f3n, buscando y fomentando la calidad en el desarrollo de sus actividades.<\/li> <li> Motivar en materia de cumplimiento con la calidad a todos nuestros colaboradores.<\/li> <li> Fomentar la comunicaci\u00f3n entre nuestros trabajadores como instrumento y v\u00eda de salida de todo el potencial creativo humano.<\/li> <li> Promover y aplicar la protecci\u00f3n activa de la salud y la seguridad de los trabajadores e instalaciones, como principio b\u00e1sico para el desarrollo de la actividad.<\/li> <li> Minimizar el impacto ambiental que garantice la gesti\u00f3n de residuos y recursos, mediante la reducci\u00f3n del consumo, reutilizaci\u00f3n, y la recuperaci\u00f3n, fomentando un consumo responsable o sostenible en la realizaci\u00f3n de las actividades y en las oficinas de la organizaci\u00f3n, siempre que sea t\u00e9cnica y econ\u00f3micamente viable, en cumplimiento con la legislaci\u00f3n vigente. \u2013 Para establecer el patr\u00f3n de calidad de nuestros servicios es determinante el cumplimiento de las exigencias contractuales con nuestros Clientes y las exigencias propias de calidad internas de nuestra organizaci\u00f3n.<\/li> <li> Todos los empleados de Leon Research S.L. son responsables de la calidad de su trabajo.<\/li> <li> Mantener un alto nivel de innovaci\u00f3n en el desarrollo y prestaci\u00f3n de nuestros servicios con el fin de una mejora continua, fomentando la formaci\u00f3n entre nuestros empleados, la mejora de los procesos de producci\u00f3n y aportando ventajas competitivas para la empresa.<\/li> <li> Los responsables del Sistema de Gesti\u00f3n de la Calidad de la empresa se encargar\u00e1n de impulsar y documentar esta pol\u00edtica y mantener la eficacia del Sistema de Gesti\u00f3n de Calidad. Para ello se compromete a medir, supervisar el comportamiento de la empresa y realizar revisiones peri\u00f3dicas para implementar mecanismos necesarios para dar a conocer las Pol\u00edticas descritas y llevarlas a la pr\u00e1ctica en toda nuestra actividad laboral.<\/li> <li> Nuestra pol\u00edtica de calidad, se basa en la formaci\u00f3n y sensibilizaci\u00f3n a todos los niveles de la organizaci\u00f3n, y de aquellos que trabajan en nuestro nombre, as\u00ed como la comunicaci\u00f3n con nuestros proveedores para que todos seamos part\u00edcipes de nuestras pol\u00edticas, y del Sistema de Gesti\u00f3n de Calidad de Le\u00f3n Research S.L.<\/li> <\/ul> <p><br>La Direcci\u00f3n se compromete a divulgar, hacer entender y aplicar nuestra pol\u00edtica a todos los niveles de la organizaci\u00f3n, proveedores y terceros que tengan relaci\u00f3n con Leon Research S.L. (partes interesadas pertinentes), con el compromiso de cumplir con las l\u00edneas establecidas, estando disponible para todo aquel que desee consultarla.<\/p> <h3 style=\"text-align: center;\">Alfonso Garc\u00eda Ca\u00f1amaque<\/h3> <h3 style=\"text-align: center;\">CEO<\/h3> <h3 style=\"text-align: center;\">4 Enero 2022<\/h3>","_links":{"self":[{"href":"https:\/\/leonresearch.com\/es\/wp-json\/wp\/v2\/pages\/3340","targetHints":{"allow":["GET"]}}],"collection":[{"href":"https:\/\/leonresearch.com\/es\/wp-json\/wp\/v2\/pages"}],"about":[{"href":"https:\/\/leonresearch.com\/es\/wp-json\/wp\/v2\/types\/page"}],"author":[{"embeddable":true,"href":"https:\/\/leonresearch.com\/es\/wp-json\/wp\/v2\/users\/3"}],"replies":[{"embeddable":true,"href":"https:\/\/leonresearch.com\/es\/wp-json\/wp\/v2\/comments?post=3340"}],"version-history":[{"count":1,"href":"https:\/\/leonresearch.com\/es\/wp-json\/wp\/v2\/pages\/3340\/revisions"}],"predecessor-version":[{"id":3341,"href":"https:\/\/leonresearch.com\/es\/wp-json\/wp\/v2\/pages\/3340\/revisions\/3341"}],"wp:attachment":[{"href":"https:\/\/leonresearch.com\/es\/wp-json\/wp\/v2\/media?parent=3340"}],"curies":[{"name":"wp","href":"https:\/\/api.w.org\/{rel}","templated":true}]}}