{"id":2217,"date":"2023-07-13T09:55:37","date_gmt":"2023-07-13T09:55:37","guid":{"rendered":"https:\/\/leonresearch.com\/aviso-legal\/"},"modified":"2023-07-17T05:44:04","modified_gmt":"2023-07-17T05:44:04","slug":"aviso-legal","status":"publish","type":"page","link":"https:\/\/leonresearch.com\/es\/aviso-legal\/","title":{"rendered":"Aviso Legal"},"content":{"rendered":"<!--themify_builder_content-->\n<div id=\"themify_builder_content-2217\" data-postid=\"2217\" class=\"themify_builder_content themify_builder_content-2217 themify_builder tf_clear\">\n                    <div  data-lazy=\"1\" class=\"module_row themify_builder_row tb_zjs2760 tb_first tf_w\">\n                        <div class=\"row_inner col_align_top tb_col_count_1 tf_box tf_rel\">\n                        <div  data-lazy=\"1\" class=\"module_column tb-column col-full tb_v3vg761 first\">\n                    <!-- module text -->\n<div  class=\"module module-text tb_dl7a906   \" data-lazy=\"1\">\n        <div  class=\"tb_text_wrap\">\n        <h1>Aviso Legal<\/h1>\n<p style=\"margin: 0cm 0cm 15.0pt 0cm;\"><span style=\"font-family: 'Lato',sans-serif; color: #666666;\">Le\u00f3n Research, S.L., con CIF\/NIF n\u00ba: B24568032 y direcci\u00f3n en: C\/Nicostrato Vela s\/n M11.2, Parque Tecnol\u00f3gico Le\u00f3n, 24009 Le\u00f3n (Espa\u00f1a) , no puede asumir ninguna responsabilidad derivada del uso incorrecto, inapropiado o il\u00edcito de la informaci\u00f3n aparecida en las p\u00e1ginas web de: www.leonresearch.com; http:\/\/orusresearch.com\/<\/span><\/p>\n<p style=\"margin: 0cm; box-sizing: border-box; caret-color: #666666;\"><span style=\"font-family: 'Lato',sans-serif; color: #666666;\">Que Le\u00f3n Research, S.L. consta inscrita en el Registro Mercantil de Le\u00f3n,<br style=\"box-sizing: border-box;\">Tomo 1127, Libro 0, Folio 62, Secci\u00f3n 8, Hoja LE 18578, inscripci\u00f3n 1.<\/span><\/p>\n<p style=\"box-sizing: border-box; caret-color: #666666; margin: 0cm 0cm 15.0pt 0cm;\"><span style=\"font-family: 'Lato',sans-serif; color: #666666;\">Con los l\u00edmites establecidos en la ley, Le\u00f3n Research, S.L. no asume ninguna responsabilidad derivada de la falta de veracidad, integridad, actualizaci\u00f3n y precisi\u00f3n de los datos o informaciones que contienen sus p\u00e1ginas web.<\/span><\/p>\n<p style=\"box-sizing: border-box; caret-color: #666666; margin: 0cm 0cm 15.0pt 0cm;\"><span style=\"font-family: 'Lato',sans-serif; color: #666666;\">Los contenidos e informaci\u00f3n no vinculan a Le\u00f3n Research, S.L. ni constituyen opiniones, consejos o asesoramiento legal de ning\u00fan tipo pues se trata meramente de un servicio ofrecido con car\u00e1cter informativo y divulgativo.<\/span><\/p>\n<p style=\"box-sizing: border-box; caret-color: #666666; margin: 0cm 0cm 15.0pt 0cm;\"><span style=\"font-family: 'Lato',sans-serif; color: #666666;\">Las p\u00e1ginas de Internet de Le\u00f3n Research, S.L. pueden contener enlaces (links) a otras p\u00e1ginas de terceras partes que Le\u00f3n Research, S.L. no puede controlar Por lo tanto, Le\u00f3n Research, S.L. no puede asumir responsabilidades por el contenido que pueda aparecer en p\u00e1ginas de terceros.<\/span><\/p>\n<p style=\"margin: 0cm; box-sizing: border-box; caret-color: #666666;\"><span style=\"font-family: 'Lato',sans-serif; color: #666666;\">Los textos, im\u00e1genes, sonidos, animaciones, software y el resto de contenidos incluidos en este website son propiedad exclusiva de Le\u00f3n Research, S.L. o sus licenciantes. Cualquier acto de transmisi\u00f3n, distribuci\u00f3n, cesi\u00f3n, reproducci\u00f3n, almacenamiento o comunicaci\u00f3n p\u00fablica total o parcial,<br style=\"box-sizing: border-box;\">deber\u00e1 contar con el consentimiento expreso de Le\u00f3n Research, S.L..<\/span><\/p>\n<p style=\"box-sizing: border-box; caret-color: #666666; margin: 0cm 0cm 15.0pt 0cm;\"><span style=\"font-family: 'Lato',sans-serif; color: #666666;\">Asimismo, para acceder a algunos de los servicios que Le\u00f3n Research, S.L. ofrece a trav\u00e9s del sitio web, deber\u00e1 proporcionar algunos datos de car\u00e1cter personal.<\/span><\/p>\n<p style=\"box-sizing: border-box; caret-color: #666666; margin: 0cm 0cm 15.0pt 0cm;\"><span style=\"font-family: 'Lato',sans-serif; color: #666666;\">En cumplimiento de lo establecido en el Reglamento (UE) 2016\/679 del Parlamento Europeo y del Consejo, de 27 de abril de 2016, relativo a la protecci\u00f3n de las personas f\u00edsicas en lo que respecta al tratamiento de datos personales y a la libre circulaci\u00f3n de estos datos le informamos que, mediante la cumplimentaci\u00f3n de los presentes formularios, sus datos personales quedar\u00e1n incorporados y ser\u00e1n tratados en los ficheros de Le\u00f3n Research, S.L. con el fin de poderle prestar y ofrecer nuestros servicios as\u00ed como para informarle de las mejoras del sitio Web.<\/span><\/p>\n<p style=\"margin: 0cm; box-sizing: border-box; caret-color: #666666;\"><span style=\"font-family: 'Lato',sans-serif; color: #666666;\">Le informamos tambi\u00e9n de que tendr\u00e1 la posibilidad en todo momento de ejercer los derechos de acceso, rectificaci\u00f3n, cancelaci\u00f3n, oposici\u00f3n, limitaci\u00f3n y portabilidad de sus datos de car\u00e1cter personal, de manera gratuita mediante email a: agarcia@leonresearch.es o en la direcci\u00f3n: c\/Nicostrato Vela s\/n M11.2, Parque Tecnol\u00f3gico Le\u00f3n, 24009 Le\u00f3n (Espa\u00f1a).<\/span><\/p>    <\/div>\n<\/div>\n<!-- \/module text -->        <\/div>\n                        <\/div>\n        <\/div>\n        <\/div>\n<!--\/themify_builder_content-->","protected":false},"excerpt":{"rendered":"<p>Aviso Legal Le\u00f3n Research, S.L., con CIF\/NIF n\u00ba: B24568032 y direcci\u00f3n en: C\/Nicostrato Vela s\/n M11.2, Parque Tecnol\u00f3gico Le\u00f3n, 24009 Le\u00f3n (Espa\u00f1a) , no puede asumir ninguna responsabilidad derivada del uso incorrecto, inapropiado o il\u00edcito de la informaci\u00f3n aparecida en las p\u00e1ginas web de: www.leonresearch.com; http:\/\/orusresearch.com\/ Que Le\u00f3n Research, S.L. consta inscrita en el Registro [&hellip;]<\/p>\n","protected":false},"author":3,"featured_media":0,"parent":0,"menu_order":0,"comment_status":"closed","ping_status":"closed","template":"","meta":{"footnotes":""},"class_list":["post-2217","page","type-page","status-publish","hentry","has-post-title","has-post-date","has-post-category","has-post-tag","has-post-comment","has-post-author",""],"yoast_head":"<!-- This site is optimized with the Yoast SEO plugin v27.3 - https:\/\/yoast.com\/product\/yoast-seo-wordpress\/ -->\n<title>Aviso Legal &#8226; Leon Research<\/title>\n<meta name=\"robots\" content=\"noindex, nofollow\" \/>\n<meta property=\"og:locale\" content=\"es_ES\" \/>\n<meta property=\"og:type\" content=\"article\" \/>\n<meta property=\"og:title\" content=\"Aviso Legal &#8226; Leon Research\" \/>\n<meta property=\"og:url\" content=\"https:\/\/leonresearch.com\/es\/aviso-legal\/\" \/>\n<meta property=\"og:site_name\" content=\"Leon Research\" \/>\n<meta property=\"article:modified_time\" content=\"2023-07-17T05:44:04+00:00\" \/>\n<meta property=\"og:image\" content=\"https:\/\/leonresearch.com\/wp-content\/uploads\/2023\/07\/logo-ok-leonresearchpng.png\" \/>\n\t<meta property=\"og:image:width\" content=\"333\" \/>\n\t<meta property=\"og:image:height\" content=\"82\" \/>\n\t<meta property=\"og:image:type\" content=\"image\/png\" \/>\n<meta name=\"twitter:card\" content=\"summary_large_image\" \/>\n<script type=\"application\/ld+json\" class=\"yoast-schema-graph\">{\"@context\":\"https:\\\/\\\/schema.org\",\"@graph\":[{\"@type\":\"WebPage\",\"@id\":\"https:\\\/\\\/leonresearch.com\\\/es\\\/aviso-legal\\\/\",\"url\":\"https:\\\/\\\/leonresearch.com\\\/es\\\/aviso-legal\\\/\",\"name\":\"Aviso Legal &#8226; Leon Research\",\"isPartOf\":{\"@id\":\"https:\\\/\\\/leonresearch.com\\\/es\\\/#website\"},\"datePublished\":\"2023-07-13T09:55:37+00:00\",\"dateModified\":\"2023-07-17T05:44:04+00:00\",\"breadcrumb\":{\"@id\":\"https:\\\/\\\/leonresearch.com\\\/es\\\/aviso-legal\\\/#breadcrumb\"},\"inLanguage\":\"es\",\"potentialAction\":[{\"@type\":\"ReadAction\",\"target\":[\"https:\\\/\\\/leonresearch.com\\\/es\\\/aviso-legal\\\/\"]}]},{\"@type\":\"BreadcrumbList\",\"@id\":\"https:\\\/\\\/leonresearch.com\\\/es\\\/aviso-legal\\\/#breadcrumb\",\"itemListElement\":[{\"@type\":\"ListItem\",\"position\":1,\"name\":\"Home\",\"item\":\"https:\\\/\\\/leonresearch.com\\\/es\\\/\"},{\"@type\":\"ListItem\",\"position\":2,\"name\":\"Aviso Legal\"}]},{\"@type\":\"WebSite\",\"@id\":\"https:\\\/\\\/leonresearch.com\\\/es\\\/#website\",\"url\":\"https:\\\/\\\/leonresearch.com\\\/es\\\/\",\"name\":\"Leon Research\",\"description\":\"Leon Research - CRO Contract Research Organization\",\"publisher\":{\"@id\":\"https:\\\/\\\/leonresearch.com\\\/es\\\/#organization\"},\"alternateName\":\"Contract Research Organization (CRO)\",\"potentialAction\":[{\"@type\":\"SearchAction\",\"target\":{\"@type\":\"EntryPoint\",\"urlTemplate\":\"https:\\\/\\\/leonresearch.com\\\/es\\\/?s={search_term_string}\"},\"query-input\":{\"@type\":\"PropertyValueSpecification\",\"valueRequired\":true,\"valueName\":\"search_term_string\"}}],\"inLanguage\":\"es\"},{\"@type\":\"Organization\",\"@id\":\"https:\\\/\\\/leonresearch.com\\\/es\\\/#organization\",\"name\":\"Leon Reseach\",\"alternateName\":\"Contract Research Organization (CRO)\",\"url\":\"https:\\\/\\\/leonresearch.com\\\/es\\\/\",\"logo\":{\"@type\":\"ImageObject\",\"inLanguage\":\"es\",\"@id\":\"https:\\\/\\\/leonresearch.com\\\/es\\\/#\\\/schema\\\/logo\\\/image\\\/\",\"url\":\"https:\\\/\\\/leonresearch.com\\\/wp-content\\\/uploads\\\/2023\\\/07\\\/icono-LRhome.png\",\"contentUrl\":\"https:\\\/\\\/leonresearch.com\\\/wp-content\\\/uploads\\\/2023\\\/07\\\/icono-LRhome.png\",\"width\":111,\"height\":111,\"caption\":\"Leon Reseach\"},\"image\":{\"@id\":\"https:\\\/\\\/leonresearch.com\\\/es\\\/#\\\/schema\\\/logo\\\/image\\\/\"},\"sameAs\":[\"https:\\\/\\\/es.linkedin.com\\\/company\\\/leon-research\"]}]}<\/script>\n<!-- \/ Yoast SEO plugin. -->","yoast_head_json":{"title":"Aviso Legal &#8226; Leon Research","robots":{"index":"noindex","follow":"nofollow"},"og_locale":"es_ES","og_type":"article","og_title":"Aviso Legal &#8226; Leon Research","og_url":"https:\/\/leonresearch.com\/es\/aviso-legal\/","og_site_name":"Leon Research","article_modified_time":"2023-07-17T05:44:04+00:00","og_image":[{"width":333,"height":82,"url":"https:\/\/leonresearch.com\/wp-content\/uploads\/2023\/07\/logo-ok-leonresearchpng.png","type":"image\/png"}],"twitter_card":"summary_large_image","schema":{"@context":"https:\/\/schema.org","@graph":[{"@type":"WebPage","@id":"https:\/\/leonresearch.com\/es\/aviso-legal\/","url":"https:\/\/leonresearch.com\/es\/aviso-legal\/","name":"Aviso Legal &#8226; Leon Research","isPartOf":{"@id":"https:\/\/leonresearch.com\/es\/#website"},"datePublished":"2023-07-13T09:55:37+00:00","dateModified":"2023-07-17T05:44:04+00:00","breadcrumb":{"@id":"https:\/\/leonresearch.com\/es\/aviso-legal\/#breadcrumb"},"inLanguage":"es","potentialAction":[{"@type":"ReadAction","target":["https:\/\/leonresearch.com\/es\/aviso-legal\/"]}]},{"@type":"BreadcrumbList","@id":"https:\/\/leonresearch.com\/es\/aviso-legal\/#breadcrumb","itemListElement":[{"@type":"ListItem","position":1,"name":"Home","item":"https:\/\/leonresearch.com\/es\/"},{"@type":"ListItem","position":2,"name":"Aviso Legal"}]},{"@type":"WebSite","@id":"https:\/\/leonresearch.com\/es\/#website","url":"https:\/\/leonresearch.com\/es\/","name":"Leon Research","description":"Leon Research - CRO Contract Research Organization","publisher":{"@id":"https:\/\/leonresearch.com\/es\/#organization"},"alternateName":"Contract Research Organization (CRO)","potentialAction":[{"@type":"SearchAction","target":{"@type":"EntryPoint","urlTemplate":"https:\/\/leonresearch.com\/es\/?s={search_term_string}"},"query-input":{"@type":"PropertyValueSpecification","valueRequired":true,"valueName":"search_term_string"}}],"inLanguage":"es"},{"@type":"Organization","@id":"https:\/\/leonresearch.com\/es\/#organization","name":"Leon Reseach","alternateName":"Contract Research Organization (CRO)","url":"https:\/\/leonresearch.com\/es\/","logo":{"@type":"ImageObject","inLanguage":"es","@id":"https:\/\/leonresearch.com\/es\/#\/schema\/logo\/image\/","url":"https:\/\/leonresearch.com\/wp-content\/uploads\/2023\/07\/icono-LRhome.png","contentUrl":"https:\/\/leonresearch.com\/wp-content\/uploads\/2023\/07\/icono-LRhome.png","width":111,"height":111,"caption":"Leon Reseach"},"image":{"@id":"https:\/\/leonresearch.com\/es\/#\/schema\/logo\/image\/"},"sameAs":["https:\/\/es.linkedin.com\/company\/leon-research"]}]}},"builder_content":"<h1>Aviso Legal<\/h1> <p style=\"margin: 0cm 0cm 15.0pt 0cm;\">Le\u00f3n Research, S.L., con CIF\/NIF n\u00ba: B24568032 y direcci\u00f3n en: C\/Nicostrato Vela s\/n M11.2, Parque Tecnol\u00f3gico Le\u00f3n, 24009 Le\u00f3n (Espa\u00f1a) , no puede asumir ninguna responsabilidad derivada del uso incorrecto, inapropiado o il\u00edcito de la informaci\u00f3n aparecida en las p\u00e1ginas web de: www.leonresearch.com; http:\/\/orusresearch.com\/<\/p> <p style=\"margin: 0cm; box-sizing: border-box; caret-color: #666666;\">Que Le\u00f3n Research, S.L. consta inscrita en el Registro Mercantil de Le\u00f3n,<br style=\"box-sizing: border-box;\">Tomo 1127, Libro 0, Folio 62, Secci\u00f3n 8, Hoja LE 18578, inscripci\u00f3n 1.<\/p> <p style=\"box-sizing: border-box; caret-color: #666666; margin: 0cm 0cm 15.0pt 0cm;\">Con los l\u00edmites establecidos en la ley, Le\u00f3n Research, S.L. no asume ninguna responsabilidad derivada de la falta de veracidad, integridad, actualizaci\u00f3n y precisi\u00f3n de los datos o informaciones que contienen sus p\u00e1ginas web.<\/p> <p style=\"box-sizing: border-box; caret-color: #666666; margin: 0cm 0cm 15.0pt 0cm;\">Los contenidos e informaci\u00f3n no vinculan a Le\u00f3n Research, S.L. ni constituyen opiniones, consejos o asesoramiento legal de ning\u00fan tipo pues se trata meramente de un servicio ofrecido con car\u00e1cter informativo y divulgativo.<\/p> <p style=\"box-sizing: border-box; caret-color: #666666; margin: 0cm 0cm 15.0pt 0cm;\">Las p\u00e1ginas de Internet de Le\u00f3n Research, S.L. pueden contener enlaces (links) a otras p\u00e1ginas de terceras partes que Le\u00f3n Research, S.L. no puede controlar Por lo tanto, Le\u00f3n Research, S.L. no puede asumir responsabilidades por el contenido que pueda aparecer en p\u00e1ginas de terceros.<\/p> <p style=\"margin: 0cm; box-sizing: border-box; caret-color: #666666;\">Los textos, im\u00e1genes, sonidos, animaciones, software y el resto de contenidos incluidos en este website son propiedad exclusiva de Le\u00f3n Research, S.L. o sus licenciantes. Cualquier acto de transmisi\u00f3n, distribuci\u00f3n, cesi\u00f3n, reproducci\u00f3n, almacenamiento o comunicaci\u00f3n p\u00fablica total o parcial,<br style=\"box-sizing: border-box;\">deber\u00e1 contar con el consentimiento expreso de Le\u00f3n Research, S.L..<\/p> <p style=\"box-sizing: border-box; caret-color: #666666; margin: 0cm 0cm 15.0pt 0cm;\">Asimismo, para acceder a algunos de los servicios que Le\u00f3n Research, S.L. ofrece a trav\u00e9s del sitio web, deber\u00e1 proporcionar algunos datos de car\u00e1cter personal.<\/p> <p style=\"box-sizing: border-box; caret-color: #666666; margin: 0cm 0cm 15.0pt 0cm;\">En cumplimiento de lo establecido en el Reglamento (UE) 2016\/679 del Parlamento Europeo y del Consejo, de 27 de abril de 2016, relativo a la protecci\u00f3n de las personas f\u00edsicas en lo que respecta al tratamiento de datos personales y a la libre circulaci\u00f3n de estos datos le informamos que, mediante la cumplimentaci\u00f3n de los presentes formularios, sus datos personales quedar\u00e1n incorporados y ser\u00e1n tratados en los ficheros de Le\u00f3n Research, S.L. con el fin de poderle prestar y ofrecer nuestros servicios as\u00ed como para informarle de las mejoras del sitio Web.<\/p> <p style=\"margin: 0cm; box-sizing: border-box; caret-color: #666666;\">Le informamos tambi\u00e9n de que tendr\u00e1 la posibilidad en todo momento de ejercer los derechos de acceso, rectificaci\u00f3n, cancelaci\u00f3n, oposici\u00f3n, limitaci\u00f3n y portabilidad de sus datos de car\u00e1cter personal, de manera gratuita mediante email a: agarcia@leonresearch.es o en la direcci\u00f3n: c\/Nicostrato Vela s\/n M11.2, Parque Tecnol\u00f3gico Le\u00f3n, 24009 Le\u00f3n (Espa\u00f1a).<\/p>","_links":{"self":[{"href":"https:\/\/leonresearch.com\/es\/wp-json\/wp\/v2\/pages\/2217","targetHints":{"allow":["GET"]}}],"collection":[{"href":"https:\/\/leonresearch.com\/es\/wp-json\/wp\/v2\/pages"}],"about":[{"href":"https:\/\/leonresearch.com\/es\/wp-json\/wp\/v2\/types\/page"}],"author":[{"embeddable":true,"href":"https:\/\/leonresearch.com\/es\/wp-json\/wp\/v2\/users\/3"}],"replies":[{"embeddable":true,"href":"https:\/\/leonresearch.com\/es\/wp-json\/wp\/v2\/comments?post=2217"}],"version-history":[{"count":1,"href":"https:\/\/leonresearch.com\/es\/wp-json\/wp\/v2\/pages\/2217\/revisions"}],"predecessor-version":[{"id":2218,"href":"https:\/\/leonresearch.com\/es\/wp-json\/wp\/v2\/pages\/2217\/revisions\/2218"}],"wp:attachment":[{"href":"https:\/\/leonresearch.com\/es\/wp-json\/wp\/v2\/media?parent=2217"}],"curies":[{"name":"wp","href":"https:\/\/api.w.org\/{rel}","templated":true}]}}